{"id":600,"date":"2020-01-06T15:02:18","date_gmt":"2020-01-06T14:02:18","guid":{"rendered":"http:\/\/dev.sueverkruep.org\/smart\/?page_id=600"},"modified":"2020-05-26T15:34:04","modified_gmt":"2020-05-26T13:34:04","slug":"kontakt-inzahlungnahme","status":"publish","type":"page","link":"https:\/\/www.sueverkruep.de\/smart\/kontakt-inzahlungnahme\/","title":{"rendered":"Kontakt Inzahlungnahme"},"content":{"rendered":"","protected":false},"excerpt":{"rendered":"","protected":false},"author":18,"featured_media":0,"parent":0,"menu_order":0,"comment_status":"closed","ping_status":"closed","template":"page-template\/page-flexibleContent.php","meta":{"footnotes":""},"class_list":["post-600","page","type-page","status-publish","hentry"],"acf":[],"yoast_head":"<!-- This site is optimized with the Yoast SEO plugin v27.4 - https:\/\/yoast.com\/product\/yoast-seo-wordpress\/ -->\n<title>Sie m\u00f6chten ihr altes Fahrzeug Inzahlung geben?<\/title>\n<meta name=\"description\" content=\"Vereinbaren Sie heute noch einen Termin mit uns.\" \/>\n<meta name=\"robots\" content=\"index, follow, max-snippet:-1, max-image-preview:large, max-video-preview:-1\" \/>\n<link rel=\"canonical\" href=\"https:\/\/www.sueverkruep.de\/smart\/kontakt-inzahlungnahme\/\" \/>\n<meta property=\"og:locale\" content=\"de_DE\" \/>\n<meta property=\"og:type\" content=\"article\" \/>\n<meta property=\"og:title\" content=\"Sie m\u00f6chten ihr altes Fahrzeug Inzahlung geben?\" \/>\n<meta property=\"og:description\" content=\"Vereinbaren Sie heute noch einen Termin mit uns.\" \/>\n<meta property=\"og:url\" content=\"https:\/\/www.sueverkruep.de\/smart\/kontakt-inzahlungnahme\/\" \/>\n<meta property=\"og:site_name\" content=\"S\u00fcverkr\u00fcp smart\" \/>\n<meta property=\"article:modified_time\" content=\"2020-05-26T13:34:04+00:00\" \/>\n<meta name=\"twitter:card\" content=\"summary_large_image\" \/>\n<script type=\"application\/ld+json\" class=\"yoast-schema-graph\">{\"@context\":\"https:\\\/\\\/schema.org\",\"@graph\":[{\"@type\":\"WebPage\",\"@id\":\"https:\\\/\\\/www.sueverkruep.de\\\/smart\\\/kontakt-inzahlungnahme\\\/\",\"url\":\"https:\\\/\\\/www.sueverkruep.de\\\/smart\\\/kontakt-inzahlungnahme\\\/\",\"name\":\"Sie m\u00f6chten ihr altes Fahrzeug Inzahlung geben?\",\"isPartOf\":{\"@id\":\"https:\\\/\\\/www.sueverkruep.de\\\/smart\\\/#website\"},\"datePublished\":\"2020-01-06T14:02:18+00:00\",\"dateModified\":\"2020-05-26T13:34:04+00:00\",\"description\":\"Vereinbaren Sie heute noch einen Termin mit uns.\",\"breadcrumb\":{\"@id\":\"https:\\\/\\\/www.sueverkruep.de\\\/smart\\\/kontakt-inzahlungnahme\\\/#breadcrumb\"},\"inLanguage\":\"de\",\"potentialAction\":[{\"@type\":\"ReadAction\",\"target\":[\"https:\\\/\\\/www.sueverkruep.de\\\/smart\\\/kontakt-inzahlungnahme\\\/\"]}]},{\"@type\":\"BreadcrumbList\",\"@id\":\"https:\\\/\\\/www.sueverkruep.de\\\/smart\\\/kontakt-inzahlungnahme\\\/#breadcrumb\",\"itemListElement\":[{\"@type\":\"ListItem\",\"position\":1,\"name\":\"Startseite\",\"item\":\"https:\\\/\\\/www.sueverkruep.de\\\/smart\\\/\"},{\"@type\":\"ListItem\",\"position\":2,\"name\":\"Kontakt Inzahlungnahme\"}]},{\"@type\":\"WebSite\",\"@id\":\"https:\\\/\\\/www.sueverkruep.de\\\/smart\\\/#website\",\"url\":\"https:\\\/\\\/www.sueverkruep.de\\\/smart\\\/\",\"name\":\"S\u00fcverkr\u00fcp smart\",\"description\":\"Ihr L\u00e4cheln. Unser Antrieb.\",\"publisher\":{\"@id\":\"https:\\\/\\\/www.sueverkruep.de\\\/smart\\\/#organization\"},\"potentialAction\":[{\"@type\":\"SearchAction\",\"target\":{\"@type\":\"EntryPoint\",\"urlTemplate\":\"https:\\\/\\\/www.sueverkruep.de\\\/smart\\\/?s={search_term_string}\"},\"query-input\":{\"@type\":\"PropertyValueSpecification\",\"valueRequired\":true,\"valueName\":\"search_term_string\"}}],\"inLanguage\":\"de\"},{\"@type\":\"Organization\",\"@id\":\"https:\\\/\\\/www.sueverkruep.de\\\/smart\\\/#organization\",\"name\":\"S\u00fcverkr\u00fcp smart\",\"url\":\"https:\\\/\\\/www.sueverkruep.de\\\/smart\\\/\",\"logo\":{\"@type\":\"ImageObject\",\"inLanguage\":\"de\",\"@id\":\"https:\\\/\\\/www.sueverkruep.de\\\/smart\\\/#\\\/schema\\\/logo\\\/image\\\/\",\"url\":\"https:\\\/\\\/www.sueverkruep.de\\\/smart\\\/wp-content\\\/uploads\\\/sites\\\/8\\\/2022\\\/05\\\/cropped-smart_start_logo.png\",\"contentUrl\":\"https:\\\/\\\/www.sueverkruep.de\\\/smart\\\/wp-content\\\/uploads\\\/sites\\\/8\\\/2022\\\/05\\\/cropped-smart_start_logo.png\",\"width\":294,\"height\":88,\"caption\":\"S\u00fcverkr\u00fcp smart\"},\"image\":{\"@id\":\"https:\\\/\\\/www.sueverkruep.de\\\/smart\\\/#\\\/schema\\\/logo\\\/image\\\/\"}}]}<\/script>\n<!-- \/ Yoast SEO plugin. -->","yoast_head_json":{"title":"Sie m\u00f6chten ihr altes Fahrzeug Inzahlung geben?","description":"Vereinbaren Sie heute noch einen Termin mit uns.","robots":{"index":"index","follow":"follow","max-snippet":"max-snippet:-1","max-image-preview":"max-image-preview:large","max-video-preview":"max-video-preview:-1"},"canonical":"https:\/\/www.sueverkruep.de\/smart\/kontakt-inzahlungnahme\/","og_locale":"de_DE","og_type":"article","og_title":"Sie m\u00f6chten ihr altes Fahrzeug Inzahlung geben?","og_description":"Vereinbaren Sie heute noch einen Termin mit uns.","og_url":"https:\/\/www.sueverkruep.de\/smart\/kontakt-inzahlungnahme\/","og_site_name":"S\u00fcverkr\u00fcp smart","article_modified_time":"2020-05-26T13:34:04+00:00","twitter_card":"summary_large_image","schema":{"@context":"https:\/\/schema.org","@graph":[{"@type":"WebPage","@id":"https:\/\/www.sueverkruep.de\/smart\/kontakt-inzahlungnahme\/","url":"https:\/\/www.sueverkruep.de\/smart\/kontakt-inzahlungnahme\/","name":"Sie m\u00f6chten ihr altes Fahrzeug Inzahlung geben?","isPartOf":{"@id":"https:\/\/www.sueverkruep.de\/smart\/#website"},"datePublished":"2020-01-06T14:02:18+00:00","dateModified":"2020-05-26T13:34:04+00:00","description":"Vereinbaren Sie heute noch einen Termin mit uns.","breadcrumb":{"@id":"https:\/\/www.sueverkruep.de\/smart\/kontakt-inzahlungnahme\/#breadcrumb"},"inLanguage":"de","potentialAction":[{"@type":"ReadAction","target":["https:\/\/www.sueverkruep.de\/smart\/kontakt-inzahlungnahme\/"]}]},{"@type":"BreadcrumbList","@id":"https:\/\/www.sueverkruep.de\/smart\/kontakt-inzahlungnahme\/#breadcrumb","itemListElement":[{"@type":"ListItem","position":1,"name":"Startseite","item":"https:\/\/www.sueverkruep.de\/smart\/"},{"@type":"ListItem","position":2,"name":"Kontakt Inzahlungnahme"}]},{"@type":"WebSite","@id":"https:\/\/www.sueverkruep.de\/smart\/#website","url":"https:\/\/www.sueverkruep.de\/smart\/","name":"S\u00fcverkr\u00fcp smart","description":"Ihr L\u00e4cheln. Unser Antrieb.","publisher":{"@id":"https:\/\/www.sueverkruep.de\/smart\/#organization"},"potentialAction":[{"@type":"SearchAction","target":{"@type":"EntryPoint","urlTemplate":"https:\/\/www.sueverkruep.de\/smart\/?s={search_term_string}"},"query-input":{"@type":"PropertyValueSpecification","valueRequired":true,"valueName":"search_term_string"}}],"inLanguage":"de"},{"@type":"Organization","@id":"https:\/\/www.sueverkruep.de\/smart\/#organization","name":"S\u00fcverkr\u00fcp smart","url":"https:\/\/www.sueverkruep.de\/smart\/","logo":{"@type":"ImageObject","inLanguage":"de","@id":"https:\/\/www.sueverkruep.de\/smart\/#\/schema\/logo\/image\/","url":"https:\/\/www.sueverkruep.de\/smart\/wp-content\/uploads\/sites\/8\/2022\/05\/cropped-smart_start_logo.png","contentUrl":"https:\/\/www.sueverkruep.de\/smart\/wp-content\/uploads\/sites\/8\/2022\/05\/cropped-smart_start_logo.png","width":294,"height":88,"caption":"S\u00fcverkr\u00fcp smart"},"image":{"@id":"https:\/\/www.sueverkruep.de\/smart\/#\/schema\/logo\/image\/"}}]}},"_links":{"self":[{"href":"https:\/\/www.sueverkruep.de\/smart\/wp-json\/wp\/v2\/pages\/600","targetHints":{"allow":["GET"]}}],"collection":[{"href":"https:\/\/www.sueverkruep.de\/smart\/wp-json\/wp\/v2\/pages"}],"about":[{"href":"https:\/\/www.sueverkruep.de\/smart\/wp-json\/wp\/v2\/types\/page"}],"author":[{"embeddable":true,"href":"https:\/\/www.sueverkruep.de\/smart\/wp-json\/wp\/v2\/users\/18"}],"replies":[{"embeddable":true,"href":"https:\/\/www.sueverkruep.de\/smart\/wp-json\/wp\/v2\/comments?post=600"}],"version-history":[{"count":1,"href":"https:\/\/www.sueverkruep.de\/smart\/wp-json\/wp\/v2\/pages\/600\/revisions"}],"predecessor-version":[{"id":601,"href":"https:\/\/www.sueverkruep.de\/smart\/wp-json\/wp\/v2\/pages\/600\/revisions\/601"}],"wp:attachment":[{"href":"https:\/\/www.sueverkruep.de\/smart\/wp-json\/wp\/v2\/media?parent=600"}],"curies":[{"name":"wp","href":"https:\/\/api.w.org\/{rel}","templated":true}]}}