{"id":596,"date":"2020-01-06T08:23:28","date_gmt":"2020-01-06T07:23:28","guid":{"rendered":"http:\/\/dev.sueverkruep.org\/smart\/?page_id=596"},"modified":"2024-12-18T07:55:04","modified_gmt":"2024-12-18T06:55:04","slug":"kontakt-vermietung","status":"publish","type":"page","link":"https:\/\/www.sueverkruep.de\/smart\/kontakt-vermietung\/","title":{"rendered":"Kontakt Vermietung"},"content":{"rendered":"","protected":false},"excerpt":{"rendered":"","protected":false},"author":25,"featured_media":0,"parent":0,"menu_order":0,"comment_status":"closed","ping_status":"closed","template":"page-template\/page-flexibleContent.php","meta":{"footnotes":""},"class_list":["post-596","page","type-page","status-publish","hentry"],"acf":[],"yoast_head":"<!-- This site is optimized with the Yoast SEO plugin v27.3 - https:\/\/yoast.com\/product\/yoast-seo-wordpress\/ -->\n<title>Kontaktformular smart Vermietung &#8226; S\u00fcverkr\u00fcp smart<\/title>\n<meta name=\"description\" content=\"Sie m\u00f6chten einen smart mieten? F\u00fcllen Sie unser Kontaktformular aus und wir setzten uns mit Ihnen umgehend mit Ihnen in Verbindung.\" \/>\n<meta name=\"robots\" content=\"index, follow, max-snippet:-1, max-image-preview:large, max-video-preview:-1\" \/>\n<link rel=\"canonical\" href=\"https:\/\/www.sueverkruep.de\/smart\/kontakt-vermietung\/\" \/>\n<meta property=\"og:locale\" content=\"de_DE\" \/>\n<meta property=\"og:type\" content=\"article\" \/>\n<meta property=\"og:title\" content=\"Kontaktformular smart Vermietung &#8226; S\u00fcverkr\u00fcp smart\" \/>\n<meta property=\"og:description\" content=\"Sie m\u00f6chten einen smart mieten? F\u00fcllen Sie unser Kontaktformular aus und wir setzten uns mit Ihnen umgehend mit Ihnen in Verbindung.\" \/>\n<meta property=\"og:url\" content=\"https:\/\/www.sueverkruep.de\/smart\/kontakt-vermietung\/\" \/>\n<meta property=\"og:site_name\" content=\"S\u00fcverkr\u00fcp smart\" \/>\n<meta property=\"article:modified_time\" content=\"2024-12-18T06:55:04+00:00\" \/>\n<meta name=\"twitter:card\" content=\"summary_large_image\" \/>\n<script type=\"application\/ld+json\" class=\"yoast-schema-graph\">{\"@context\":\"https:\\\/\\\/schema.org\",\"@graph\":[{\"@type\":\"WebPage\",\"@id\":\"https:\\\/\\\/www.sueverkruep.de\\\/smart\\\/kontakt-vermietung\\\/\",\"url\":\"https:\\\/\\\/www.sueverkruep.de\\\/smart\\\/kontakt-vermietung\\\/\",\"name\":\"Kontaktformular smart Vermietung &#8226; S\u00fcverkr\u00fcp smart\",\"isPartOf\":{\"@id\":\"https:\\\/\\\/www.sueverkruep.de\\\/smart\\\/#website\"},\"datePublished\":\"2020-01-06T07:23:28+00:00\",\"dateModified\":\"2024-12-18T06:55:04+00:00\",\"description\":\"Sie m\u00f6chten einen smart mieten? F\u00fcllen Sie unser Kontaktformular aus und wir setzten uns mit Ihnen umgehend mit Ihnen in Verbindung.\",\"breadcrumb\":{\"@id\":\"https:\\\/\\\/www.sueverkruep.de\\\/smart\\\/kontakt-vermietung\\\/#breadcrumb\"},\"inLanguage\":\"de\",\"potentialAction\":[{\"@type\":\"ReadAction\",\"target\":[\"https:\\\/\\\/www.sueverkruep.de\\\/smart\\\/kontakt-vermietung\\\/\"]}]},{\"@type\":\"BreadcrumbList\",\"@id\":\"https:\\\/\\\/www.sueverkruep.de\\\/smart\\\/kontakt-vermietung\\\/#breadcrumb\",\"itemListElement\":[{\"@type\":\"ListItem\",\"position\":1,\"name\":\"Startseite\",\"item\":\"https:\\\/\\\/www.sueverkruep.de\\\/smart\\\/\"},{\"@type\":\"ListItem\",\"position\":2,\"name\":\"Kontakt Vermietung\"}]},{\"@type\":\"WebSite\",\"@id\":\"https:\\\/\\\/www.sueverkruep.de\\\/smart\\\/#website\",\"url\":\"https:\\\/\\\/www.sueverkruep.de\\\/smart\\\/\",\"name\":\"S\u00fcverkr\u00fcp smart\",\"description\":\"Ihr L\u00e4cheln. Unser Antrieb.\",\"publisher\":{\"@id\":\"https:\\\/\\\/www.sueverkruep.de\\\/smart\\\/#organization\"},\"potentialAction\":[{\"@type\":\"SearchAction\",\"target\":{\"@type\":\"EntryPoint\",\"urlTemplate\":\"https:\\\/\\\/www.sueverkruep.de\\\/smart\\\/?s={search_term_string}\"},\"query-input\":{\"@type\":\"PropertyValueSpecification\",\"valueRequired\":true,\"valueName\":\"search_term_string\"}}],\"inLanguage\":\"de\"},{\"@type\":\"Organization\",\"@id\":\"https:\\\/\\\/www.sueverkruep.de\\\/smart\\\/#organization\",\"name\":\"S\u00fcverkr\u00fcp smart\",\"url\":\"https:\\\/\\\/www.sueverkruep.de\\\/smart\\\/\",\"logo\":{\"@type\":\"ImageObject\",\"inLanguage\":\"de\",\"@id\":\"https:\\\/\\\/www.sueverkruep.de\\\/smart\\\/#\\\/schema\\\/logo\\\/image\\\/\",\"url\":\"https:\\\/\\\/www.sueverkruep.de\\\/smart\\\/wp-content\\\/uploads\\\/sites\\\/8\\\/2022\\\/05\\\/cropped-smart_start_logo.png\",\"contentUrl\":\"https:\\\/\\\/www.sueverkruep.de\\\/smart\\\/wp-content\\\/uploads\\\/sites\\\/8\\\/2022\\\/05\\\/cropped-smart_start_logo.png\",\"width\":294,\"height\":88,\"caption\":\"S\u00fcverkr\u00fcp smart\"},\"image\":{\"@id\":\"https:\\\/\\\/www.sueverkruep.de\\\/smart\\\/#\\\/schema\\\/logo\\\/image\\\/\"}}]}<\/script>\n<!-- \/ Yoast SEO plugin. -->","yoast_head_json":{"title":"Kontaktformular smart Vermietung &#8226; S\u00fcverkr\u00fcp smart","description":"Sie m\u00f6chten einen smart mieten? F\u00fcllen Sie unser Kontaktformular aus und wir setzten uns mit Ihnen umgehend mit Ihnen in Verbindung.","robots":{"index":"index","follow":"follow","max-snippet":"max-snippet:-1","max-image-preview":"max-image-preview:large","max-video-preview":"max-video-preview:-1"},"canonical":"https:\/\/www.sueverkruep.de\/smart\/kontakt-vermietung\/","og_locale":"de_DE","og_type":"article","og_title":"Kontaktformular smart Vermietung &#8226; S\u00fcverkr\u00fcp smart","og_description":"Sie m\u00f6chten einen smart mieten? F\u00fcllen Sie unser Kontaktformular aus und wir setzten uns mit Ihnen umgehend mit Ihnen in Verbindung.","og_url":"https:\/\/www.sueverkruep.de\/smart\/kontakt-vermietung\/","og_site_name":"S\u00fcverkr\u00fcp smart","article_modified_time":"2024-12-18T06:55:04+00:00","twitter_card":"summary_large_image","schema":{"@context":"https:\/\/schema.org","@graph":[{"@type":"WebPage","@id":"https:\/\/www.sueverkruep.de\/smart\/kontakt-vermietung\/","url":"https:\/\/www.sueverkruep.de\/smart\/kontakt-vermietung\/","name":"Kontaktformular smart Vermietung &#8226; S\u00fcverkr\u00fcp smart","isPartOf":{"@id":"https:\/\/www.sueverkruep.de\/smart\/#website"},"datePublished":"2020-01-06T07:23:28+00:00","dateModified":"2024-12-18T06:55:04+00:00","description":"Sie m\u00f6chten einen smart mieten? F\u00fcllen Sie unser Kontaktformular aus und wir setzten uns mit Ihnen umgehend mit Ihnen in Verbindung.","breadcrumb":{"@id":"https:\/\/www.sueverkruep.de\/smart\/kontakt-vermietung\/#breadcrumb"},"inLanguage":"de","potentialAction":[{"@type":"ReadAction","target":["https:\/\/www.sueverkruep.de\/smart\/kontakt-vermietung\/"]}]},{"@type":"BreadcrumbList","@id":"https:\/\/www.sueverkruep.de\/smart\/kontakt-vermietung\/#breadcrumb","itemListElement":[{"@type":"ListItem","position":1,"name":"Startseite","item":"https:\/\/www.sueverkruep.de\/smart\/"},{"@type":"ListItem","position":2,"name":"Kontakt Vermietung"}]},{"@type":"WebSite","@id":"https:\/\/www.sueverkruep.de\/smart\/#website","url":"https:\/\/www.sueverkruep.de\/smart\/","name":"S\u00fcverkr\u00fcp smart","description":"Ihr L\u00e4cheln. Unser Antrieb.","publisher":{"@id":"https:\/\/www.sueverkruep.de\/smart\/#organization"},"potentialAction":[{"@type":"SearchAction","target":{"@type":"EntryPoint","urlTemplate":"https:\/\/www.sueverkruep.de\/smart\/?s={search_term_string}"},"query-input":{"@type":"PropertyValueSpecification","valueRequired":true,"valueName":"search_term_string"}}],"inLanguage":"de"},{"@type":"Organization","@id":"https:\/\/www.sueverkruep.de\/smart\/#organization","name":"S\u00fcverkr\u00fcp smart","url":"https:\/\/www.sueverkruep.de\/smart\/","logo":{"@type":"ImageObject","inLanguage":"de","@id":"https:\/\/www.sueverkruep.de\/smart\/#\/schema\/logo\/image\/","url":"https:\/\/www.sueverkruep.de\/smart\/wp-content\/uploads\/sites\/8\/2022\/05\/cropped-smart_start_logo.png","contentUrl":"https:\/\/www.sueverkruep.de\/smart\/wp-content\/uploads\/sites\/8\/2022\/05\/cropped-smart_start_logo.png","width":294,"height":88,"caption":"S\u00fcverkr\u00fcp smart"},"image":{"@id":"https:\/\/www.sueverkruep.de\/smart\/#\/schema\/logo\/image\/"}}]}},"_links":{"self":[{"href":"https:\/\/www.sueverkruep.de\/smart\/wp-json\/wp\/v2\/pages\/596","targetHints":{"allow":["GET"]}}],"collection":[{"href":"https:\/\/www.sueverkruep.de\/smart\/wp-json\/wp\/v2\/pages"}],"about":[{"href":"https:\/\/www.sueverkruep.de\/smart\/wp-json\/wp\/v2\/types\/page"}],"author":[{"embeddable":true,"href":"https:\/\/www.sueverkruep.de\/smart\/wp-json\/wp\/v2\/users\/25"}],"replies":[{"embeddable":true,"href":"https:\/\/www.sueverkruep.de\/smart\/wp-json\/wp\/v2\/comments?post=596"}],"version-history":[{"count":9,"href":"https:\/\/www.sueverkruep.de\/smart\/wp-json\/wp\/v2\/pages\/596\/revisions"}],"predecessor-version":[{"id":4771,"href":"https:\/\/www.sueverkruep.de\/smart\/wp-json\/wp\/v2\/pages\/596\/revisions\/4771"}],"wp:attachment":[{"href":"https:\/\/www.sueverkruep.de\/smart\/wp-json\/wp\/v2\/media?parent=596"}],"curies":[{"name":"wp","href":"https:\/\/api.w.org\/{rel}","templated":true}]}}