{"id":26,"date":"2019-02-27T14:23:10","date_gmt":"2019-02-27T13:23:10","guid":{"rendered":"http:\/\/localhost\/sueverkruep\/smart\/?page_id=26"},"modified":"2026-03-30T14:25:29","modified_gmt":"2026-03-30T12:25:29","slug":"elektromobilitaet","status":"publish","type":"page","link":"https:\/\/www.sueverkruep.de\/smart\/elektromobilitaet\/","title":{"rendered":"Elektromobilit\u00e4t"},"content":{"rendered":"\t\t<div data-elementor-type=\"wp-page\" data-elementor-id=\"26\" class=\"elementor elementor-26\" data-elementor-post-type=\"page\">\n\t\t\t\t\t\t<section class=\"elementor-section elementor-top-section elementor-element elementor-element-0de2c72 elementor-section-boxed elementor-section-height-default elementor-section-height-default wpr-particle-no wpr-jarallax-no wpr-parallax-no wpr-sticky-section-no wpr-equal-height-no\" data-id=\"0de2c72\" data-element_type=\"section\" data-e-type=\"section\">\n\t\t\t\t\t\t<div class=\"elementor-container elementor-column-gap-default\">\n\t\t\t\t\t<div class=\"elementor-column elementor-col-100 elementor-top-column elementor-element elementor-element-3dc84c8\" data-id=\"3dc84c8\" data-element_type=\"column\" data-e-type=\"column\">\n\t\t\t<div class=\"elementor-widget-wrap elementor-element-populated\">\n\t\t\t\t\t\t<div class=\"elementor-element elementor-element-ae8eb77 elementor-widget elementor-widget-image\" data-id=\"ae8eb77\" data-element_type=\"widget\" data-e-type=\"widget\" data-widget_type=\"image.default\">\n\t\t\t\t<div class=\"elementor-widget-container\">\n\t\t\t\t\t\t\t\t\t\t\t\t\t\t\t<img fetchpriority=\"high\" decoding=\"async\" width=\"584\" height=\"320\" src=\"https:\/\/www.sueverkruep.de\/smart\/wp-content\/uploads\/sites\/8\/2025\/04\/Hashtag-5.gif\" class=\"attachment-full size-full wp-image-5133\" alt=\"Hashtag-5\" \/>\t\t\t\t\t\t\t\t\t\t\t\t\t\t\t<\/div>\n\t\t\t\t<\/div>\n\t\t\t\t<div class=\"elementor-element elementor-element-cb0361b elementor-widget elementor-widget-heading\" data-id=\"cb0361b\" data-element_type=\"widget\" data-e-type=\"widget\" data-widget_type=\"heading.default\">\n\t\t\t\t<div class=\"elementor-widget-container\">\n\t\t\t\t\t<h1 class=\"elementor-heading-title elementor-size-default\">Innovative Technik zum besten Preis.<\/h1>\t\t\t\t<\/div>\n\t\t\t\t<\/div>\n\t\t\t\t<div class=\"elementor-element elementor-element-1ab5c5e elementor-widget elementor-widget-text-editor\" data-id=\"1ab5c5e\" data-element_type=\"widget\" data-e-type=\"widget\" data-widget_type=\"text-editor.default\">\n\t\t\t\t<div class=\"elementor-widget-container\">\n\t\t\t\t\t\t\t\t\t<p>Entdecke die Freiheit des smart #1, #3 und den #5, deine flexiblen Begleiter in einer sich st\u00e4ndig wandelnden Welt. Mal geht es um den Weg, mal um das Ziel. Wer ist dein Reisegef\u00e4hrte? Was packst du ein? Und wohin f\u00fchrt dich dein Abenteuer? Der smart #1 bringt dich m\u00fchelos hin und zur\u00fcck, mit einer <strong>beeindruckenden Reichweite<\/strong>\u00a0ohne Grenzen.<\/p><p>Doch das ist nicht alles. Er ist deine Eintrittskarte zu unbegrenzten M\u00f6glichkeiten.\u00a0<strong>Intelligente Konzeption und durchdachte Details<\/strong>\u00a0machen ihn zu einem unverzichtbaren Begleiter. Der smart #1 erf\u00fcllt nicht nur deine W\u00fcnsche, sondern auch unerwartete Tr\u00e4ume. Lass dich nicht aufhalten. Er ist bereit, jede Kurve des Lebens mit dir zu nehmen.<\/p><p>Erlebe die Zukunft der Mobilit\u00e4t \u2013 jetzt, heute und f\u00fcr immer im Zeitalter der automobilen Meisterleistungen erstrahlt der smart #3 in voller Pracht und repr\u00e4sentiert eine\u00a0<strong>perfekte Symbiose aus Sportlichkeit und Extravaganz<\/strong>.<\/p><p>Seine markante Coup\u00e9-Karosserie, geziert von\u00a0<strong>athletischen Kurven und der kraftvollen \u201eShark Nose\u201c<\/strong>, zieht bewundernde Blicke auf sich und l\u00e4sst die Herzen der Automobilenthusiasten h\u00f6herschlagen. Dieses Fahrzeug setzt nicht nur neue Ma\u00dfst\u00e4be im Bereich sportlicher Kompaktwagen, sondern bietet auch eine beeindruckende Ausstattung und ein herausragendes Design.<\/p><p>Sei bereit f\u00fcr die ultimative Fahrerfahrung, denn mit dem smart #1 und dem smart #3 an deiner Seite wird jede Fahrt zu einem unvergesslichen Abenteuer. Willkommen in einer Welt, in der\u00a0<strong>Sportlichkeit und Stil auf h\u00f6chstem Niveau<\/strong>\u00a0verschmelzen.<\/p><p><span style=\"text-decoration: underline;\"><span style=\"color: #00ccff;\"><strong><a style=\"color: #00ccff; text-decoration: underline;\" href=\"https:\/\/www.sueverkruep.de\/smart\/smart-5-kaufen\/\" target=\"_blank\" rel=\"noopener\">Jetzt ist der sehr beliebte smart #5 am Start, den Sie sich nicht entgehen lassen sollten<\/a><\/strong><\/span><\/span><\/p>\t\t\t\t\t\t\t\t<\/div>\n\t\t\t\t<\/div>\n\t\t\t\t<div class=\"elementor-element elementor-element-99aa880 elementor-widget elementor-widget-heading\" data-id=\"99aa880\" data-element_type=\"widget\" data-e-type=\"widget\" data-widget_type=\"heading.default\">\n\t\t\t\t<div class=\"elementor-widget-container\">\n\t\t\t\t\t<h2 class=\"elementor-heading-title elementor-size-default\">Ihre Ansprechpartner:<\/h2>\t\t\t\t<\/div>\n\t\t\t\t<\/div>\n\t\t\t\t\t<\/div>\n\t\t<\/div>\n\t\t\t\t\t<\/div>\n\t\t<\/section>\n\t\t\t\t<section class=\"elementor-section elementor-top-section elementor-element elementor-element-bcfb23a elementor-section-boxed elementor-section-height-default elementor-section-height-default wpr-particle-no wpr-jarallax-no wpr-parallax-no wpr-sticky-section-no wpr-equal-height-no\" data-id=\"bcfb23a\" data-element_type=\"section\" data-e-type=\"section\">\n\t\t\t\t\t\t<div class=\"elementor-container elementor-column-gap-default\">\n\t\t\t\t\t<div class=\"elementor-column elementor-col-33 elementor-top-column elementor-element elementor-element-ff1420e\" data-id=\"ff1420e\" data-element_type=\"column\" data-e-type=\"column\">\n\t\t\t<div class=\"elementor-widget-wrap elementor-element-populated\">\n\t\t\t\t\t\t<div class=\"elementor-element elementor-element-d918953 elementor-widget elementor-widget-image\" data-id=\"d918953\" data-element_type=\"widget\" data-e-type=\"widget\" data-widget_type=\"image.default\">\n\t\t\t\t<div class=\"elementor-widget-container\">\n\t\t\t\t\t\t\t\t\t\t\t\t\t\t\t<img decoding=\"async\" width=\"600\" height=\"400\" src=\"https:\/\/www.sueverkruep.de\/smart\/wp-content\/uploads\/sites\/8\/2022\/07\/Magnus_Happ.jpg\" class=\"attachment-large size-large wp-image-1981\" alt=\"Magnus_Happ\" srcset=\"https:\/\/www.sueverkruep.de\/smart\/wp-content\/uploads\/sites\/8\/2022\/07\/Magnus_Happ.jpg 600w, https:\/\/www.sueverkruep.de\/smart\/wp-content\/uploads\/sites\/8\/2022\/07\/Magnus_Happ-300x200.jpg 300w, https:\/\/www.sueverkruep.de\/smart\/wp-content\/uploads\/sites\/8\/2022\/07\/Magnus_Happ-24x16.jpg 24w, https:\/\/www.sueverkruep.de\/smart\/wp-content\/uploads\/sites\/8\/2022\/07\/Magnus_Happ-36x24.jpg 36w, https:\/\/www.sueverkruep.de\/smart\/wp-content\/uploads\/sites\/8\/2022\/07\/Magnus_Happ-48x32.jpg 48w\" sizes=\"(max-width: 600px) 100vw, 600px\" \/>\t\t\t\t\t\t\t\t\t\t\t\t\t\t\t<\/div>\n\t\t\t\t<\/div>\n\t\t\t\t<div class=\"elementor-element elementor-element-f124c5a elementor-widget elementor-widget-heading\" data-id=\"f124c5a\" data-element_type=\"widget\" data-e-type=\"widget\" data-widget_type=\"heading.default\">\n\t\t\t\t<div class=\"elementor-widget-container\">\n\t\t\t\t\t<h3 class=\"elementor-heading-title elementor-size-default\">Magnus Happ<\/h3>\t\t\t\t<\/div>\n\t\t\t\t<\/div>\n\t\t\t\t<div class=\"elementor-element elementor-element-6f93268 elementor-widget elementor-widget-text-editor\" data-id=\"6f93268\" data-element_type=\"widget\" data-e-type=\"widget\" data-widget_type=\"text-editor.default\">\n\t\t\t\t<div class=\"elementor-widget-container\">\n\t\t\t\t\t\t\t\t\t<p>smart Sales Expert<br \/>\u27a4 Kiel<\/p>\t\t\t\t\t\t\t\t<\/div>\n\t\t\t\t<\/div>\n\t\t\t\t<div class=\"elementor-element elementor-element-5fcf918 elementor-align-justify elementor-widget__width-inherit elementor-widget elementor-widget-button\" data-id=\"5fcf918\" data-element_type=\"widget\" data-e-type=\"widget\" data-widget_type=\"button.default\">\n\t\t\t\t<div class=\"elementor-widget-container\">\n\t\t\t\t\t\t\t\t\t<div class=\"elementor-button-wrapper\">\n\t\t\t\t\t<a class=\"elementor-button elementor-button-link elementor-size-sm\" href=\"tel:+49%20431%205868-441\">\n\t\t\t\t\t\t<span class=\"elementor-button-content-wrapper\">\n\t\t\t\t\t\t<span class=\"elementor-button-icon\">\n\t\t\t\t<i aria-hidden=\"true\" class=\"fas fa-phone-alt\"><\/i>\t\t\t<\/span>\n\t\t\t\t\t\t\t\t\t<span class=\"elementor-button-text\">+49 431 5868-441<\/span>\n\t\t\t\t\t<\/span>\n\t\t\t\t\t<\/a>\n\t\t\t\t<\/div>\n\t\t\t\t\t\t\t\t<\/div>\n\t\t\t\t<\/div>\n\t\t\t\t<div class=\"elementor-element elementor-element-d98d8fd elementor-align-justify elementor-widget__width-inherit elementor-widget elementor-widget-button\" data-id=\"d98d8fd\" data-element_type=\"widget\" data-e-type=\"widget\" data-widget_type=\"button.default\">\n\t\t\t\t<div class=\"elementor-widget-container\">\n\t\t\t\t\t\t\t\t\t<div class=\"elementor-button-wrapper\">\n\t\t\t\t\t<a class=\"elementor-button elementor-button-link elementor-size-sm\" href=\"https:\/\/www.sueverkruep.de\/ansprechpartner\/magnus-happ\/\">\n\t\t\t\t\t\t<span class=\"elementor-button-content-wrapper\">\n\t\t\t\t\t\t<span class=\"elementor-button-icon\">\n\t\t\t\t<i aria-hidden=\"true\" class=\"far fa-envelope\"><\/i>\t\t\t<\/span>\n\t\t\t\t\t\t\t\t\t<span class=\"elementor-button-text\">E-Mail schreiben<\/span>\n\t\t\t\t\t<\/span>\n\t\t\t\t\t<\/a>\n\t\t\t\t<\/div>\n\t\t\t\t\t\t\t\t<\/div>\n\t\t\t\t<\/div>\n\t\t\t\t\t<\/div>\n\t\t<\/div>\n\t\t\t\t<div class=\"elementor-column elementor-col-33 elementor-top-column elementor-element elementor-element-99bae03\" data-id=\"99bae03\" data-element_type=\"column\" data-e-type=\"column\">\n\t\t\t<div class=\"elementor-widget-wrap elementor-element-populated\">\n\t\t\t\t\t\t<div class=\"elementor-element elementor-element-576b3a2 elementor-widget elementor-widget-image\" data-id=\"576b3a2\" data-element_type=\"widget\" data-e-type=\"widget\" data-widget_type=\"image.default\">\n\t\t\t\t<div class=\"elementor-widget-container\">\n\t\t\t\t\t\t\t\t\t\t\t\t\t\t\t<img decoding=\"async\" width=\"600\" height=\"400\" src=\"https:\/\/www.sueverkruep.de\/smart\/wp-content\/uploads\/sites\/8\/2020\/01\/Blanko-Hintergrund-2020-Frau.jpg\" class=\"attachment-large size-large wp-image-604\" alt=\"Blanko Hintergrund 2020 Frau\" srcset=\"https:\/\/www.sueverkruep.de\/smart\/wp-content\/uploads\/sites\/8\/2020\/01\/Blanko-Hintergrund-2020-Frau.jpg 600w, https:\/\/www.sueverkruep.de\/smart\/wp-content\/uploads\/sites\/8\/2020\/01\/Blanko-Hintergrund-2020-Frau-300x200.jpg 300w, https:\/\/www.sueverkruep.de\/smart\/wp-content\/uploads\/sites\/8\/2020\/01\/Blanko-Hintergrund-2020-Frau-24x16.jpg 24w, https:\/\/www.sueverkruep.de\/smart\/wp-content\/uploads\/sites\/8\/2020\/01\/Blanko-Hintergrund-2020-Frau-36x24.jpg 36w, https:\/\/www.sueverkruep.de\/smart\/wp-content\/uploads\/sites\/8\/2020\/01\/Blanko-Hintergrund-2020-Frau-48x32.jpg 48w\" sizes=\"(max-width: 600px) 100vw, 600px\" \/>\t\t\t\t\t\t\t\t\t\t\t\t\t\t\t<\/div>\n\t\t\t\t<\/div>\n\t\t\t\t<div class=\"elementor-element elementor-element-10c7c9b elementor-widget elementor-widget-heading\" data-id=\"10c7c9b\" data-element_type=\"widget\" data-e-type=\"widget\" data-widget_type=\"heading.default\">\n\t\t\t\t<div class=\"elementor-widget-container\">\n\t\t\t\t\t<h3 class=\"elementor-heading-title elementor-size-default\">Duygu G\u00fcm\u00fcs<\/h3>\t\t\t\t<\/div>\n\t\t\t\t<\/div>\n\t\t\t\t<div class=\"elementor-element elementor-element-7213386 elementor-widget elementor-widget-text-editor\" data-id=\"7213386\" data-element_type=\"widget\" data-e-type=\"widget\" data-widget_type=\"text-editor.default\">\n\t\t\t\t<div class=\"elementor-widget-container\">\n\t\t\t\t\t\t\t\t\t<p>smart Sales Expert<br \/>\u27a4 Neum\u00fcnster<\/p>\t\t\t\t\t\t\t\t<\/div>\n\t\t\t\t<\/div>\n\t\t\t\t<div class=\"elementor-element elementor-element-ffa5933 elementor-align-justify elementor-widget__width-inherit elementor-widget elementor-widget-button\" data-id=\"ffa5933\" data-element_type=\"widget\" data-e-type=\"widget\" data-widget_type=\"button.default\">\n\t\t\t\t<div class=\"elementor-widget-container\">\n\t\t\t\t\t\t\t\t\t<div class=\"elementor-button-wrapper\">\n\t\t\t\t\t<a class=\"elementor-button elementor-button-link elementor-size-sm\" href=\"tel:+49%20173%203080%20979\">\n\t\t\t\t\t\t<span class=\"elementor-button-content-wrapper\">\n\t\t\t\t\t\t<span class=\"elementor-button-icon\">\n\t\t\t\t<i aria-hidden=\"true\" class=\"fas fa-phone-alt\"><\/i>\t\t\t<\/span>\n\t\t\t\t\t\t\t\t\t<span class=\"elementor-button-text\">+49 173 3080 979<\/span>\n\t\t\t\t\t<\/span>\n\t\t\t\t\t<\/a>\n\t\t\t\t<\/div>\n\t\t\t\t\t\t\t\t<\/div>\n\t\t\t\t<\/div>\n\t\t\t\t<div class=\"elementor-element elementor-element-1cb3092 elementor-align-justify elementor-widget__width-inherit elementor-widget elementor-widget-button\" data-id=\"1cb3092\" data-element_type=\"widget\" data-e-type=\"widget\" data-widget_type=\"button.default\">\n\t\t\t\t<div class=\"elementor-widget-container\">\n\t\t\t\t\t\t\t\t\t<div class=\"elementor-button-wrapper\">\n\t\t\t\t\t<a class=\"elementor-button elementor-button-link elementor-size-sm\" href=\"https:\/\/www.sueverkruep.de\/ansprechpartner\/duygu-guemues\/\">\n\t\t\t\t\t\t<span class=\"elementor-button-content-wrapper\">\n\t\t\t\t\t\t<span class=\"elementor-button-icon\">\n\t\t\t\t<i aria-hidden=\"true\" class=\"far fa-envelope\"><\/i>\t\t\t<\/span>\n\t\t\t\t\t\t\t\t\t<span class=\"elementor-button-text\">E-Mail schreiben<\/span>\n\t\t\t\t\t<\/span>\n\t\t\t\t\t<\/a>\n\t\t\t\t<\/div>\n\t\t\t\t\t\t\t\t<\/div>\n\t\t\t\t<\/div>\n\t\t\t\t\t<\/div>\n\t\t<\/div>\n\t\t\t\t<div class=\"elementor-column elementor-col-33 elementor-top-column elementor-element elementor-element-e2a0920\" data-id=\"e2a0920\" data-element_type=\"column\" data-e-type=\"column\">\n\t\t\t<div class=\"elementor-widget-wrap\">\n\t\t\t\t\t\t\t<\/div>\n\t\t<\/div>\n\t\t\t\t\t<\/div>\n\t\t<\/section>\n\t\t\t\t<\/div>\n\t\t","protected":false},"excerpt":{"rendered":"<p>Innovative Technik zum besten Preis. Entdecke die Freiheit des smart #1, #3 und den #5, deine flexiblen Begleiter in einer sich st\u00e4ndig wandelnden Welt. Mal geht es um den Weg, mal um das Ziel. Wer ist dein Reisegef\u00e4hrte? Was packst du ein? Und wohin f\u00fchrt dich dein Abenteuer? Der smart #1 bringt dich m\u00fchelos hin und zur\u00fcck, mit einer beeindruckenden Reichweite\u00a0ohne Grenzen. Doch das ist nicht alles. Er ist deine Eintrittskarte zu unbegrenzten M\u00f6glichkeiten.\u00a0Intelligente Konzeption und durchdachte Details\u00a0machen ihn zu einem unverzichtbaren Begleiter. Der smart #1 erf\u00fcllt nicht nur deine W\u00fcnsche, sondern auch unerwartete Tr\u00e4ume. Lass dich nicht aufhalten. Er ist bereit, jede Kurve des Lebens mit dir zu nehmen. Erlebe die Zukunft der Mobilit\u00e4t \u2013 jetzt, heute und f\u00fcr immer im Zeitalter der automobilen Meisterleistungen erstrahlt der smart #3 in voller Pracht und repr\u00e4sentiert eine\u00a0perfekte Symbiose aus Sportlichkeit und Extravaganz. Seine markante Coup\u00e9-Karosserie, geziert von\u00a0athletischen Kurven und der kraftvollen \u201eShark Nose\u201c, zieht bewundernde Blicke auf sich und l\u00e4sst die Herzen der Automobilenthusiasten h\u00f6herschlagen. Dieses Fahrzeug setzt nicht nur neue Ma\u00dfst\u00e4be im Bereich sportlicher Kompaktwagen, sondern bietet auch eine beeindruckende Ausstattung und ein herausragendes Design. Sei bereit f\u00fcr die ultimative Fahrerfahrung, denn mit dem smart #1 und dem smart #3 an deiner Seite wird jede Fahrt zu einem unvergesslichen Abenteuer. Willkommen in einer Welt, in der\u00a0Sportlichkeit und Stil auf h\u00f6chstem Niveau\u00a0verschmelzen. Jetzt ist der sehr beliebte smart #5 am Start, den Sie sich nicht entgehen lassen sollten Ihre Ansprechpartner: Magnus Happ smart Sales Expert\u27a4 Kiel +49 431 5868-441 E-Mail schreiben Duygu G\u00fcm\u00fcs smart Sales Expert\u27a4 Neum\u00fcnster +49 173 3080 979 E-Mail schreiben<\/p>\n","protected":false},"author":1,"featured_media":0,"parent":0,"menu_order":0,"comment_status":"closed","ping_status":"closed","template":"","meta":{"footnotes":""},"class_list":["post-26","page","type-page","status-publish","hentry"],"acf":[],"yoast_head":"<!-- This site is optimized with the Yoast SEO plugin v27.4 - https:\/\/yoast.com\/product\/yoast-seo-wordpress\/ -->\n<title>Mit S\u00fcverkr\u00fcp smart elektrisch in die Zukunft<\/title>\n<meta name=\"description\" content=\"smart ist Vorreiter: Als erste Automarke hat smart den konsequenten Umstieg vom Verbrenner auf den Elektroantrieb umgesetzt.\" \/>\n<meta name=\"robots\" content=\"index, follow, max-snippet:-1, max-image-preview:large, max-video-preview:-1\" \/>\n<link rel=\"canonical\" href=\"https:\/\/www.sueverkruep.de\/smart\/elektromobilitaet\/\" \/>\n<meta property=\"og:locale\" content=\"de_DE\" \/>\n<meta property=\"og:type\" content=\"article\" \/>\n<meta property=\"og:title\" content=\"Mit S\u00fcverkr\u00fcp smart elektrisch in die Zukunft\" \/>\n<meta property=\"og:description\" content=\"smart ist Vorreiter: Als erste Automarke hat smart den konsequenten Umstieg vom Verbrenner auf den Elektroantrieb umgesetzt.\" \/>\n<meta property=\"og:url\" content=\"https:\/\/www.sueverkruep.de\/smart\/elektromobilitaet\/\" \/>\n<meta property=\"og:site_name\" content=\"S\u00fcverkr\u00fcp smart\" \/>\n<meta property=\"article:modified_time\" content=\"2026-03-30T12:25:29+00:00\" \/>\n<meta property=\"og:image\" content=\"https:\/\/www.sueverkruep.de\/smart\/wp-content\/uploads\/sites\/8\/2025\/04\/Hashtag-5.gif\" \/>\n\t<meta property=\"og:image:width\" content=\"584\" \/>\n\t<meta property=\"og:image:height\" content=\"320\" \/>\n\t<meta property=\"og:image:type\" content=\"image\/gif\" \/>\n<meta name=\"twitter:card\" content=\"summary_large_image\" \/>\n<meta name=\"twitter:label1\" content=\"Gesch\u00e4tzte Lesezeit\" \/>\n\t<meta name=\"twitter:data1\" content=\"3\u00a0Minuten\" \/>\n<script type=\"application\/ld+json\" class=\"yoast-schema-graph\">{\"@context\":\"https:\\\/\\\/schema.org\",\"@graph\":[{\"@type\":\"WebPage\",\"@id\":\"https:\\\/\\\/www.sueverkruep.de\\\/smart\\\/elektromobilitaet\\\/\",\"url\":\"https:\\\/\\\/www.sueverkruep.de\\\/smart\\\/elektromobilitaet\\\/\",\"name\":\"Mit S\u00fcverkr\u00fcp smart elektrisch in die Zukunft\",\"isPartOf\":{\"@id\":\"https:\\\/\\\/www.sueverkruep.de\\\/smart\\\/#website\"},\"primaryImageOfPage\":{\"@id\":\"https:\\\/\\\/www.sueverkruep.de\\\/smart\\\/elektromobilitaet\\\/#primaryimage\"},\"image\":{\"@id\":\"https:\\\/\\\/www.sueverkruep.de\\\/smart\\\/elektromobilitaet\\\/#primaryimage\"},\"thumbnailUrl\":\"https:\\\/\\\/www.sueverkruep.de\\\/smart\\\/wp-content\\\/uploads\\\/sites\\\/8\\\/2025\\\/04\\\/Hashtag-5.gif\",\"datePublished\":\"2019-02-27T13:23:10+00:00\",\"dateModified\":\"2026-03-30T12:25:29+00:00\",\"description\":\"smart ist Vorreiter: Als erste Automarke hat smart den konsequenten Umstieg vom Verbrenner auf den Elektroantrieb umgesetzt.\",\"breadcrumb\":{\"@id\":\"https:\\\/\\\/www.sueverkruep.de\\\/smart\\\/elektromobilitaet\\\/#breadcrumb\"},\"inLanguage\":\"de\",\"potentialAction\":[{\"@type\":\"ReadAction\",\"target\":[\"https:\\\/\\\/www.sueverkruep.de\\\/smart\\\/elektromobilitaet\\\/\"]}]},{\"@type\":\"ImageObject\",\"inLanguage\":\"de\",\"@id\":\"https:\\\/\\\/www.sueverkruep.de\\\/smart\\\/elektromobilitaet\\\/#primaryimage\",\"url\":\"https:\\\/\\\/www.sueverkruep.de\\\/smart\\\/wp-content\\\/uploads\\\/sites\\\/8\\\/2025\\\/04\\\/Hashtag-5.gif\",\"contentUrl\":\"https:\\\/\\\/www.sueverkruep.de\\\/smart\\\/wp-content\\\/uploads\\\/sites\\\/8\\\/2025\\\/04\\\/Hashtag-5.gif\",\"width\":584,\"height\":320,\"caption\":\"Hashtag-5\"},{\"@type\":\"BreadcrumbList\",\"@id\":\"https:\\\/\\\/www.sueverkruep.de\\\/smart\\\/elektromobilitaet\\\/#breadcrumb\",\"itemListElement\":[{\"@type\":\"ListItem\",\"position\":1,\"name\":\"Startseite\",\"item\":\"https:\\\/\\\/www.sueverkruep.de\\\/smart\\\/\"},{\"@type\":\"ListItem\",\"position\":2,\"name\":\"Elektromobilit\u00e4t\"}]},{\"@type\":\"WebSite\",\"@id\":\"https:\\\/\\\/www.sueverkruep.de\\\/smart\\\/#website\",\"url\":\"https:\\\/\\\/www.sueverkruep.de\\\/smart\\\/\",\"name\":\"S\u00fcverkr\u00fcp smart\",\"description\":\"Ihr L\u00e4cheln. Unser Antrieb.\",\"publisher\":{\"@id\":\"https:\\\/\\\/www.sueverkruep.de\\\/smart\\\/#organization\"},\"potentialAction\":[{\"@type\":\"SearchAction\",\"target\":{\"@type\":\"EntryPoint\",\"urlTemplate\":\"https:\\\/\\\/www.sueverkruep.de\\\/smart\\\/?s={search_term_string}\"},\"query-input\":{\"@type\":\"PropertyValueSpecification\",\"valueRequired\":true,\"valueName\":\"search_term_string\"}}],\"inLanguage\":\"de\"},{\"@type\":\"Organization\",\"@id\":\"https:\\\/\\\/www.sueverkruep.de\\\/smart\\\/#organization\",\"name\":\"S\u00fcverkr\u00fcp smart\",\"url\":\"https:\\\/\\\/www.sueverkruep.de\\\/smart\\\/\",\"logo\":{\"@type\":\"ImageObject\",\"inLanguage\":\"de\",\"@id\":\"https:\\\/\\\/www.sueverkruep.de\\\/smart\\\/#\\\/schema\\\/logo\\\/image\\\/\",\"url\":\"https:\\\/\\\/www.sueverkruep.de\\\/smart\\\/wp-content\\\/uploads\\\/sites\\\/8\\\/2022\\\/05\\\/cropped-smart_start_logo.png\",\"contentUrl\":\"https:\\\/\\\/www.sueverkruep.de\\\/smart\\\/wp-content\\\/uploads\\\/sites\\\/8\\\/2022\\\/05\\\/cropped-smart_start_logo.png\",\"width\":294,\"height\":88,\"caption\":\"S\u00fcverkr\u00fcp smart\"},\"image\":{\"@id\":\"https:\\\/\\\/www.sueverkruep.de\\\/smart\\\/#\\\/schema\\\/logo\\\/image\\\/\"}}]}<\/script>\n<!-- \/ Yoast SEO plugin. -->","yoast_head_json":{"title":"Mit S\u00fcverkr\u00fcp smart elektrisch in die Zukunft","description":"smart ist Vorreiter: Als erste Automarke hat smart den konsequenten Umstieg vom Verbrenner auf den Elektroantrieb umgesetzt.","robots":{"index":"index","follow":"follow","max-snippet":"max-snippet:-1","max-image-preview":"max-image-preview:large","max-video-preview":"max-video-preview:-1"},"canonical":"https:\/\/www.sueverkruep.de\/smart\/elektromobilitaet\/","og_locale":"de_DE","og_type":"article","og_title":"Mit S\u00fcverkr\u00fcp smart elektrisch in die Zukunft","og_description":"smart ist Vorreiter: Als erste Automarke hat smart den konsequenten Umstieg vom Verbrenner auf den Elektroantrieb umgesetzt.","og_url":"https:\/\/www.sueverkruep.de\/smart\/elektromobilitaet\/","og_site_name":"S\u00fcverkr\u00fcp smart","article_modified_time":"2026-03-30T12:25:29+00:00","og_image":[{"width":584,"height":320,"url":"https:\/\/www.sueverkruep.de\/smart\/wp-content\/uploads\/sites\/8\/2025\/04\/Hashtag-5.gif","type":"image\/gif"}],"twitter_card":"summary_large_image","twitter_misc":{"Gesch\u00e4tzte Lesezeit":"3\u00a0Minuten"},"schema":{"@context":"https:\/\/schema.org","@graph":[{"@type":"WebPage","@id":"https:\/\/www.sueverkruep.de\/smart\/elektromobilitaet\/","url":"https:\/\/www.sueverkruep.de\/smart\/elektromobilitaet\/","name":"Mit S\u00fcverkr\u00fcp smart elektrisch in die Zukunft","isPartOf":{"@id":"https:\/\/www.sueverkruep.de\/smart\/#website"},"primaryImageOfPage":{"@id":"https:\/\/www.sueverkruep.de\/smart\/elektromobilitaet\/#primaryimage"},"image":{"@id":"https:\/\/www.sueverkruep.de\/smart\/elektromobilitaet\/#primaryimage"},"thumbnailUrl":"https:\/\/www.sueverkruep.de\/smart\/wp-content\/uploads\/sites\/8\/2025\/04\/Hashtag-5.gif","datePublished":"2019-02-27T13:23:10+00:00","dateModified":"2026-03-30T12:25:29+00:00","description":"smart ist Vorreiter: Als erste Automarke hat smart den konsequenten Umstieg vom Verbrenner auf den Elektroantrieb umgesetzt.","breadcrumb":{"@id":"https:\/\/www.sueverkruep.de\/smart\/elektromobilitaet\/#breadcrumb"},"inLanguage":"de","potentialAction":[{"@type":"ReadAction","target":["https:\/\/www.sueverkruep.de\/smart\/elektromobilitaet\/"]}]},{"@type":"ImageObject","inLanguage":"de","@id":"https:\/\/www.sueverkruep.de\/smart\/elektromobilitaet\/#primaryimage","url":"https:\/\/www.sueverkruep.de\/smart\/wp-content\/uploads\/sites\/8\/2025\/04\/Hashtag-5.gif","contentUrl":"https:\/\/www.sueverkruep.de\/smart\/wp-content\/uploads\/sites\/8\/2025\/04\/Hashtag-5.gif","width":584,"height":320,"caption":"Hashtag-5"},{"@type":"BreadcrumbList","@id":"https:\/\/www.sueverkruep.de\/smart\/elektromobilitaet\/#breadcrumb","itemListElement":[{"@type":"ListItem","position":1,"name":"Startseite","item":"https:\/\/www.sueverkruep.de\/smart\/"},{"@type":"ListItem","position":2,"name":"Elektromobilit\u00e4t"}]},{"@type":"WebSite","@id":"https:\/\/www.sueverkruep.de\/smart\/#website","url":"https:\/\/www.sueverkruep.de\/smart\/","name":"S\u00fcverkr\u00fcp smart","description":"Ihr L\u00e4cheln. Unser Antrieb.","publisher":{"@id":"https:\/\/www.sueverkruep.de\/smart\/#organization"},"potentialAction":[{"@type":"SearchAction","target":{"@type":"EntryPoint","urlTemplate":"https:\/\/www.sueverkruep.de\/smart\/?s={search_term_string}"},"query-input":{"@type":"PropertyValueSpecification","valueRequired":true,"valueName":"search_term_string"}}],"inLanguage":"de"},{"@type":"Organization","@id":"https:\/\/www.sueverkruep.de\/smart\/#organization","name":"S\u00fcverkr\u00fcp smart","url":"https:\/\/www.sueverkruep.de\/smart\/","logo":{"@type":"ImageObject","inLanguage":"de","@id":"https:\/\/www.sueverkruep.de\/smart\/#\/schema\/logo\/image\/","url":"https:\/\/www.sueverkruep.de\/smart\/wp-content\/uploads\/sites\/8\/2022\/05\/cropped-smart_start_logo.png","contentUrl":"https:\/\/www.sueverkruep.de\/smart\/wp-content\/uploads\/sites\/8\/2022\/05\/cropped-smart_start_logo.png","width":294,"height":88,"caption":"S\u00fcverkr\u00fcp smart"},"image":{"@id":"https:\/\/www.sueverkruep.de\/smart\/#\/schema\/logo\/image\/"}}]}},"_links":{"self":[{"href":"https:\/\/www.sueverkruep.de\/smart\/wp-json\/wp\/v2\/pages\/26","targetHints":{"allow":["GET"]}}],"collection":[{"href":"https:\/\/www.sueverkruep.de\/smart\/wp-json\/wp\/v2\/pages"}],"about":[{"href":"https:\/\/www.sueverkruep.de\/smart\/wp-json\/wp\/v2\/types\/page"}],"author":[{"embeddable":true,"href":"https:\/\/www.sueverkruep.de\/smart\/wp-json\/wp\/v2\/users\/1"}],"replies":[{"embeddable":true,"href":"https:\/\/www.sueverkruep.de\/smart\/wp-json\/wp\/v2\/comments?post=26"}],"version-history":[{"count":53,"href":"https:\/\/www.sueverkruep.de\/smart\/wp-json\/wp\/v2\/pages\/26\/revisions"}],"predecessor-version":[{"id":5802,"href":"https:\/\/www.sueverkruep.de\/smart\/wp-json\/wp\/v2\/pages\/26\/revisions\/5802"}],"wp:attachment":[{"href":"https:\/\/www.sueverkruep.de\/smart\/wp-json\/wp\/v2\/media?parent=26"}],"curies":[{"name":"wp","href":"https:\/\/api.w.org\/{rel}","templated":true}]}}