{"id":1995,"date":"2022-09-30T12:52:15","date_gmt":"2022-09-30T10:52:15","guid":{"rendered":"https:\/\/www.sueverkruep.de\/smart\/?page_id=1995"},"modified":"2023-03-16T11:19:52","modified_gmt":"2023-03-16T10:19:52","slug":"terminvereinbarung","status":"publish","type":"page","link":"https:\/\/www.sueverkruep.de\/smart\/terminvereinbarung\/","title":{"rendered":"Terminvereinbarung"},"content":{"rendered":"\t\t<div data-elementor-type=\"wp-page\" data-elementor-id=\"1995\" class=\"elementor elementor-1995\" data-elementor-post-type=\"page\">\n\t\t\t\t\t\t<section class=\"elementor-section elementor-top-section elementor-element elementor-element-b60da12 elementor-section-boxed elementor-section-height-default elementor-section-height-default wpr-particle-no wpr-jarallax-no wpr-parallax-no wpr-sticky-section-no wpr-equal-height-no\" data-id=\"b60da12\" data-element_type=\"section\" data-e-type=\"section\">\n\t\t\t\t\t\t<div class=\"elementor-container elementor-column-gap-default\">\n\t\t\t\t\t<div class=\"elementor-column elementor-col-100 elementor-top-column elementor-element elementor-element-2bdac8a\" data-id=\"2bdac8a\" data-element_type=\"column\" data-e-type=\"column\">\n\t\t\t<div class=\"elementor-widget-wrap elementor-element-populated\">\n\t\t\t\t\t\t<div class=\"elementor-element elementor-element-a8655eb elementor-widget elementor-widget-text-editor\" data-id=\"a8655eb\" data-element_type=\"widget\" data-e-type=\"widget\" data-widget_type=\"text-editor.default\">\n\t\t\t\t<div class=\"elementor-widget-container\">\n\t\t\t\t\t\t\t\t\t<h2 class=\"p1\"><span style=\"color: #000000;\">Online-Terminvereinbarung f\u00fcr Ihren Pkw<\/span><\/h2><p class=\"p1\"><span style=\"color: #000000; font-size: inherit; font-family: var( --e-global-typography-text-font-family ), Sans-serif; font-weight: var( --e-global-typography-text-font-weight );\">Mit einem Klick zum Werkstatttermin:<\/span><\/p>\t\t\t\t\t\t\t\t<\/div>\n\t\t\t\t<\/div>\n\t\t\t\t\t<\/div>\n\t\t<\/div>\n\t\t\t\t\t<\/div>\n\t\t<\/section>\n\t\t\t\t<section class=\"elementor-section elementor-top-section elementor-element elementor-element-1c23ebf elementor-section-boxed elementor-section-height-default elementor-section-height-default wpr-particle-no wpr-jarallax-no wpr-parallax-no wpr-sticky-section-no wpr-equal-height-no\" data-id=\"1c23ebf\" data-element_type=\"section\" data-e-type=\"section\">\n\t\t\t\t\t\t<div class=\"elementor-container elementor-column-gap-default\">\n\t\t\t\t\t<div class=\"elementor-column elementor-col-100 elementor-top-column elementor-element elementor-element-354ce7f\" data-id=\"354ce7f\" data-element_type=\"column\" data-e-type=\"column\">\n\t\t\t<div class=\"elementor-widget-wrap elementor-element-populated\">\n\t\t\t\t\t\t<div class=\"elementor-element elementor-element-d318620 elementor-widget elementor-widget-image\" data-id=\"d318620\" data-element_type=\"widget\" data-e-type=\"widget\" data-widget_type=\"image.default\">\n\t\t\t\t<div class=\"elementor-widget-container\">\n\t\t\t\t\t\t\t\t\t\t\t\t\t\t\t\t<a href=\"https:\/\/plan.soft-nrg.com\/group\/AOOWj-TvNatg8Ur8QGhB3dulSe2Sn1EYZGL_ZNPu9myj2Dm5-UVAPQ\/express\" target=\"_blank\">\n\t\t\t\t\t\t\t<img decoding=\"async\" src=\"https:\/\/www.sueverkruep.de\/smart\/wp-content\/uploads\/sites\/8\/elementor\/thumbs\/otv_service_werkstatt_pkw-pvispfq5hohafv3twwsx93ndnvh00zklbsu3050x74.jpg\" title=\"otv_service_werkstatt_pkw\" alt=\"otv_service_werkstatt_pkw\" loading=\"lazy\" \/>\t\t\t\t\t\t\t\t<\/a>\n\t\t\t\t\t\t\t\t\t\t\t\t\t\t\t<\/div>\n\t\t\t\t<\/div>\n\t\t\t\t\t<\/div>\n\t\t<\/div>\n\t\t\t\t\t<\/div>\n\t\t<\/section>\n\t\t\t\t<\/div>\n\t\t","protected":false},"excerpt":{"rendered":"<p>Online-Terminvereinbarung f\u00fcr Ihren Pkw Mit einem Klick zum Werkstatttermin:<\/p>\n","protected":false},"author":18,"featured_media":0,"parent":0,"menu_order":0,"comment_status":"closed","ping_status":"closed","template":"elementor_header_footer","meta":{"footnotes":""},"class_list":["post-1995","page","type-page","status-publish","hentry"],"acf":[],"yoast_head":"<!-- This site is optimized with the Yoast SEO plugin v27.4 - https:\/\/yoast.com\/product\/yoast-seo-wordpress\/ -->\n<title>Terminvereinbarung &#8226; S\u00fcverkr\u00fcp smart<\/title>\n<meta name=\"robots\" content=\"index, follow, max-snippet:-1, max-image-preview:large, max-video-preview:-1\" \/>\n<link rel=\"canonical\" href=\"https:\/\/www.sueverkruep.de\/smart\/terminvereinbarung\/\" \/>\n<meta property=\"og:locale\" content=\"de_DE\" \/>\n<meta property=\"og:type\" content=\"article\" \/>\n<meta property=\"og:title\" content=\"Terminvereinbarung &#8226; S\u00fcverkr\u00fcp smart\" \/>\n<meta property=\"og:description\" content=\"Online-Terminvereinbarung f\u00fcr Ihren Pkw Mit einem Klick zum Werkstatttermin:\" \/>\n<meta property=\"og:url\" content=\"https:\/\/www.sueverkruep.de\/smart\/terminvereinbarung\/\" \/>\n<meta property=\"og:site_name\" content=\"S\u00fcverkr\u00fcp smart\" \/>\n<meta property=\"article:modified_time\" content=\"2023-03-16T10:19:52+00:00\" \/>\n<meta property=\"og:image\" content=\"https:\/\/www.sueverkruep.de\/smart\/wp-content\/uploads\/sites\/8\/elementor\/thumbs\/otv_service_werkstatt_pkw-pvispfq5hohafv3twwsx93ndnvh00zklbsu3050x74.jpg\" \/>\n<meta name=\"twitter:card\" content=\"summary_large_image\" \/>\n<meta name=\"twitter:label1\" content=\"Gesch\u00e4tzte Lesezeit\" \/>\n\t<meta name=\"twitter:data1\" content=\"1\u00a0Minute\" \/>\n<script type=\"application\/ld+json\" class=\"yoast-schema-graph\">{\"@context\":\"https:\\\/\\\/schema.org\",\"@graph\":[{\"@type\":\"WebPage\",\"@id\":\"https:\\\/\\\/www.sueverkruep.de\\\/smart\\\/terminvereinbarung\\\/\",\"url\":\"https:\\\/\\\/www.sueverkruep.de\\\/smart\\\/terminvereinbarung\\\/\",\"name\":\"Terminvereinbarung &#8226; S\u00fcverkr\u00fcp smart\",\"isPartOf\":{\"@id\":\"https:\\\/\\\/www.sueverkruep.de\\\/smart\\\/#website\"},\"primaryImageOfPage\":{\"@id\":\"https:\\\/\\\/www.sueverkruep.de\\\/smart\\\/terminvereinbarung\\\/#primaryimage\"},\"image\":{\"@id\":\"https:\\\/\\\/www.sueverkruep.de\\\/smart\\\/terminvereinbarung\\\/#primaryimage\"},\"thumbnailUrl\":\"https:\\\/\\\/www.sueverkruep.de\\\/smart\\\/wp-content\\\/uploads\\\/sites\\\/8\\\/elementor\\\/thumbs\\\/otv_service_werkstatt_pkw-pvispfq5hohafv3twwsx93ndnvh00zklbsu3050x74.jpg\",\"datePublished\":\"2022-09-30T10:52:15+00:00\",\"dateModified\":\"2023-03-16T10:19:52+00:00\",\"breadcrumb\":{\"@id\":\"https:\\\/\\\/www.sueverkruep.de\\\/smart\\\/terminvereinbarung\\\/#breadcrumb\"},\"inLanguage\":\"de\",\"potentialAction\":[{\"@type\":\"ReadAction\",\"target\":[\"https:\\\/\\\/www.sueverkruep.de\\\/smart\\\/terminvereinbarung\\\/\"]}]},{\"@type\":\"ImageObject\",\"inLanguage\":\"de\",\"@id\":\"https:\\\/\\\/www.sueverkruep.de\\\/smart\\\/terminvereinbarung\\\/#primaryimage\",\"url\":\"https:\\\/\\\/www.sueverkruep.de\\\/smart\\\/wp-content\\\/uploads\\\/sites\\\/8\\\/elementor\\\/thumbs\\\/otv_service_werkstatt_pkw-pvispfq5hohafv3twwsx93ndnvh00zklbsu3050x74.jpg\",\"contentUrl\":\"https:\\\/\\\/www.sueverkruep.de\\\/smart\\\/wp-content\\\/uploads\\\/sites\\\/8\\\/elementor\\\/thumbs\\\/otv_service_werkstatt_pkw-pvispfq5hohafv3twwsx93ndnvh00zklbsu3050x74.jpg\"},{\"@type\":\"BreadcrumbList\",\"@id\":\"https:\\\/\\\/www.sueverkruep.de\\\/smart\\\/terminvereinbarung\\\/#breadcrumb\",\"itemListElement\":[{\"@type\":\"ListItem\",\"position\":1,\"name\":\"Startseite\",\"item\":\"https:\\\/\\\/www.sueverkruep.de\\\/smart\\\/\"},{\"@type\":\"ListItem\",\"position\":2,\"name\":\"Terminvereinbarung\"}]},{\"@type\":\"WebSite\",\"@id\":\"https:\\\/\\\/www.sueverkruep.de\\\/smart\\\/#website\",\"url\":\"https:\\\/\\\/www.sueverkruep.de\\\/smart\\\/\",\"name\":\"S\u00fcverkr\u00fcp smart\",\"description\":\"Ihr L\u00e4cheln. Unser Antrieb.\",\"publisher\":{\"@id\":\"https:\\\/\\\/www.sueverkruep.de\\\/smart\\\/#organization\"},\"potentialAction\":[{\"@type\":\"SearchAction\",\"target\":{\"@type\":\"EntryPoint\",\"urlTemplate\":\"https:\\\/\\\/www.sueverkruep.de\\\/smart\\\/?s={search_term_string}\"},\"query-input\":{\"@type\":\"PropertyValueSpecification\",\"valueRequired\":true,\"valueName\":\"search_term_string\"}}],\"inLanguage\":\"de\"},{\"@type\":\"Organization\",\"@id\":\"https:\\\/\\\/www.sueverkruep.de\\\/smart\\\/#organization\",\"name\":\"S\u00fcverkr\u00fcp smart\",\"url\":\"https:\\\/\\\/www.sueverkruep.de\\\/smart\\\/\",\"logo\":{\"@type\":\"ImageObject\",\"inLanguage\":\"de\",\"@id\":\"https:\\\/\\\/www.sueverkruep.de\\\/smart\\\/#\\\/schema\\\/logo\\\/image\\\/\",\"url\":\"https:\\\/\\\/www.sueverkruep.de\\\/smart\\\/wp-content\\\/uploads\\\/sites\\\/8\\\/2022\\\/05\\\/cropped-smart_start_logo.png\",\"contentUrl\":\"https:\\\/\\\/www.sueverkruep.de\\\/smart\\\/wp-content\\\/uploads\\\/sites\\\/8\\\/2022\\\/05\\\/cropped-smart_start_logo.png\",\"width\":294,\"height\":88,\"caption\":\"S\u00fcverkr\u00fcp smart\"},\"image\":{\"@id\":\"https:\\\/\\\/www.sueverkruep.de\\\/smart\\\/#\\\/schema\\\/logo\\\/image\\\/\"}}]}<\/script>\n<!-- \/ Yoast SEO plugin. -->","yoast_head_json":{"title":"Terminvereinbarung &#8226; S\u00fcverkr\u00fcp smart","robots":{"index":"index","follow":"follow","max-snippet":"max-snippet:-1","max-image-preview":"max-image-preview:large","max-video-preview":"max-video-preview:-1"},"canonical":"https:\/\/www.sueverkruep.de\/smart\/terminvereinbarung\/","og_locale":"de_DE","og_type":"article","og_title":"Terminvereinbarung &#8226; S\u00fcverkr\u00fcp smart","og_description":"Online-Terminvereinbarung f\u00fcr Ihren Pkw Mit einem Klick zum Werkstatttermin:","og_url":"https:\/\/www.sueverkruep.de\/smart\/terminvereinbarung\/","og_site_name":"S\u00fcverkr\u00fcp smart","article_modified_time":"2023-03-16T10:19:52+00:00","og_image":[{"url":"https:\/\/www.sueverkruep.de\/smart\/wp-content\/uploads\/sites\/8\/elementor\/thumbs\/otv_service_werkstatt_pkw-pvispfq5hohafv3twwsx93ndnvh00zklbsu3050x74.jpg","type":"","width":"","height":""}],"twitter_card":"summary_large_image","twitter_misc":{"Gesch\u00e4tzte Lesezeit":"1\u00a0Minute"},"schema":{"@context":"https:\/\/schema.org","@graph":[{"@type":"WebPage","@id":"https:\/\/www.sueverkruep.de\/smart\/terminvereinbarung\/","url":"https:\/\/www.sueverkruep.de\/smart\/terminvereinbarung\/","name":"Terminvereinbarung &#8226; S\u00fcverkr\u00fcp smart","isPartOf":{"@id":"https:\/\/www.sueverkruep.de\/smart\/#website"},"primaryImageOfPage":{"@id":"https:\/\/www.sueverkruep.de\/smart\/terminvereinbarung\/#primaryimage"},"image":{"@id":"https:\/\/www.sueverkruep.de\/smart\/terminvereinbarung\/#primaryimage"},"thumbnailUrl":"https:\/\/www.sueverkruep.de\/smart\/wp-content\/uploads\/sites\/8\/elementor\/thumbs\/otv_service_werkstatt_pkw-pvispfq5hohafv3twwsx93ndnvh00zklbsu3050x74.jpg","datePublished":"2022-09-30T10:52:15+00:00","dateModified":"2023-03-16T10:19:52+00:00","breadcrumb":{"@id":"https:\/\/www.sueverkruep.de\/smart\/terminvereinbarung\/#breadcrumb"},"inLanguage":"de","potentialAction":[{"@type":"ReadAction","target":["https:\/\/www.sueverkruep.de\/smart\/terminvereinbarung\/"]}]},{"@type":"ImageObject","inLanguage":"de","@id":"https:\/\/www.sueverkruep.de\/smart\/terminvereinbarung\/#primaryimage","url":"https:\/\/www.sueverkruep.de\/smart\/wp-content\/uploads\/sites\/8\/elementor\/thumbs\/otv_service_werkstatt_pkw-pvispfq5hohafv3twwsx93ndnvh00zklbsu3050x74.jpg","contentUrl":"https:\/\/www.sueverkruep.de\/smart\/wp-content\/uploads\/sites\/8\/elementor\/thumbs\/otv_service_werkstatt_pkw-pvispfq5hohafv3twwsx93ndnvh00zklbsu3050x74.jpg"},{"@type":"BreadcrumbList","@id":"https:\/\/www.sueverkruep.de\/smart\/terminvereinbarung\/#breadcrumb","itemListElement":[{"@type":"ListItem","position":1,"name":"Startseite","item":"https:\/\/www.sueverkruep.de\/smart\/"},{"@type":"ListItem","position":2,"name":"Terminvereinbarung"}]},{"@type":"WebSite","@id":"https:\/\/www.sueverkruep.de\/smart\/#website","url":"https:\/\/www.sueverkruep.de\/smart\/","name":"S\u00fcverkr\u00fcp smart","description":"Ihr L\u00e4cheln. Unser Antrieb.","publisher":{"@id":"https:\/\/www.sueverkruep.de\/smart\/#organization"},"potentialAction":[{"@type":"SearchAction","target":{"@type":"EntryPoint","urlTemplate":"https:\/\/www.sueverkruep.de\/smart\/?s={search_term_string}"},"query-input":{"@type":"PropertyValueSpecification","valueRequired":true,"valueName":"search_term_string"}}],"inLanguage":"de"},{"@type":"Organization","@id":"https:\/\/www.sueverkruep.de\/smart\/#organization","name":"S\u00fcverkr\u00fcp smart","url":"https:\/\/www.sueverkruep.de\/smart\/","logo":{"@type":"ImageObject","inLanguage":"de","@id":"https:\/\/www.sueverkruep.de\/smart\/#\/schema\/logo\/image\/","url":"https:\/\/www.sueverkruep.de\/smart\/wp-content\/uploads\/sites\/8\/2022\/05\/cropped-smart_start_logo.png","contentUrl":"https:\/\/www.sueverkruep.de\/smart\/wp-content\/uploads\/sites\/8\/2022\/05\/cropped-smart_start_logo.png","width":294,"height":88,"caption":"S\u00fcverkr\u00fcp smart"},"image":{"@id":"https:\/\/www.sueverkruep.de\/smart\/#\/schema\/logo\/image\/"}}]}},"_links":{"self":[{"href":"https:\/\/www.sueverkruep.de\/smart\/wp-json\/wp\/v2\/pages\/1995","targetHints":{"allow":["GET"]}}],"collection":[{"href":"https:\/\/www.sueverkruep.de\/smart\/wp-json\/wp\/v2\/pages"}],"about":[{"href":"https:\/\/www.sueverkruep.de\/smart\/wp-json\/wp\/v2\/types\/page"}],"author":[{"embeddable":true,"href":"https:\/\/www.sueverkruep.de\/smart\/wp-json\/wp\/v2\/users\/18"}],"replies":[{"embeddable":true,"href":"https:\/\/www.sueverkruep.de\/smart\/wp-json\/wp\/v2\/comments?post=1995"}],"version-history":[{"count":10,"href":"https:\/\/www.sueverkruep.de\/smart\/wp-json\/wp\/v2\/pages\/1995\/revisions"}],"predecessor-version":[{"id":2671,"href":"https:\/\/www.sueverkruep.de\/smart\/wp-json\/wp\/v2\/pages\/1995\/revisions\/2671"}],"wp:attachment":[{"href":"https:\/\/www.sueverkruep.de\/smart\/wp-json\/wp\/v2\/media?parent=1995"}],"curies":[{"name":"wp","href":"https:\/\/api.w.org\/{rel}","templated":true}]}}