{"id":19,"date":"2019-02-27T14:22:59","date_gmt":"2019-02-27T13:22:59","guid":{"rendered":"http:\/\/localhost\/sueverkruep\/smart\/?page_id=19"},"modified":"2024-12-05T10:33:30","modified_gmt":"2024-12-05T09:33:30","slug":"smart-gebrauchtwagen","status":"publish","type":"page","link":"https:\/\/www.sueverkruep.de\/smart\/smart-gebrauchtwagen\/","title":{"rendered":"Gebrauchtwagen"},"content":{"rendered":"\t\t<div data-elementor-type=\"wp-page\" data-elementor-id=\"19\" class=\"elementor elementor-19\" data-elementor-post-type=\"page\">\n\t\t\t\t\t\t<section class=\"elementor-section elementor-top-section elementor-element elementor-element-69c191d3 elementor-section-full_width elementor-hidden-mobile elementor-hidden-tablet elementor-section-height-default elementor-section-height-default wpr-particle-no wpr-jarallax-no wpr-parallax-no wpr-sticky-section-no wpr-equal-height-no\" data-id=\"69c191d3\" data-element_type=\"section\" data-e-type=\"section\">\n\t\t\t\t\t\t<div class=\"elementor-container elementor-column-gap-default\">\n\t\t\t\t\t<div class=\"elementor-column elementor-col-50 elementor-top-column elementor-element elementor-element-1a291379\" data-id=\"1a291379\" data-element_type=\"column\" data-e-type=\"column\">\n\t\t\t<div class=\"elementor-widget-wrap elementor-element-populated\">\n\t\t\t\t\t\t<div class=\"elementor-element elementor-element-640f046b elementor-view-default elementor-widget elementor-widget-icon\" data-id=\"640f046b\" data-element_type=\"widget\" data-e-type=\"widget\" data-widget_type=\"icon.default\">\n\t\t\t\t<div class=\"elementor-widget-container\">\n\t\t\t\t\t\t\t<div class=\"elementor-icon-wrapper\">\n\t\t\t<a class=\"elementor-icon\" href=\"https:\/\/www.sueverkruep.de\">\n\t\t\t<i aria-hidden=\"true\" class=\"fas fa-home\"><\/i>\t\t\t<\/a>\n\t\t<\/div>\n\t\t\t\t\t\t<\/div>\n\t\t\t\t<\/div>\n\t\t\t\t\t<\/div>\n\t\t<\/div>\n\t\t\t\t<div class=\"elementor-column elementor-col-50 elementor-top-column elementor-element elementor-element-577b0fee\" data-id=\"577b0fee\" data-element_type=\"column\" data-e-type=\"column\">\n\t\t\t<div class=\"elementor-widget-wrap elementor-element-populated\">\n\t\t\t\t\t\t<div class=\"elementor-element elementor-element-5cc7e27f elementor-align-left elementor-widget elementor-widget-breadcrumbs\" data-id=\"5cc7e27f\" data-element_type=\"widget\" data-e-type=\"widget\" data-widget_type=\"breadcrumbs.default\">\n\t\t\t\t<div class=\"elementor-widget-container\">\n\t\t\t\t\t<p id=\"breadcrumbs\"><span><span><a href=\"https:\/\/www.sueverkruep.de\/smart\/\">Startseite<\/a><\/span><\/span><\/p>\t\t\t\t<\/div>\n\t\t\t\t<\/div>\n\t\t\t\t\t<\/div>\n\t\t<\/div>\n\t\t\t\t\t<\/div>\n\t\t<\/section>\n\t\t\t\t<section class=\"elementor-section elementor-top-section elementor-element elementor-element-39ad010 elementor-section-height-min-height elementor-section-boxed elementor-section-height-default elementor-section-items-middle wpr-particle-no wpr-jarallax-no wpr-parallax-no wpr-sticky-section-no wpr-equal-height-no\" data-id=\"39ad010\" data-element_type=\"section\" data-e-type=\"section\" data-settings=\"{&quot;background_background&quot;:&quot;classic&quot;}\">\n\t\t\t\t\t\t<div class=\"elementor-container elementor-column-gap-default\">\n\t\t\t\t\t<div class=\"elementor-column elementor-col-100 elementor-top-column elementor-element elementor-element-b550968\" data-id=\"b550968\" data-element_type=\"column\" data-e-type=\"column\">\n\t\t\t<div class=\"elementor-widget-wrap\">\n\t\t\t\t\t\t\t<\/div>\n\t\t<\/div>\n\t\t\t\t\t<\/div>\n\t\t<\/section>\n\t\t\t\t<section class=\"elementor-section elementor-top-section elementor-element elementor-element-b14c4d5 elementor-section-full_width elementor-section-height-default elementor-section-height-default wpr-particle-no wpr-jarallax-no wpr-parallax-no wpr-sticky-section-no wpr-equal-height-no\" data-id=\"b14c4d5\" data-element_type=\"section\" data-e-type=\"section\">\n\t\t\t\t\t\t<div class=\"elementor-container elementor-column-gap-default\">\n\t\t\t\t\t<div class=\"elementor-column elementor-col-100 elementor-top-column elementor-element elementor-element-003dcd1\" data-id=\"003dcd1\" data-element_type=\"column\" data-e-type=\"column\">\n\t\t\t<div class=\"elementor-widget-wrap elementor-element-populated\">\n\t\t\t\t\t\t<div class=\"elementor-element elementor-element-38b91fc elementor-widget elementor-widget-heading\" data-id=\"38b91fc\" data-element_type=\"widget\" data-e-type=\"widget\" data-widget_type=\"heading.default\">\n\t\t\t\t<div class=\"elementor-widget-container\">\n\t\t\t\t\t<h1 class=\"elementor-heading-title elementor-size-default\">smart Gebrauchtwagen.<\/h1>\t\t\t\t<\/div>\n\t\t\t\t<\/div>\n\t\t\t\t<div class=\"elementor-element elementor-element-3e2cbcb elementor-widget elementor-widget-text-editor\" data-id=\"3e2cbcb\" data-element_type=\"widget\" data-e-type=\"widget\" data-widget_type=\"text-editor.default\">\n\t\t\t\t<div class=\"elementor-widget-container\">\n\t\t\t\t\t\t\t\t\t<p>Entdecken Sie bei uns eine vielf\u00e4ltige Auswahl an smart Gebrauchtfahrzeugen \u2013 <strong>ohne Risiko<\/strong>. Wir bieten Ihnen <strong>hochwertige Fahrzeuge<\/strong>, kompetente Beratung und umfassenden Service. Seit <strong>\u00fcber 111 Jahren<\/strong> steht der Familienbetrieb S\u00fcverkr\u00fcp f\u00fcr <strong>Zuverl\u00e4ssigkeit und Kundenn\u00e4he<\/strong>.<\/p><p>Als zertifizierter <strong>jung@smart H\u00e4ndler<\/strong> finden Sie bei uns stets neue Modelle, egal ob <strong>fortwo<\/strong>, <strong>forfour<\/strong>, offen oder geschlossen. Sie k\u00f6nnen Ihren Traumflitzer <strong>leasen, finanzieren<\/strong> oder direkt kaufen.<\/p><p>Unsere Fahrzeuge sind <strong>sorgf\u00e4ltig gepr\u00fcft<\/strong> und in ausgezeichnetem Zustand. Sie profitieren von hoher Zuverl\u00e4ssigkeit, erstklassigem Fahrkomfort und <strong>ma\u00dfgeschneiderten Finanzierungsoptionen<\/strong>, die den Kaufprozess erleichtern.<\/p><p><strong>Vertrauen Sie auf unsere langj\u00e4hrige Erfahrung<\/strong> \u2013 wir unterst\u00fctzen Sie gerne dabei, den idealen smart Gebrauchtwagen f\u00fcr Ihre Bed\u00fcrfnisse zu finden.<\/p>\t\t\t\t\t\t\t\t<\/div>\n\t\t\t\t<\/div>\n\t\t\t\t<div class=\"elementor-element elementor-element-5698b25 elementor-widget elementor-widget-html\" data-id=\"5698b25\" data-element_type=\"widget\" data-e-type=\"widget\" data-widget_type=\"html.default\">\n\t\t\t\t<div class=\"elementor-widget-container\">\n\t\t\t\t\t<div data-cmzn24-slot=\"combination_smart\"><\/div>\t\t\t\t<\/div>\n\t\t\t\t<\/div>\n\t\t\t\t\t<\/div>\n\t\t<\/div>\n\t\t\t\t\t<\/div>\n\t\t<\/section>\n\t\t\t\t<\/div>\n\t\t","protected":false},"excerpt":{"rendered":"<p>smart Gebrauchtwagen. Entdecken Sie bei uns eine vielf\u00e4ltige Auswahl an smart Gebrauchtfahrzeugen \u2013 ohne Risiko. Wir bieten Ihnen hochwertige Fahrzeuge, kompetente Beratung und umfassenden Service. Seit \u00fcber 111 Jahren steht der Familienbetrieb S\u00fcverkr\u00fcp f\u00fcr Zuverl\u00e4ssigkeit und Kundenn\u00e4he. Als zertifizierter jung@smart H\u00e4ndler finden Sie bei uns stets neue Modelle, egal ob fortwo, forfour, offen oder geschlossen. Sie k\u00f6nnen Ihren Traumflitzer leasen, finanzieren oder direkt kaufen. Unsere Fahrzeuge sind sorgf\u00e4ltig gepr\u00fcft und in ausgezeichnetem Zustand. Sie profitieren von hoher Zuverl\u00e4ssigkeit, erstklassigem Fahrkomfort und ma\u00dfgeschneiderten Finanzierungsoptionen, die den Kaufprozess erleichtern. Vertrauen Sie auf unsere langj\u00e4hrige Erfahrung \u2013 wir unterst\u00fctzen Sie gerne dabei, den idealen smart Gebrauchtwagen f\u00fcr Ihre Bed\u00fcrfnisse zu finden.<\/p>\n","protected":false},"author":1,"featured_media":0,"parent":0,"menu_order":0,"comment_status":"closed","ping_status":"closed","template":"","meta":{"footnotes":""},"class_list":["post-19","page","type-page","status-publish","hentry"],"acf":[],"yoast_head":"<!-- This site is optimized with the Yoast SEO plugin v27.5 - https:\/\/yoast.com\/product\/yoast-seo-wordpress\/ -->\n<title>smart Gebrauchtwagen - S\u00fcverkr\u00fcp smart ber\u00e4t Sie gerne.<\/title>\n<meta name=\"description\" content=\"Coup\u00e9, Cabrio oder Viert\u00fcrer? W\u00e4hlen Sie aus erstklassigen Bestandsfahrzeugen und erleben Sie die Marke smart bei S\u00fcverkr\u00fcp.\" \/>\n<meta name=\"robots\" content=\"index, follow, max-snippet:-1, max-image-preview:large, max-video-preview:-1\" \/>\n<link rel=\"canonical\" href=\"https:\/\/www.sueverkruep.de\/smart\/gebrauchtwagen\/\" \/>\n<meta property=\"og:locale\" content=\"de_DE\" \/>\n<meta property=\"og:type\" content=\"article\" \/>\n<meta property=\"og:title\" content=\"smart Gebrauchtwagen - S\u00fcverkr\u00fcp smart ber\u00e4t Sie gerne.\" \/>\n<meta property=\"og:description\" content=\"Coup\u00e9, Cabrio oder Viert\u00fcrer? W\u00e4hlen Sie aus erstklassigen Bestandsfahrzeugen und erleben Sie die Marke smart bei S\u00fcverkr\u00fcp.\" \/>\n<meta property=\"og:url\" content=\"https:\/\/www.sueverkruep.de\/smart\/gebrauchtwagen\/\" \/>\n<meta property=\"og:site_name\" content=\"S\u00fcverkr\u00fcp smart\" \/>\n<meta property=\"article:modified_time\" content=\"2024-12-05T09:33:30+00:00\" \/>\n<meta name=\"twitter:card\" content=\"summary_large_image\" \/>\n<meta name=\"twitter:label1\" content=\"Gesch\u00e4tzte Lesezeit\" \/>\n\t<meta name=\"twitter:data1\" content=\"1\u00a0Minute\" \/>\n<script type=\"application\/ld+json\" class=\"yoast-schema-graph\">{\"@context\":\"https:\\\/\\\/schema.org\",\"@graph\":[{\"@type\":\"WebPage\",\"@id\":\"https:\\\/\\\/www.sueverkruep.de\\\/smart\\\/smart-gebrauchtwagen\\\/\",\"url\":\"https:\\\/\\\/www.sueverkruep.de\\\/smart\\\/gebrauchtwagen\\\/\",\"name\":\"smart Gebrauchtwagen - S\u00fcverkr\u00fcp smart ber\u00e4t Sie gerne.\",\"isPartOf\":{\"@id\":\"https:\\\/\\\/www.sueverkruep.de\\\/smart\\\/#website\"},\"datePublished\":\"2019-02-27T13:22:59+00:00\",\"dateModified\":\"2024-12-05T09:33:30+00:00\",\"description\":\"Coup\u00e9, Cabrio oder Viert\u00fcrer? W\u00e4hlen Sie aus erstklassigen Bestandsfahrzeugen und erleben Sie die Marke smart bei S\u00fcverkr\u00fcp.\",\"breadcrumb\":{\"@id\":\"https:\\\/\\\/www.sueverkruep.de\\\/smart\\\/gebrauchtwagen\\\/#breadcrumb\"},\"inLanguage\":\"de\",\"potentialAction\":[{\"@type\":\"ReadAction\",\"target\":[\"https:\\\/\\\/www.sueverkruep.de\\\/smart\\\/gebrauchtwagen\\\/\"]}]},{\"@type\":\"BreadcrumbList\",\"@id\":\"https:\\\/\\\/www.sueverkruep.de\\\/smart\\\/gebrauchtwagen\\\/#breadcrumb\",\"itemListElement\":[{\"@type\":\"ListItem\",\"position\":1,\"name\":\"Startseite\",\"item\":\"https:\\\/\\\/www.sueverkruep.de\\\/smart\\\/\"},{\"@type\":\"ListItem\",\"position\":2,\"name\":\"Gebrauchtwagen\"}]},{\"@type\":\"WebSite\",\"@id\":\"https:\\\/\\\/www.sueverkruep.de\\\/smart\\\/#website\",\"url\":\"https:\\\/\\\/www.sueverkruep.de\\\/smart\\\/\",\"name\":\"S\u00fcverkr\u00fcp smart\",\"description\":\"Ihr L\u00e4cheln. Unser Antrieb.\",\"publisher\":{\"@id\":\"https:\\\/\\\/www.sueverkruep.de\\\/smart\\\/#organization\"},\"potentialAction\":[{\"@type\":\"SearchAction\",\"target\":{\"@type\":\"EntryPoint\",\"urlTemplate\":\"https:\\\/\\\/www.sueverkruep.de\\\/smart\\\/?s={search_term_string}\"},\"query-input\":{\"@type\":\"PropertyValueSpecification\",\"valueRequired\":true,\"valueName\":\"search_term_string\"}}],\"inLanguage\":\"de\"},{\"@type\":\"Organization\",\"@id\":\"https:\\\/\\\/www.sueverkruep.de\\\/smart\\\/#organization\",\"name\":\"S\u00fcverkr\u00fcp smart\",\"url\":\"https:\\\/\\\/www.sueverkruep.de\\\/smart\\\/\",\"logo\":{\"@type\":\"ImageObject\",\"inLanguage\":\"de\",\"@id\":\"https:\\\/\\\/www.sueverkruep.de\\\/smart\\\/#\\\/schema\\\/logo\\\/image\\\/\",\"url\":\"https:\\\/\\\/www.sueverkruep.de\\\/smart\\\/wp-content\\\/uploads\\\/sites\\\/8\\\/2022\\\/05\\\/cropped-smart_start_logo.png\",\"contentUrl\":\"https:\\\/\\\/www.sueverkruep.de\\\/smart\\\/wp-content\\\/uploads\\\/sites\\\/8\\\/2022\\\/05\\\/cropped-smart_start_logo.png\",\"width\":294,\"height\":88,\"caption\":\"S\u00fcverkr\u00fcp smart\"},\"image\":{\"@id\":\"https:\\\/\\\/www.sueverkruep.de\\\/smart\\\/#\\\/schema\\\/logo\\\/image\\\/\"}}]}<\/script>\n<!-- \/ Yoast SEO plugin. -->","yoast_head_json":{"title":"smart Gebrauchtwagen - S\u00fcverkr\u00fcp smart ber\u00e4t Sie gerne.","description":"Coup\u00e9, Cabrio oder Viert\u00fcrer? W\u00e4hlen Sie aus erstklassigen Bestandsfahrzeugen und erleben Sie die Marke smart bei S\u00fcverkr\u00fcp.","robots":{"index":"index","follow":"follow","max-snippet":"max-snippet:-1","max-image-preview":"max-image-preview:large","max-video-preview":"max-video-preview:-1"},"canonical":"https:\/\/www.sueverkruep.de\/smart\/gebrauchtwagen\/","og_locale":"de_DE","og_type":"article","og_title":"smart Gebrauchtwagen - S\u00fcverkr\u00fcp smart ber\u00e4t Sie gerne.","og_description":"Coup\u00e9, Cabrio oder Viert\u00fcrer? W\u00e4hlen Sie aus erstklassigen Bestandsfahrzeugen und erleben Sie die Marke smart bei S\u00fcverkr\u00fcp.","og_url":"https:\/\/www.sueverkruep.de\/smart\/gebrauchtwagen\/","og_site_name":"S\u00fcverkr\u00fcp smart","article_modified_time":"2024-12-05T09:33:30+00:00","twitter_card":"summary_large_image","twitter_misc":{"Gesch\u00e4tzte Lesezeit":"1\u00a0Minute"},"schema":{"@context":"https:\/\/schema.org","@graph":[{"@type":"WebPage","@id":"https:\/\/www.sueverkruep.de\/smart\/smart-gebrauchtwagen\/","url":"https:\/\/www.sueverkruep.de\/smart\/gebrauchtwagen\/","name":"smart Gebrauchtwagen - S\u00fcverkr\u00fcp smart ber\u00e4t Sie gerne.","isPartOf":{"@id":"https:\/\/www.sueverkruep.de\/smart\/#website"},"datePublished":"2019-02-27T13:22:59+00:00","dateModified":"2024-12-05T09:33:30+00:00","description":"Coup\u00e9, Cabrio oder Viert\u00fcrer? W\u00e4hlen Sie aus erstklassigen Bestandsfahrzeugen und erleben Sie die Marke smart bei S\u00fcverkr\u00fcp.","breadcrumb":{"@id":"https:\/\/www.sueverkruep.de\/smart\/gebrauchtwagen\/#breadcrumb"},"inLanguage":"de","potentialAction":[{"@type":"ReadAction","target":["https:\/\/www.sueverkruep.de\/smart\/gebrauchtwagen\/"]}]},{"@type":"BreadcrumbList","@id":"https:\/\/www.sueverkruep.de\/smart\/gebrauchtwagen\/#breadcrumb","itemListElement":[{"@type":"ListItem","position":1,"name":"Startseite","item":"https:\/\/www.sueverkruep.de\/smart\/"},{"@type":"ListItem","position":2,"name":"Gebrauchtwagen"}]},{"@type":"WebSite","@id":"https:\/\/www.sueverkruep.de\/smart\/#website","url":"https:\/\/www.sueverkruep.de\/smart\/","name":"S\u00fcverkr\u00fcp smart","description":"Ihr L\u00e4cheln. Unser Antrieb.","publisher":{"@id":"https:\/\/www.sueverkruep.de\/smart\/#organization"},"potentialAction":[{"@type":"SearchAction","target":{"@type":"EntryPoint","urlTemplate":"https:\/\/www.sueverkruep.de\/smart\/?s={search_term_string}"},"query-input":{"@type":"PropertyValueSpecification","valueRequired":true,"valueName":"search_term_string"}}],"inLanguage":"de"},{"@type":"Organization","@id":"https:\/\/www.sueverkruep.de\/smart\/#organization","name":"S\u00fcverkr\u00fcp smart","url":"https:\/\/www.sueverkruep.de\/smart\/","logo":{"@type":"ImageObject","inLanguage":"de","@id":"https:\/\/www.sueverkruep.de\/smart\/#\/schema\/logo\/image\/","url":"https:\/\/www.sueverkruep.de\/smart\/wp-content\/uploads\/sites\/8\/2022\/05\/cropped-smart_start_logo.png","contentUrl":"https:\/\/www.sueverkruep.de\/smart\/wp-content\/uploads\/sites\/8\/2022\/05\/cropped-smart_start_logo.png","width":294,"height":88,"caption":"S\u00fcverkr\u00fcp smart"},"image":{"@id":"https:\/\/www.sueverkruep.de\/smart\/#\/schema\/logo\/image\/"}}]}},"_links":{"self":[{"href":"https:\/\/www.sueverkruep.de\/smart\/wp-json\/wp\/v2\/pages\/19","targetHints":{"allow":["GET"]}}],"collection":[{"href":"https:\/\/www.sueverkruep.de\/smart\/wp-json\/wp\/v2\/pages"}],"about":[{"href":"https:\/\/www.sueverkruep.de\/smart\/wp-json\/wp\/v2\/types\/page"}],"author":[{"embeddable":true,"href":"https:\/\/www.sueverkruep.de\/smart\/wp-json\/wp\/v2\/users\/1"}],"replies":[{"embeddable":true,"href":"https:\/\/www.sueverkruep.de\/smart\/wp-json\/wp\/v2\/comments?post=19"}],"version-history":[{"count":39,"href":"https:\/\/www.sueverkruep.de\/smart\/wp-json\/wp\/v2\/pages\/19\/revisions"}],"predecessor-version":[{"id":4681,"href":"https:\/\/www.sueverkruep.de\/smart\/wp-json\/wp\/v2\/pages\/19\/revisions\/4681"}],"wp:attachment":[{"href":"https:\/\/www.sueverkruep.de\/smart\/wp-json\/wp\/v2\/media?parent=19"}],"curies":[{"name":"wp","href":"https:\/\/api.w.org\/{rel}","templated":true}]}}