{"id":1057,"date":"2019-12-03T12:09:40","date_gmt":"2019-12-03T11:09:40","guid":{"rendered":"http:\/\/dev.sueverkruep.org\/renault\/?page_id=1057"},"modified":"2020-02-04T13:59:38","modified_gmt":"2020-02-04T12:59:38","slug":"kontakt","status":"publish","type":"page","link":"https:\/\/www.sueverkruep.de\/renault\/kontakt\/","title":{"rendered":"Kontakt"},"content":{"rendered":"","protected":false},"excerpt":{"rendered":"","protected":false},"author":4,"featured_media":0,"parent":0,"menu_order":0,"comment_status":"closed","ping_status":"closed","template":"page-template\/page-flexibleContent.php","meta":{"footnotes":""},"class_list":["post-1057","page","type-page","status-publish","hentry"],"acf":[],"yoast_head":"<!-- This site is optimized with the Yoast SEO plugin v27.4 - https:\/\/yoast.com\/product\/yoast-seo-wordpress\/ -->\n<title>Kontakt - S\u00fcverkr\u00fcp Renault<\/title>\n<meta name=\"robots\" content=\"index, follow, max-snippet:-1, max-image-preview:large, max-video-preview:-1\" \/>\n<link rel=\"canonical\" href=\"https:\/\/www.sueverkruep.de\/renault\/kontakt\/\" \/>\n<meta property=\"og:locale\" content=\"de_DE\" \/>\n<meta property=\"og:type\" content=\"article\" \/>\n<meta property=\"og:title\" content=\"Kontakt - S\u00fcverkr\u00fcp Renault\" \/>\n<meta property=\"og:url\" content=\"https:\/\/www.sueverkruep.de\/renault\/kontakt\/\" \/>\n<meta property=\"og:site_name\" content=\"S\u00fcverkr\u00fcp Renault\" \/>\n<meta property=\"article:modified_time\" content=\"2020-02-04T12:59:38+00:00\" \/>\n<meta name=\"twitter:card\" content=\"summary_large_image\" \/>\n<script type=\"application\/ld+json\" class=\"yoast-schema-graph\">{\"@context\":\"https:\\\/\\\/schema.org\",\"@graph\":[{\"@type\":\"WebPage\",\"@id\":\"https:\\\/\\\/www.sueverkruep.de\\\/renault\\\/kontakt\\\/\",\"url\":\"https:\\\/\\\/www.sueverkruep.de\\\/renault\\\/kontakt\\\/\",\"name\":\"Kontakt - S\u00fcverkr\u00fcp Renault\",\"isPartOf\":{\"@id\":\"https:\\\/\\\/www.sueverkruep.de\\\/renault\\\/#website\"},\"datePublished\":\"2019-12-03T11:09:40+00:00\",\"dateModified\":\"2020-02-04T12:59:38+00:00\",\"breadcrumb\":{\"@id\":\"https:\\\/\\\/www.sueverkruep.de\\\/renault\\\/kontakt\\\/#breadcrumb\"},\"inLanguage\":\"de\",\"potentialAction\":[{\"@type\":\"ReadAction\",\"target\":[\"https:\\\/\\\/www.sueverkruep.de\\\/renault\\\/kontakt\\\/\"]}]},{\"@type\":\"BreadcrumbList\",\"@id\":\"https:\\\/\\\/www.sueverkruep.de\\\/renault\\\/kontakt\\\/#breadcrumb\",\"itemListElement\":[{\"@type\":\"ListItem\",\"position\":1,\"name\":\"Startseite Renault\",\"item\":\"https:\\\/\\\/www.sueverkruep.de\\\/renault\\\/\"},{\"@type\":\"ListItem\",\"position\":2,\"name\":\"Kontakt\"}]},{\"@type\":\"WebSite\",\"@id\":\"https:\\\/\\\/www.sueverkruep.de\\\/renault\\\/#website\",\"url\":\"https:\\\/\\\/www.sueverkruep.de\\\/renault\\\/\",\"name\":\"S\u00fcverkr\u00fcp Renault\",\"description\":\"Ihr L\u00e4cheln. Unser Antrieb.\",\"publisher\":{\"@id\":\"https:\\\/\\\/www.sueverkruep.de\\\/renault\\\/#organization\"},\"potentialAction\":[{\"@type\":\"SearchAction\",\"target\":{\"@type\":\"EntryPoint\",\"urlTemplate\":\"https:\\\/\\\/www.sueverkruep.de\\\/renault\\\/?s={search_term_string}\"},\"query-input\":{\"@type\":\"PropertyValueSpecification\",\"valueRequired\":true,\"valueName\":\"search_term_string\"}}],\"inLanguage\":\"de\"},{\"@type\":\"Organization\",\"@id\":\"https:\\\/\\\/www.sueverkruep.de\\\/renault\\\/#organization\",\"name\":\"S\u00fcverkr\u00fcp Renault\",\"url\":\"https:\\\/\\\/www.sueverkruep.de\\\/renault\\\/\",\"logo\":{\"@type\":\"ImageObject\",\"inLanguage\":\"de\",\"@id\":\"https:\\\/\\\/www.sueverkruep.de\\\/renault\\\/#\\\/schema\\\/logo\\\/image\\\/\",\"url\":\"https:\\\/\\\/www.sueverkruep.de\\\/renault\\\/wp-content\\\/uploads\\\/sites\\\/3\\\/2020\\\/12\\\/cropped-renault_logoo.png\",\"contentUrl\":\"https:\\\/\\\/www.sueverkruep.de\\\/renault\\\/wp-content\\\/uploads\\\/sites\\\/3\\\/2020\\\/12\\\/cropped-renault_logoo.png\",\"width\":294,\"height\":88,\"caption\":\"S\u00fcverkr\u00fcp Renault\"},\"image\":{\"@id\":\"https:\\\/\\\/www.sueverkruep.de\\\/renault\\\/#\\\/schema\\\/logo\\\/image\\\/\"}}]}<\/script>\n<!-- \/ Yoast SEO plugin. -->","yoast_head_json":{"title":"Kontakt - S\u00fcverkr\u00fcp Renault","robots":{"index":"index","follow":"follow","max-snippet":"max-snippet:-1","max-image-preview":"max-image-preview:large","max-video-preview":"max-video-preview:-1"},"canonical":"https:\/\/www.sueverkruep.de\/renault\/kontakt\/","og_locale":"de_DE","og_type":"article","og_title":"Kontakt - S\u00fcverkr\u00fcp Renault","og_url":"https:\/\/www.sueverkruep.de\/renault\/kontakt\/","og_site_name":"S\u00fcverkr\u00fcp Renault","article_modified_time":"2020-02-04T12:59:38+00:00","twitter_card":"summary_large_image","schema":{"@context":"https:\/\/schema.org","@graph":[{"@type":"WebPage","@id":"https:\/\/www.sueverkruep.de\/renault\/kontakt\/","url":"https:\/\/www.sueverkruep.de\/renault\/kontakt\/","name":"Kontakt - S\u00fcverkr\u00fcp Renault","isPartOf":{"@id":"https:\/\/www.sueverkruep.de\/renault\/#website"},"datePublished":"2019-12-03T11:09:40+00:00","dateModified":"2020-02-04T12:59:38+00:00","breadcrumb":{"@id":"https:\/\/www.sueverkruep.de\/renault\/kontakt\/#breadcrumb"},"inLanguage":"de","potentialAction":[{"@type":"ReadAction","target":["https:\/\/www.sueverkruep.de\/renault\/kontakt\/"]}]},{"@type":"BreadcrumbList","@id":"https:\/\/www.sueverkruep.de\/renault\/kontakt\/#breadcrumb","itemListElement":[{"@type":"ListItem","position":1,"name":"Startseite Renault","item":"https:\/\/www.sueverkruep.de\/renault\/"},{"@type":"ListItem","position":2,"name":"Kontakt"}]},{"@type":"WebSite","@id":"https:\/\/www.sueverkruep.de\/renault\/#website","url":"https:\/\/www.sueverkruep.de\/renault\/","name":"S\u00fcverkr\u00fcp Renault","description":"Ihr L\u00e4cheln. Unser Antrieb.","publisher":{"@id":"https:\/\/www.sueverkruep.de\/renault\/#organization"},"potentialAction":[{"@type":"SearchAction","target":{"@type":"EntryPoint","urlTemplate":"https:\/\/www.sueverkruep.de\/renault\/?s={search_term_string}"},"query-input":{"@type":"PropertyValueSpecification","valueRequired":true,"valueName":"search_term_string"}}],"inLanguage":"de"},{"@type":"Organization","@id":"https:\/\/www.sueverkruep.de\/renault\/#organization","name":"S\u00fcverkr\u00fcp Renault","url":"https:\/\/www.sueverkruep.de\/renault\/","logo":{"@type":"ImageObject","inLanguage":"de","@id":"https:\/\/www.sueverkruep.de\/renault\/#\/schema\/logo\/image\/","url":"https:\/\/www.sueverkruep.de\/renault\/wp-content\/uploads\/sites\/3\/2020\/12\/cropped-renault_logoo.png","contentUrl":"https:\/\/www.sueverkruep.de\/renault\/wp-content\/uploads\/sites\/3\/2020\/12\/cropped-renault_logoo.png","width":294,"height":88,"caption":"S\u00fcverkr\u00fcp Renault"},"image":{"@id":"https:\/\/www.sueverkruep.de\/renault\/#\/schema\/logo\/image\/"}}]}},"_links":{"self":[{"href":"https:\/\/www.sueverkruep.de\/renault\/wp-json\/wp\/v2\/pages\/1057","targetHints":{"allow":["GET"]}}],"collection":[{"href":"https:\/\/www.sueverkruep.de\/renault\/wp-json\/wp\/v2\/pages"}],"about":[{"href":"https:\/\/www.sueverkruep.de\/renault\/wp-json\/wp\/v2\/types\/page"}],"author":[{"embeddable":true,"href":"https:\/\/www.sueverkruep.de\/renault\/wp-json\/wp\/v2\/users\/4"}],"replies":[{"embeddable":true,"href":"https:\/\/www.sueverkruep.de\/renault\/wp-json\/wp\/v2\/comments?post=1057"}],"version-history":[{"count":4,"href":"https:\/\/www.sueverkruep.de\/renault\/wp-json\/wp\/v2\/pages\/1057\/revisions"}],"predecessor-version":[{"id":1337,"href":"https:\/\/www.sueverkruep.de\/renault\/wp-json\/wp\/v2\/pages\/1057\/revisions\/1337"}],"wp:attachment":[{"href":"https:\/\/www.sueverkruep.de\/renault\/wp-json\/wp\/v2\/media?parent=1057"}],"curies":[{"name":"wp","href":"https:\/\/api.w.org\/{rel}","templated":true}]}}