{"id":7246,"date":"2020-01-16T08:54:32","date_gmt":"2020-01-16T07:54:32","guid":{"rendered":"http:\/\/dev.sueverkruep.org\/mercedes-benz\/?page_id=7246"},"modified":"2020-10-01T15:19:34","modified_gmt":"2020-10-01T13:19:34","slug":"probefahrt-lkw","status":"publish","type":"page","link":"https:\/\/www.sueverkruep.de\/mercedes-benz\/probefahrt-lkw\/","title":{"rendered":"Probefahrt Lkw"},"content":{"rendered":"","protected":false},"excerpt":{"rendered":"","protected":false},"author":18,"featured_media":0,"parent":0,"menu_order":0,"comment_status":"closed","ping_status":"closed","template":"page-template\/page-flexibleContent.php","meta":{"footnotes":""},"class_list":["post-7246","page","type-page","status-publish","hentry"],"acf":[],"yoast_head":"<!-- This site is optimized with the Yoast SEO plugin v27.3 - https:\/\/yoast.com\/product\/yoast-seo-wordpress\/ -->\n<title>Probefahrt Lkw - S\u00fcverkr\u00fcp Mercedes-Benz<\/title>\n<meta name=\"description\" content=\"Sie m\u00f6chten Ihren Mercedes-Benz Lkw der Tr\u00e4ume nun unbedingt in Aktion erleben? Dann vereinbaren Sie jetzt eine Probefahrt bei uns.\" \/>\n<meta name=\"robots\" content=\"index, follow, max-snippet:-1, max-image-preview:large, max-video-preview:-1\" \/>\n<link rel=\"canonical\" href=\"https:\/\/www.sueverkruep.de\/mercedes-benz\/probefahrt-lkw\/\" \/>\n<meta property=\"og:locale\" content=\"de_DE\" \/>\n<meta property=\"og:type\" content=\"article\" \/>\n<meta property=\"og:title\" content=\"Probefahrt Lkw - S\u00fcverkr\u00fcp Mercedes-Benz\" \/>\n<meta property=\"og:description\" content=\"Sie m\u00f6chten Ihren Mercedes-Benz Lkw der Tr\u00e4ume nun unbedingt in Aktion erleben? Dann vereinbaren Sie jetzt eine Probefahrt bei uns.\" \/>\n<meta property=\"og:url\" content=\"https:\/\/www.sueverkruep.de\/mercedes-benz\/probefahrt-lkw\/\" \/>\n<meta property=\"og:site_name\" content=\"S\u00fcverkr\u00fcp Mercedes-Benz\" \/>\n<meta property=\"article:modified_time\" content=\"2020-10-01T13:19:34+00:00\" \/>\n<meta name=\"twitter:card\" content=\"summary_large_image\" \/>\n<script type=\"application\/ld+json\" class=\"yoast-schema-graph\">{\"@context\":\"https:\\\/\\\/schema.org\",\"@graph\":[{\"@type\":\"WebPage\",\"@id\":\"https:\\\/\\\/www.sueverkruep.de\\\/mercedes-benz\\\/probefahrt-lkw\\\/\",\"url\":\"https:\\\/\\\/www.sueverkruep.de\\\/mercedes-benz\\\/probefahrt-lkw\\\/\",\"name\":\"Probefahrt Lkw - S\u00fcverkr\u00fcp Mercedes-Benz\",\"isPartOf\":{\"@id\":\"https:\\\/\\\/www.sueverkruep.de\\\/mercedes-benz\\\/#website\"},\"datePublished\":\"2020-01-16T07:54:32+00:00\",\"dateModified\":\"2020-10-01T13:19:34+00:00\",\"description\":\"Sie m\u00f6chten Ihren Mercedes-Benz Lkw der Tr\u00e4ume nun unbedingt in Aktion erleben? Dann vereinbaren Sie jetzt eine Probefahrt bei uns.\",\"breadcrumb\":{\"@id\":\"https:\\\/\\\/www.sueverkruep.de\\\/mercedes-benz\\\/probefahrt-lkw\\\/#breadcrumb\"},\"inLanguage\":\"de\",\"potentialAction\":[{\"@type\":\"ReadAction\",\"target\":[\"https:\\\/\\\/www.sueverkruep.de\\\/mercedes-benz\\\/probefahrt-lkw\\\/\"]}]},{\"@type\":\"BreadcrumbList\",\"@id\":\"https:\\\/\\\/www.sueverkruep.de\\\/mercedes-benz\\\/probefahrt-lkw\\\/#breadcrumb\",\"itemListElement\":[{\"@type\":\"ListItem\",\"position\":1,\"name\":\"Mercedes-Benz\",\"item\":\"https:\\\/\\\/www.sueverkruep.de\\\/mercedes-benz\\\/\"},{\"@type\":\"ListItem\",\"position\":2,\"name\":\"Probefahrt Lkw\"}]},{\"@type\":\"WebSite\",\"@id\":\"https:\\\/\\\/www.sueverkruep.de\\\/mercedes-benz\\\/#website\",\"url\":\"https:\\\/\\\/www.sueverkruep.de\\\/mercedes-benz\\\/\",\"name\":\"S\u00fcverkr\u00fcp Mercedes-Benz\",\"description\":\"Ihr L\u00e4cheln. Unser Antrieb.\",\"publisher\":{\"@id\":\"https:\\\/\\\/www.sueverkruep.de\\\/mercedes-benz\\\/#organization\"},\"potentialAction\":[{\"@type\":\"SearchAction\",\"target\":{\"@type\":\"EntryPoint\",\"urlTemplate\":\"https:\\\/\\\/www.sueverkruep.de\\\/mercedes-benz\\\/?s={search_term_string}\"},\"query-input\":{\"@type\":\"PropertyValueSpecification\",\"valueRequired\":true,\"valueName\":\"search_term_string\"}}],\"inLanguage\":\"de\"},{\"@type\":\"Organization\",\"@id\":\"https:\\\/\\\/www.sueverkruep.de\\\/mercedes-benz\\\/#organization\",\"name\":\"S\u00fcverkr\u00fcp Mercedes-Benz\",\"url\":\"https:\\\/\\\/www.sueverkruep.de\\\/mercedes-benz\\\/\",\"logo\":{\"@type\":\"ImageObject\",\"inLanguage\":\"de\",\"@id\":\"https:\\\/\\\/www.sueverkruep.de\\\/mercedes-benz\\\/#\\\/schema\\\/logo\\\/image\\\/\",\"url\":\"https:\\\/\\\/www.sueverkruep.de\\\/mercedes-benz\\\/wp-content\\\/uploads\\\/sites\\\/2\\\/2020\\\/12\\\/cropped-mb_logoo.png\",\"contentUrl\":\"https:\\\/\\\/www.sueverkruep.de\\\/mercedes-benz\\\/wp-content\\\/uploads\\\/sites\\\/2\\\/2020\\\/12\\\/cropped-mb_logoo.png\",\"width\":294,\"height\":88,\"caption\":\"S\u00fcverkr\u00fcp Mercedes-Benz\"},\"image\":{\"@id\":\"https:\\\/\\\/www.sueverkruep.de\\\/mercedes-benz\\\/#\\\/schema\\\/logo\\\/image\\\/\"}}]}<\/script>\n<!-- \/ Yoast SEO plugin. -->","yoast_head_json":{"title":"Probefahrt Lkw - S\u00fcverkr\u00fcp Mercedes-Benz","description":"Sie m\u00f6chten Ihren Mercedes-Benz Lkw der Tr\u00e4ume nun unbedingt in Aktion erleben? Dann vereinbaren Sie jetzt eine Probefahrt bei uns.","robots":{"index":"index","follow":"follow","max-snippet":"max-snippet:-1","max-image-preview":"max-image-preview:large","max-video-preview":"max-video-preview:-1"},"canonical":"https:\/\/www.sueverkruep.de\/mercedes-benz\/probefahrt-lkw\/","og_locale":"de_DE","og_type":"article","og_title":"Probefahrt Lkw - S\u00fcverkr\u00fcp Mercedes-Benz","og_description":"Sie m\u00f6chten Ihren Mercedes-Benz Lkw der Tr\u00e4ume nun unbedingt in Aktion erleben? Dann vereinbaren Sie jetzt eine Probefahrt bei uns.","og_url":"https:\/\/www.sueverkruep.de\/mercedes-benz\/probefahrt-lkw\/","og_site_name":"S\u00fcverkr\u00fcp Mercedes-Benz","article_modified_time":"2020-10-01T13:19:34+00:00","twitter_card":"summary_large_image","schema":{"@context":"https:\/\/schema.org","@graph":[{"@type":"WebPage","@id":"https:\/\/www.sueverkruep.de\/mercedes-benz\/probefahrt-lkw\/","url":"https:\/\/www.sueverkruep.de\/mercedes-benz\/probefahrt-lkw\/","name":"Probefahrt Lkw - S\u00fcverkr\u00fcp Mercedes-Benz","isPartOf":{"@id":"https:\/\/www.sueverkruep.de\/mercedes-benz\/#website"},"datePublished":"2020-01-16T07:54:32+00:00","dateModified":"2020-10-01T13:19:34+00:00","description":"Sie m\u00f6chten Ihren Mercedes-Benz Lkw der Tr\u00e4ume nun unbedingt in Aktion erleben? Dann vereinbaren Sie jetzt eine Probefahrt bei uns.","breadcrumb":{"@id":"https:\/\/www.sueverkruep.de\/mercedes-benz\/probefahrt-lkw\/#breadcrumb"},"inLanguage":"de","potentialAction":[{"@type":"ReadAction","target":["https:\/\/www.sueverkruep.de\/mercedes-benz\/probefahrt-lkw\/"]}]},{"@type":"BreadcrumbList","@id":"https:\/\/www.sueverkruep.de\/mercedes-benz\/probefahrt-lkw\/#breadcrumb","itemListElement":[{"@type":"ListItem","position":1,"name":"Mercedes-Benz","item":"https:\/\/www.sueverkruep.de\/mercedes-benz\/"},{"@type":"ListItem","position":2,"name":"Probefahrt Lkw"}]},{"@type":"WebSite","@id":"https:\/\/www.sueverkruep.de\/mercedes-benz\/#website","url":"https:\/\/www.sueverkruep.de\/mercedes-benz\/","name":"S\u00fcverkr\u00fcp Mercedes-Benz","description":"Ihr L\u00e4cheln. Unser Antrieb.","publisher":{"@id":"https:\/\/www.sueverkruep.de\/mercedes-benz\/#organization"},"potentialAction":[{"@type":"SearchAction","target":{"@type":"EntryPoint","urlTemplate":"https:\/\/www.sueverkruep.de\/mercedes-benz\/?s={search_term_string}"},"query-input":{"@type":"PropertyValueSpecification","valueRequired":true,"valueName":"search_term_string"}}],"inLanguage":"de"},{"@type":"Organization","@id":"https:\/\/www.sueverkruep.de\/mercedes-benz\/#organization","name":"S\u00fcverkr\u00fcp Mercedes-Benz","url":"https:\/\/www.sueverkruep.de\/mercedes-benz\/","logo":{"@type":"ImageObject","inLanguage":"de","@id":"https:\/\/www.sueverkruep.de\/mercedes-benz\/#\/schema\/logo\/image\/","url":"https:\/\/www.sueverkruep.de\/mercedes-benz\/wp-content\/uploads\/sites\/2\/2020\/12\/cropped-mb_logoo.png","contentUrl":"https:\/\/www.sueverkruep.de\/mercedes-benz\/wp-content\/uploads\/sites\/2\/2020\/12\/cropped-mb_logoo.png","width":294,"height":88,"caption":"S\u00fcverkr\u00fcp Mercedes-Benz"},"image":{"@id":"https:\/\/www.sueverkruep.de\/mercedes-benz\/#\/schema\/logo\/image\/"}}]}},"_links":{"self":[{"href":"https:\/\/www.sueverkruep.de\/mercedes-benz\/wp-json\/wp\/v2\/pages\/7246","targetHints":{"allow":["GET"]}}],"collection":[{"href":"https:\/\/www.sueverkruep.de\/mercedes-benz\/wp-json\/wp\/v2\/pages"}],"about":[{"href":"https:\/\/www.sueverkruep.de\/mercedes-benz\/wp-json\/wp\/v2\/types\/page"}],"author":[{"embeddable":true,"href":"https:\/\/www.sueverkruep.de\/mercedes-benz\/wp-json\/wp\/v2\/users\/18"}],"replies":[{"embeddable":true,"href":"https:\/\/www.sueverkruep.de\/mercedes-benz\/wp-json\/wp\/v2\/comments?post=7246"}],"version-history":[{"count":6,"href":"https:\/\/www.sueverkruep.de\/mercedes-benz\/wp-json\/wp\/v2\/pages\/7246\/revisions"}],"predecessor-version":[{"id":7726,"href":"https:\/\/www.sueverkruep.de\/mercedes-benz\/wp-json\/wp\/v2\/pages\/7246\/revisions\/7726"}],"wp:attachment":[{"href":"https:\/\/www.sueverkruep.de\/mercedes-benz\/wp-json\/wp\/v2\/media?parent=7246"}],"curies":[{"name":"wp","href":"https:\/\/api.w.org\/{rel}","templated":true}]}}