{"id":4232,"date":"2019-10-23T09:34:59","date_gmt":"2019-10-23T07:34:59","guid":{"rendered":"http:\/\/dev.sueverkruep.org\/mercedes-benz\/?page_id=4232"},"modified":"2026-01-22T13:08:44","modified_gmt":"2026-01-22T12:08:44","slug":"charterway","status":"publish","type":"page","link":"https:\/\/www.sueverkruep.de\/mercedes-benz\/charterway\/","title":{"rendered":"CharterWay"},"content":{"rendered":"\t\t<div data-elementor-type=\"wp-page\" data-elementor-id=\"4232\" class=\"elementor elementor-4232\" data-elementor-post-type=\"page\">\n\t\t\t\t\t\t<section class=\"elementor-section elementor-top-section elementor-element elementor-element-1cd0ce05 elementor-hidden-tablet elementor-hidden-mobile elementor-section-boxed elementor-section-height-default elementor-section-height-default wpr-particle-no wpr-jarallax-no wpr-parallax-no wpr-sticky-section-no wpr-equal-height-no\" data-id=\"1cd0ce05\" data-element_type=\"section\" data-e-type=\"section\">\n\t\t\t\t\t\t<div class=\"elementor-container elementor-column-gap-default\">\n\t\t\t\t\t<div class=\"elementor-column elementor-col-50 elementor-top-column elementor-element elementor-element-56e217c2\" data-id=\"56e217c2\" data-element_type=\"column\" data-e-type=\"column\">\n\t\t\t<div class=\"elementor-widget-wrap elementor-element-populated\">\n\t\t\t\t\t\t<div class=\"elementor-element elementor-element-3921e02f elementor-view-default elementor-widget elementor-widget-icon\" data-id=\"3921e02f\" data-element_type=\"widget\" data-e-type=\"widget\" data-widget_type=\"icon.default\">\n\t\t\t\t<div class=\"elementor-widget-container\">\n\t\t\t\t\t\t\t<div class=\"elementor-icon-wrapper\">\n\t\t\t<a class=\"elementor-icon\" href=\"https:\/\/www.sueverkruep.de\">\n\t\t\t<i aria-hidden=\"true\" class=\"fas fa-home\"><\/i>\t\t\t<\/a>\n\t\t<\/div>\n\t\t\t\t\t\t<\/div>\n\t\t\t\t<\/div>\n\t\t\t\t\t<\/div>\n\t\t<\/div>\n\t\t\t\t<div class=\"elementor-column elementor-col-50 elementor-top-column elementor-element elementor-element-35300de9\" data-id=\"35300de9\" data-element_type=\"column\" data-e-type=\"column\">\n\t\t\t<div class=\"elementor-widget-wrap elementor-element-populated\">\n\t\t\t\t\t\t<div class=\"elementor-element elementor-element-632f8fd2 elementor-align-left elementor-mobile-align-left elementor-widget elementor-widget-breadcrumbs\" data-id=\"632f8fd2\" data-element_type=\"widget\" data-e-type=\"widget\" data-widget_type=\"breadcrumbs.default\">\n\t\t\t\t<div class=\"elementor-widget-container\">\n\t\t\t\t\t<p id=\"breadcrumbs\"><span><span><a href=\"https:\/\/www.sueverkruep.de\/mercedes-benz\/\">Mercedes-Benz<\/a><\/span><\/span><\/p>\t\t\t\t<\/div>\n\t\t\t\t<\/div>\n\t\t\t\t\t<\/div>\n\t\t<\/div>\n\t\t\t\t\t<\/div>\n\t\t<\/section>\n\t\t\t\t<section class=\"elementor-section elementor-top-section elementor-element elementor-element-43a6bf25 elementor-section-full_width elementor-section-height-min-height elementor-section-height-default elementor-section-items-middle wpr-particle-no wpr-jarallax-no wpr-parallax-no wpr-sticky-section-no wpr-equal-height-no\" data-id=\"43a6bf25\" data-element_type=\"section\" data-e-type=\"section\" data-settings=\"{&quot;background_background&quot;:&quot;classic&quot;}\">\n\t\t\t\t\t\t<div class=\"elementor-container elementor-column-gap-default\">\n\t\t\t\t\t<div class=\"elementor-column elementor-col-100 elementor-top-column elementor-element elementor-element-51379ee8\" data-id=\"51379ee8\" data-element_type=\"column\" data-e-type=\"column\">\n\t\t\t<div class=\"elementor-widget-wrap\">\n\t\t\t\t\t\t\t<\/div>\n\t\t<\/div>\n\t\t\t\t\t<\/div>\n\t\t<\/section>\n\t\t\t\t<section class=\"elementor-section elementor-top-section elementor-element elementor-element-66cd8196 elementor-section-boxed elementor-section-height-default elementor-section-height-default wpr-particle-no wpr-jarallax-no wpr-parallax-no wpr-sticky-section-no wpr-equal-height-no\" data-id=\"66cd8196\" data-element_type=\"section\" data-e-type=\"section\" data-settings=\"{&quot;background_background&quot;:&quot;classic&quot;}\">\n\t\t\t\t\t\t<div class=\"elementor-container elementor-column-gap-default\">\n\t\t\t\t\t<div class=\"elementor-column elementor-col-100 elementor-top-column elementor-element elementor-element-4f49f06\" data-id=\"4f49f06\" data-element_type=\"column\" data-e-type=\"column\">\n\t\t\t<div class=\"elementor-widget-wrap elementor-element-populated\">\n\t\t\t\t\t\t<div class=\"elementor-element elementor-element-1ef6d00d elementor-widget elementor-widget-heading\" data-id=\"1ef6d00d\" data-element_type=\"widget\" data-e-type=\"widget\" data-widget_type=\"heading.default\">\n\t\t\t\t<div class=\"elementor-widget-container\">\n\t\t\t\t\t<h1 class=\"elementor-heading-title elementor-size-default\">Mercedes-Benz CharterWay<\/h1>\t\t\t\t<\/div>\n\t\t\t\t<\/div>\n\t\t\t\t\t<\/div>\n\t\t<\/div>\n\t\t\t\t\t<\/div>\n\t\t<\/section>\n\t\t\t\t<section class=\"elementor-section elementor-top-section elementor-element elementor-element-48c33a7 elementor-section-boxed elementor-section-height-default elementor-section-height-default wpr-particle-no wpr-jarallax-no wpr-parallax-no wpr-sticky-section-no wpr-equal-height-no\" data-id=\"48c33a7\" data-element_type=\"section\" data-e-type=\"section\">\n\t\t\t\t\t\t<div class=\"elementor-container elementor-column-gap-default\">\n\t\t\t\t\t<div class=\"elementor-column elementor-col-100 elementor-top-column elementor-element elementor-element-70a34b9\" data-id=\"70a34b9\" data-element_type=\"column\" data-e-type=\"column\">\n\t\t\t<div class=\"elementor-widget-wrap elementor-element-populated\">\n\t\t\t\t\t\t<div class=\"elementor-element elementor-element-78dd1250 elementor-widget elementor-widget-text-editor\" data-id=\"78dd1250\" data-element_type=\"widget\" data-e-type=\"widget\" data-widget_type=\"text-editor.default\">\n\t\t\t\t<div class=\"elementor-widget-container\">\n\t\t\t\t\t\t\t\t\t<p><span style=\"color: #000000;\">Mercedes-Benz CharterWay bietet eine vielf\u00e4ltige Auswahl an Lkw, Nutzfahrzeugen und Sonderfahrzeugen zur Miete und zum Leasing an. Egal ob f\u00fcr <strong>kurzfristige Engp\u00e4sse<\/strong> oder das<strong> komplette Fuhrparkmanagement<\/strong> \u2013 hier finden Sie die passende L\u00f6sung. Attraktive Modelle, die Wartung und Reparatur einschlie\u00dfen, stehen zur Verf\u00fcgung. Ihr Ansprechpartner vor Ort erstellt Ihnen ein ma\u00dfgeschneidertes Angebot f\u00fcr Kipper, Kofferfahrzeuge oder K\u00fchltransporter.<\/span><\/p><p><span style=\"color: #000000;\">Auch der FUSO Canter 7C15\/7C18 Pritsche Plane oder Koffer LBW kann gemietet oder geleast werden. Mit individuell kombinierbaren Dienstleistungen und transparenten Kosten <strong>ist Ihre Mobilit\u00e4t sichergestellt<\/strong>. Dieses umfassende Angebot sorgt daf\u00fcr, dass Sie von Anfang bis Ende bestens versorgt sind.<\/span><\/p>\t\t\t\t\t\t\t\t<\/div>\n\t\t\t\t<\/div>\n\t\t\t\t\t<\/div>\n\t\t<\/div>\n\t\t\t\t\t<\/div>\n\t\t<\/section>\n\t\t\t\t<section class=\"elementor-section elementor-top-section elementor-element elementor-element-53754821 elementor-section-boxed elementor-section-height-default elementor-section-height-default wpr-particle-no wpr-jarallax-no wpr-parallax-no wpr-sticky-section-no wpr-equal-height-no\" data-id=\"53754821\" data-element_type=\"section\" data-e-type=\"section\">\n\t\t\t\t\t\t<div class=\"elementor-container elementor-column-gap-default\">\n\t\t\t\t\t<div class=\"elementor-column elementor-col-100 elementor-top-column elementor-element elementor-element-7c335f7\" data-id=\"7c335f7\" data-element_type=\"column\" data-e-type=\"column\">\n\t\t\t<div class=\"elementor-widget-wrap elementor-element-populated\">\n\t\t\t\t\t\t<div class=\"elementor-element elementor-element-e993911 elementor-align-center elementor-widget-mobile__width-initial elementor-widget elementor-widget-button\" data-id=\"e993911\" data-element_type=\"widget\" data-e-type=\"widget\" data-widget_type=\"button.default\">\n\t\t\t\t<div class=\"elementor-widget-container\">\n\t\t\t\t\t\t\t\t\t<div class=\"elementor-button-wrapper\">\n\t\t\t\t\t<a class=\"elementor-button elementor-button-link elementor-size-lg\" href=\"https:\/\/www.sueverkruepbrinkmann-trucks.de\/vermietung\/\" target=\"_blank\">\n\t\t\t\t\t\t<span class=\"elementor-button-content-wrapper\">\n\t\t\t\t\t\t<span class=\"elementor-button-icon\">\n\t\t\t\t<i aria-hidden=\"true\" class=\"fas fa-external-link-alt\"><\/i>\t\t\t<\/span>\n\t\t\t\t\t\t\t\t\t<span class=\"elementor-button-text\">zur Lkw-Miete<\/span>\n\t\t\t\t\t<\/span>\n\t\t\t\t\t<\/a>\n\t\t\t\t<\/div>\n\t\t\t\t\t\t\t\t<\/div>\n\t\t\t\t<\/div>\n\t\t\t\t\t<\/div>\n\t\t<\/div>\n\t\t\t\t\t<\/div>\n\t\t<\/section>\n\t\t\t\t<\/div>\n\t\t","protected":false},"excerpt":{"rendered":"<p>Mercedes-Benz CharterWay Mercedes-Benz CharterWay bietet eine vielf\u00e4ltige Auswahl an Lkw, Nutzfahrzeugen und Sonderfahrzeugen zur Miete und zum Leasing an. Egal ob f\u00fcr kurzfristige Engp\u00e4sse oder das komplette Fuhrparkmanagement \u2013 hier finden Sie die passende L\u00f6sung. Attraktive Modelle, die Wartung und Reparatur einschlie\u00dfen, stehen zur Verf\u00fcgung. Ihr Ansprechpartner vor Ort erstellt Ihnen ein ma\u00dfgeschneidertes Angebot f\u00fcr Kipper, Kofferfahrzeuge oder K\u00fchltransporter. Auch der FUSO Canter 7C15\/7C18 Pritsche Plane oder Koffer LBW kann gemietet oder geleast werden. Mit individuell kombinierbaren Dienstleistungen und transparenten Kosten ist Ihre Mobilit\u00e4t sichergestellt. Dieses umfassende Angebot sorgt daf\u00fcr, dass Sie von Anfang bis Ende bestens versorgt sind. zur Lkw-Miete<\/p>\n","protected":false},"author":4,"featured_media":0,"parent":0,"menu_order":0,"comment_status":"closed","ping_status":"closed","template":"","meta":{"footnotes":""},"class_list":["post-4232","page","type-page","status-publish","hentry"],"acf":[],"yoast_head":"<!-- This site is optimized with the Yoast SEO plugin v27.5 - https:\/\/yoast.com\/product\/yoast-seo-wordpress\/ -->\n<title>CharterWay - S\u00fcverkr\u00fcp Mercedes-Benz<\/title>\n<meta name=\"description\" content=\"Lkw mieten oder leasen: Mit uns und Mercedes-Benz CharterWay bieten wir Ihnen einen breit aufgestellten Fuhrpark aus Lkw, Nutz- und Sonderfahrzeugen.\" \/>\n<meta name=\"robots\" content=\"index, follow, max-snippet:-1, max-image-preview:large, max-video-preview:-1\" \/>\n<link rel=\"canonical\" href=\"https:\/\/www.sueverkruep.de\/mercedes-benz\/vermietung\/charterway\/\" \/>\n<meta property=\"og:locale\" content=\"de_DE\" \/>\n<meta property=\"og:type\" content=\"article\" \/>\n<meta property=\"og:title\" content=\"CharterWay - S\u00fcverkr\u00fcp Mercedes-Benz\" \/>\n<meta property=\"og:description\" content=\"Lkw mieten oder leasen: Mit uns und Mercedes-Benz CharterWay bieten wir Ihnen einen breit aufgestellten Fuhrpark aus Lkw, Nutz- und Sonderfahrzeugen.\" \/>\n<meta property=\"og:url\" content=\"https:\/\/www.sueverkruep.de\/mercedes-benz\/vermietung\/charterway\/\" \/>\n<meta property=\"og:site_name\" content=\"S\u00fcverkr\u00fcp Mercedes-Benz\" \/>\n<meta property=\"article:modified_time\" content=\"2026-01-22T12:08:44+00:00\" \/>\n<meta name=\"twitter:card\" content=\"summary_large_image\" \/>\n<meta name=\"twitter:label1\" content=\"Gesch\u00e4tzte Lesezeit\" \/>\n\t<meta name=\"twitter:data1\" content=\"1\u00a0Minute\" \/>\n<script type=\"application\/ld+json\" class=\"yoast-schema-graph\">{\"@context\":\"https:\\\/\\\/schema.org\",\"@graph\":[{\"@type\":\"WebPage\",\"@id\":\"https:\\\/\\\/www.sueverkruep.de\\\/mercedes-benz\\\/charterway\\\/\",\"url\":\"https:\\\/\\\/www.sueverkruep.de\\\/mercedes-benz\\\/vermietung\\\/charterway\\\/\",\"name\":\"CharterWay - S\u00fcverkr\u00fcp Mercedes-Benz\",\"isPartOf\":{\"@id\":\"https:\\\/\\\/www.sueverkruep.de\\\/mercedes-benz\\\/#website\"},\"datePublished\":\"2019-10-23T07:34:59+00:00\",\"dateModified\":\"2026-01-22T12:08:44+00:00\",\"description\":\"Lkw mieten oder leasen: Mit uns und Mercedes-Benz CharterWay bieten wir Ihnen einen breit aufgestellten Fuhrpark aus Lkw, Nutz- und Sonderfahrzeugen.\",\"breadcrumb\":{\"@id\":\"https:\\\/\\\/www.sueverkruep.de\\\/mercedes-benz\\\/vermietung\\\/charterway\\\/#breadcrumb\"},\"inLanguage\":\"de\",\"potentialAction\":[{\"@type\":\"ReadAction\",\"target\":[\"https:\\\/\\\/www.sueverkruep.de\\\/mercedes-benz\\\/vermietung\\\/charterway\\\/\"]}]},{\"@type\":\"BreadcrumbList\",\"@id\":\"https:\\\/\\\/www.sueverkruep.de\\\/mercedes-benz\\\/vermietung\\\/charterway\\\/#breadcrumb\",\"itemListElement\":[{\"@type\":\"ListItem\",\"position\":1,\"name\":\"Mercedes-Benz\",\"item\":\"https:\\\/\\\/www.sueverkruep.de\\\/mercedes-benz\\\/\"},{\"@type\":\"ListItem\",\"position\":2,\"name\":\"CharterWay\"}]},{\"@type\":\"WebSite\",\"@id\":\"https:\\\/\\\/www.sueverkruep.de\\\/mercedes-benz\\\/#website\",\"url\":\"https:\\\/\\\/www.sueverkruep.de\\\/mercedes-benz\\\/\",\"name\":\"S\u00fcverkr\u00fcp Mercedes-Benz\",\"description\":\"Ihr L\u00e4cheln. Unser Antrieb.\",\"publisher\":{\"@id\":\"https:\\\/\\\/www.sueverkruep.de\\\/mercedes-benz\\\/#organization\"},\"potentialAction\":[{\"@type\":\"SearchAction\",\"target\":{\"@type\":\"EntryPoint\",\"urlTemplate\":\"https:\\\/\\\/www.sueverkruep.de\\\/mercedes-benz\\\/?s={search_term_string}\"},\"query-input\":{\"@type\":\"PropertyValueSpecification\",\"valueRequired\":true,\"valueName\":\"search_term_string\"}}],\"inLanguage\":\"de\"},{\"@type\":\"Organization\",\"@id\":\"https:\\\/\\\/www.sueverkruep.de\\\/mercedes-benz\\\/#organization\",\"name\":\"S\u00fcverkr\u00fcp Mercedes-Benz\",\"url\":\"https:\\\/\\\/www.sueverkruep.de\\\/mercedes-benz\\\/\",\"logo\":{\"@type\":\"ImageObject\",\"inLanguage\":\"de\",\"@id\":\"https:\\\/\\\/www.sueverkruep.de\\\/mercedes-benz\\\/#\\\/schema\\\/logo\\\/image\\\/\",\"url\":\"https:\\\/\\\/www.sueverkruep.de\\\/mercedes-benz\\\/wp-content\\\/uploads\\\/sites\\\/2\\\/2020\\\/12\\\/cropped-mb_logoo.png\",\"contentUrl\":\"https:\\\/\\\/www.sueverkruep.de\\\/mercedes-benz\\\/wp-content\\\/uploads\\\/sites\\\/2\\\/2020\\\/12\\\/cropped-mb_logoo.png\",\"width\":294,\"height\":88,\"caption\":\"S\u00fcverkr\u00fcp Mercedes-Benz\"},\"image\":{\"@id\":\"https:\\\/\\\/www.sueverkruep.de\\\/mercedes-benz\\\/#\\\/schema\\\/logo\\\/image\\\/\"}}]}<\/script>\n<!-- \/ Yoast SEO plugin. -->","yoast_head_json":{"title":"CharterWay - S\u00fcverkr\u00fcp Mercedes-Benz","description":"Lkw mieten oder leasen: Mit uns und Mercedes-Benz CharterWay bieten wir Ihnen einen breit aufgestellten Fuhrpark aus Lkw, Nutz- und Sonderfahrzeugen.","robots":{"index":"index","follow":"follow","max-snippet":"max-snippet:-1","max-image-preview":"max-image-preview:large","max-video-preview":"max-video-preview:-1"},"canonical":"https:\/\/www.sueverkruep.de\/mercedes-benz\/vermietung\/charterway\/","og_locale":"de_DE","og_type":"article","og_title":"CharterWay - S\u00fcverkr\u00fcp Mercedes-Benz","og_description":"Lkw mieten oder leasen: Mit uns und Mercedes-Benz CharterWay bieten wir Ihnen einen breit aufgestellten Fuhrpark aus Lkw, Nutz- und Sonderfahrzeugen.","og_url":"https:\/\/www.sueverkruep.de\/mercedes-benz\/vermietung\/charterway\/","og_site_name":"S\u00fcverkr\u00fcp Mercedes-Benz","article_modified_time":"2026-01-22T12:08:44+00:00","twitter_card":"summary_large_image","twitter_misc":{"Gesch\u00e4tzte Lesezeit":"1\u00a0Minute"},"schema":{"@context":"https:\/\/schema.org","@graph":[{"@type":"WebPage","@id":"https:\/\/www.sueverkruep.de\/mercedes-benz\/charterway\/","url":"https:\/\/www.sueverkruep.de\/mercedes-benz\/vermietung\/charterway\/","name":"CharterWay - S\u00fcverkr\u00fcp Mercedes-Benz","isPartOf":{"@id":"https:\/\/www.sueverkruep.de\/mercedes-benz\/#website"},"datePublished":"2019-10-23T07:34:59+00:00","dateModified":"2026-01-22T12:08:44+00:00","description":"Lkw mieten oder leasen: Mit uns und Mercedes-Benz CharterWay bieten wir Ihnen einen breit aufgestellten Fuhrpark aus Lkw, Nutz- und Sonderfahrzeugen.","breadcrumb":{"@id":"https:\/\/www.sueverkruep.de\/mercedes-benz\/vermietung\/charterway\/#breadcrumb"},"inLanguage":"de","potentialAction":[{"@type":"ReadAction","target":["https:\/\/www.sueverkruep.de\/mercedes-benz\/vermietung\/charterway\/"]}]},{"@type":"BreadcrumbList","@id":"https:\/\/www.sueverkruep.de\/mercedes-benz\/vermietung\/charterway\/#breadcrumb","itemListElement":[{"@type":"ListItem","position":1,"name":"Mercedes-Benz","item":"https:\/\/www.sueverkruep.de\/mercedes-benz\/"},{"@type":"ListItem","position":2,"name":"CharterWay"}]},{"@type":"WebSite","@id":"https:\/\/www.sueverkruep.de\/mercedes-benz\/#website","url":"https:\/\/www.sueverkruep.de\/mercedes-benz\/","name":"S\u00fcverkr\u00fcp Mercedes-Benz","description":"Ihr L\u00e4cheln. Unser Antrieb.","publisher":{"@id":"https:\/\/www.sueverkruep.de\/mercedes-benz\/#organization"},"potentialAction":[{"@type":"SearchAction","target":{"@type":"EntryPoint","urlTemplate":"https:\/\/www.sueverkruep.de\/mercedes-benz\/?s={search_term_string}"},"query-input":{"@type":"PropertyValueSpecification","valueRequired":true,"valueName":"search_term_string"}}],"inLanguage":"de"},{"@type":"Organization","@id":"https:\/\/www.sueverkruep.de\/mercedes-benz\/#organization","name":"S\u00fcverkr\u00fcp Mercedes-Benz","url":"https:\/\/www.sueverkruep.de\/mercedes-benz\/","logo":{"@type":"ImageObject","inLanguage":"de","@id":"https:\/\/www.sueverkruep.de\/mercedes-benz\/#\/schema\/logo\/image\/","url":"https:\/\/www.sueverkruep.de\/mercedes-benz\/wp-content\/uploads\/sites\/2\/2020\/12\/cropped-mb_logoo.png","contentUrl":"https:\/\/www.sueverkruep.de\/mercedes-benz\/wp-content\/uploads\/sites\/2\/2020\/12\/cropped-mb_logoo.png","width":294,"height":88,"caption":"S\u00fcverkr\u00fcp Mercedes-Benz"},"image":{"@id":"https:\/\/www.sueverkruep.de\/mercedes-benz\/#\/schema\/logo\/image\/"}}]}},"_links":{"self":[{"href":"https:\/\/www.sueverkruep.de\/mercedes-benz\/wp-json\/wp\/v2\/pages\/4232","targetHints":{"allow":["GET"]}}],"collection":[{"href":"https:\/\/www.sueverkruep.de\/mercedes-benz\/wp-json\/wp\/v2\/pages"}],"about":[{"href":"https:\/\/www.sueverkruep.de\/mercedes-benz\/wp-json\/wp\/v2\/types\/page"}],"author":[{"embeddable":true,"href":"https:\/\/www.sueverkruep.de\/mercedes-benz\/wp-json\/wp\/v2\/users\/4"}],"replies":[{"embeddable":true,"href":"https:\/\/www.sueverkruep.de\/mercedes-benz\/wp-json\/wp\/v2\/comments?post=4232"}],"version-history":[{"count":104,"href":"https:\/\/www.sueverkruep.de\/mercedes-benz\/wp-json\/wp\/v2\/pages\/4232\/revisions"}],"predecessor-version":[{"id":30667,"href":"https:\/\/www.sueverkruep.de\/mercedes-benz\/wp-json\/wp\/v2\/pages\/4232\/revisions\/30667"}],"wp:attachment":[{"href":"https:\/\/www.sueverkruep.de\/mercedes-benz\/wp-json\/wp\/v2\/media?parent=4232"}],"curies":[{"name":"wp","href":"https:\/\/api.w.org\/{rel}","templated":true}]}}