{"id":2746,"date":"2019-09-18T14:29:38","date_gmt":"2019-09-18T12:29:38","guid":{"rendered":"http:\/\/dev.sueverkruep.org\/mercedes-benz\/?page_id=2746"},"modified":"2020-10-01T15:35:44","modified_gmt":"2020-10-01T13:35:44","slug":"wartungsmanagement","status":"publish","type":"page","link":"https:\/\/www.sueverkruep.de\/mercedes-benz\/service\/lkw-service\/wartungsmanagement\/","title":{"rendered":"Wartungsmanagement"},"content":{"rendered":"","protected":false},"excerpt":{"rendered":"","protected":false},"author":4,"featured_media":0,"parent":2629,"menu_order":0,"comment_status":"closed","ping_status":"closed","template":"page-template\/page-flexibleContent.php","meta":{"footnotes":""},"class_list":["post-2746","page","type-page","status-publish","hentry"],"acf":[],"yoast_head":"<!-- This site is optimized with the Yoast SEO plugin v27.3 - https:\/\/yoast.com\/product\/yoast-seo-wordpress\/ -->\n<title>Wartungsmanagement - S\u00fcverkr\u00fcp Mercedes-Benz<\/title>\n<meta name=\"description\" content=\"Umfassend, gr\u00fcndlich, bedarfsgerecht und kostentransparent: Der Mercedes-Benz Wartungsdienst bei S\u00fcverkr\u00fcp.\" \/>\n<meta name=\"robots\" content=\"index, follow, max-snippet:-1, max-image-preview:large, max-video-preview:-1\" \/>\n<link rel=\"canonical\" href=\"https:\/\/www.sueverkruep.de\/mercedes-benz\/service\/lkw-service\/wartungsmanagement\/\" \/>\n<meta property=\"og:locale\" content=\"de_DE\" \/>\n<meta property=\"og:type\" content=\"article\" \/>\n<meta property=\"og:title\" content=\"Wartungsmanagement - S\u00fcverkr\u00fcp Mercedes-Benz\" \/>\n<meta property=\"og:description\" content=\"Umfassend, gr\u00fcndlich, bedarfsgerecht und kostentransparent: Der Mercedes-Benz Wartungsdienst bei S\u00fcverkr\u00fcp.\" \/>\n<meta property=\"og:url\" content=\"https:\/\/www.sueverkruep.de\/mercedes-benz\/service\/lkw-service\/wartungsmanagement\/\" \/>\n<meta property=\"og:site_name\" content=\"S\u00fcverkr\u00fcp Mercedes-Benz\" \/>\n<meta property=\"article:modified_time\" content=\"2020-10-01T13:35:44+00:00\" \/>\n<meta name=\"twitter:card\" content=\"summary_large_image\" \/>\n<script type=\"application\/ld+json\" class=\"yoast-schema-graph\">{\"@context\":\"https:\\\/\\\/schema.org\",\"@graph\":[{\"@type\":\"WebPage\",\"@id\":\"https:\\\/\\\/www.sueverkruep.de\\\/mercedes-benz\\\/service\\\/lkw-service\\\/wartungsmanagement\\\/\",\"url\":\"https:\\\/\\\/www.sueverkruep.de\\\/mercedes-benz\\\/service\\\/lkw-service\\\/wartungsmanagement\\\/\",\"name\":\"Wartungsmanagement - S\u00fcverkr\u00fcp Mercedes-Benz\",\"isPartOf\":{\"@id\":\"https:\\\/\\\/www.sueverkruep.de\\\/mercedes-benz\\\/#website\"},\"datePublished\":\"2019-09-18T12:29:38+00:00\",\"dateModified\":\"2020-10-01T13:35:44+00:00\",\"description\":\"Umfassend, gr\u00fcndlich, bedarfsgerecht und kostentransparent: Der Mercedes-Benz Wartungsdienst bei S\u00fcverkr\u00fcp.\",\"breadcrumb\":{\"@id\":\"https:\\\/\\\/www.sueverkruep.de\\\/mercedes-benz\\\/service\\\/lkw-service\\\/wartungsmanagement\\\/#breadcrumb\"},\"inLanguage\":\"de\",\"potentialAction\":[{\"@type\":\"ReadAction\",\"target\":[\"https:\\\/\\\/www.sueverkruep.de\\\/mercedes-benz\\\/service\\\/lkw-service\\\/wartungsmanagement\\\/\"]}]},{\"@type\":\"BreadcrumbList\",\"@id\":\"https:\\\/\\\/www.sueverkruep.de\\\/mercedes-benz\\\/service\\\/lkw-service\\\/wartungsmanagement\\\/#breadcrumb\",\"itemListElement\":[{\"@type\":\"ListItem\",\"position\":1,\"name\":\"Mercedes-Benz\",\"item\":\"https:\\\/\\\/www.sueverkruep.de\\\/mercedes-benz\\\/\"},{\"@type\":\"ListItem\",\"position\":2,\"name\":\"Service\",\"item\":\"https:\\\/\\\/www.sueverkruep.de\\\/mercedes-benz\\\/service\\\/\"},{\"@type\":\"ListItem\",\"position\":3,\"name\":\"Lkw Service\",\"item\":\"https:\\\/\\\/www.sueverkruep.de\\\/mercedes-benz\\\/service\\\/lkw-service\\\/\"},{\"@type\":\"ListItem\",\"position\":4,\"name\":\"Wartungsmanagement\"}]},{\"@type\":\"WebSite\",\"@id\":\"https:\\\/\\\/www.sueverkruep.de\\\/mercedes-benz\\\/#website\",\"url\":\"https:\\\/\\\/www.sueverkruep.de\\\/mercedes-benz\\\/\",\"name\":\"S\u00fcverkr\u00fcp Mercedes-Benz\",\"description\":\"Ihr L\u00e4cheln. Unser Antrieb.\",\"publisher\":{\"@id\":\"https:\\\/\\\/www.sueverkruep.de\\\/mercedes-benz\\\/#organization\"},\"potentialAction\":[{\"@type\":\"SearchAction\",\"target\":{\"@type\":\"EntryPoint\",\"urlTemplate\":\"https:\\\/\\\/www.sueverkruep.de\\\/mercedes-benz\\\/?s={search_term_string}\"},\"query-input\":{\"@type\":\"PropertyValueSpecification\",\"valueRequired\":true,\"valueName\":\"search_term_string\"}}],\"inLanguage\":\"de\"},{\"@type\":\"Organization\",\"@id\":\"https:\\\/\\\/www.sueverkruep.de\\\/mercedes-benz\\\/#organization\",\"name\":\"S\u00fcverkr\u00fcp Mercedes-Benz\",\"url\":\"https:\\\/\\\/www.sueverkruep.de\\\/mercedes-benz\\\/\",\"logo\":{\"@type\":\"ImageObject\",\"inLanguage\":\"de\",\"@id\":\"https:\\\/\\\/www.sueverkruep.de\\\/mercedes-benz\\\/#\\\/schema\\\/logo\\\/image\\\/\",\"url\":\"https:\\\/\\\/www.sueverkruep.de\\\/mercedes-benz\\\/wp-content\\\/uploads\\\/sites\\\/2\\\/2020\\\/12\\\/cropped-mb_logoo.png\",\"contentUrl\":\"https:\\\/\\\/www.sueverkruep.de\\\/mercedes-benz\\\/wp-content\\\/uploads\\\/sites\\\/2\\\/2020\\\/12\\\/cropped-mb_logoo.png\",\"width\":294,\"height\":88,\"caption\":\"S\u00fcverkr\u00fcp Mercedes-Benz\"},\"image\":{\"@id\":\"https:\\\/\\\/www.sueverkruep.de\\\/mercedes-benz\\\/#\\\/schema\\\/logo\\\/image\\\/\"}}]}<\/script>\n<!-- \/ Yoast SEO plugin. -->","yoast_head_json":{"title":"Wartungsmanagement - S\u00fcverkr\u00fcp Mercedes-Benz","description":"Umfassend, gr\u00fcndlich, bedarfsgerecht und kostentransparent: Der Mercedes-Benz Wartungsdienst bei S\u00fcverkr\u00fcp.","robots":{"index":"index","follow":"follow","max-snippet":"max-snippet:-1","max-image-preview":"max-image-preview:large","max-video-preview":"max-video-preview:-1"},"canonical":"https:\/\/www.sueverkruep.de\/mercedes-benz\/service\/lkw-service\/wartungsmanagement\/","og_locale":"de_DE","og_type":"article","og_title":"Wartungsmanagement - S\u00fcverkr\u00fcp Mercedes-Benz","og_description":"Umfassend, gr\u00fcndlich, bedarfsgerecht und kostentransparent: Der Mercedes-Benz Wartungsdienst bei S\u00fcverkr\u00fcp.","og_url":"https:\/\/www.sueverkruep.de\/mercedes-benz\/service\/lkw-service\/wartungsmanagement\/","og_site_name":"S\u00fcverkr\u00fcp Mercedes-Benz","article_modified_time":"2020-10-01T13:35:44+00:00","twitter_card":"summary_large_image","schema":{"@context":"https:\/\/schema.org","@graph":[{"@type":"WebPage","@id":"https:\/\/www.sueverkruep.de\/mercedes-benz\/service\/lkw-service\/wartungsmanagement\/","url":"https:\/\/www.sueverkruep.de\/mercedes-benz\/service\/lkw-service\/wartungsmanagement\/","name":"Wartungsmanagement - S\u00fcverkr\u00fcp Mercedes-Benz","isPartOf":{"@id":"https:\/\/www.sueverkruep.de\/mercedes-benz\/#website"},"datePublished":"2019-09-18T12:29:38+00:00","dateModified":"2020-10-01T13:35:44+00:00","description":"Umfassend, gr\u00fcndlich, bedarfsgerecht und kostentransparent: Der Mercedes-Benz Wartungsdienst bei S\u00fcverkr\u00fcp.","breadcrumb":{"@id":"https:\/\/www.sueverkruep.de\/mercedes-benz\/service\/lkw-service\/wartungsmanagement\/#breadcrumb"},"inLanguage":"de","potentialAction":[{"@type":"ReadAction","target":["https:\/\/www.sueverkruep.de\/mercedes-benz\/service\/lkw-service\/wartungsmanagement\/"]}]},{"@type":"BreadcrumbList","@id":"https:\/\/www.sueverkruep.de\/mercedes-benz\/service\/lkw-service\/wartungsmanagement\/#breadcrumb","itemListElement":[{"@type":"ListItem","position":1,"name":"Mercedes-Benz","item":"https:\/\/www.sueverkruep.de\/mercedes-benz\/"},{"@type":"ListItem","position":2,"name":"Service","item":"https:\/\/www.sueverkruep.de\/mercedes-benz\/service\/"},{"@type":"ListItem","position":3,"name":"Lkw Service","item":"https:\/\/www.sueverkruep.de\/mercedes-benz\/service\/lkw-service\/"},{"@type":"ListItem","position":4,"name":"Wartungsmanagement"}]},{"@type":"WebSite","@id":"https:\/\/www.sueverkruep.de\/mercedes-benz\/#website","url":"https:\/\/www.sueverkruep.de\/mercedes-benz\/","name":"S\u00fcverkr\u00fcp Mercedes-Benz","description":"Ihr L\u00e4cheln. Unser Antrieb.","publisher":{"@id":"https:\/\/www.sueverkruep.de\/mercedes-benz\/#organization"},"potentialAction":[{"@type":"SearchAction","target":{"@type":"EntryPoint","urlTemplate":"https:\/\/www.sueverkruep.de\/mercedes-benz\/?s={search_term_string}"},"query-input":{"@type":"PropertyValueSpecification","valueRequired":true,"valueName":"search_term_string"}}],"inLanguage":"de"},{"@type":"Organization","@id":"https:\/\/www.sueverkruep.de\/mercedes-benz\/#organization","name":"S\u00fcverkr\u00fcp Mercedes-Benz","url":"https:\/\/www.sueverkruep.de\/mercedes-benz\/","logo":{"@type":"ImageObject","inLanguage":"de","@id":"https:\/\/www.sueverkruep.de\/mercedes-benz\/#\/schema\/logo\/image\/","url":"https:\/\/www.sueverkruep.de\/mercedes-benz\/wp-content\/uploads\/sites\/2\/2020\/12\/cropped-mb_logoo.png","contentUrl":"https:\/\/www.sueverkruep.de\/mercedes-benz\/wp-content\/uploads\/sites\/2\/2020\/12\/cropped-mb_logoo.png","width":294,"height":88,"caption":"S\u00fcverkr\u00fcp Mercedes-Benz"},"image":{"@id":"https:\/\/www.sueverkruep.de\/mercedes-benz\/#\/schema\/logo\/image\/"}}]}},"_links":{"self":[{"href":"https:\/\/www.sueverkruep.de\/mercedes-benz\/wp-json\/wp\/v2\/pages\/2746","targetHints":{"allow":["GET"]}}],"collection":[{"href":"https:\/\/www.sueverkruep.de\/mercedes-benz\/wp-json\/wp\/v2\/pages"}],"about":[{"href":"https:\/\/www.sueverkruep.de\/mercedes-benz\/wp-json\/wp\/v2\/types\/page"}],"author":[{"embeddable":true,"href":"https:\/\/www.sueverkruep.de\/mercedes-benz\/wp-json\/wp\/v2\/users\/4"}],"replies":[{"embeddable":true,"href":"https:\/\/www.sueverkruep.de\/mercedes-benz\/wp-json\/wp\/v2\/comments?post=2746"}],"version-history":[{"count":7,"href":"https:\/\/www.sueverkruep.de\/mercedes-benz\/wp-json\/wp\/v2\/pages\/2746\/revisions"}],"predecessor-version":[{"id":6328,"href":"https:\/\/www.sueverkruep.de\/mercedes-benz\/wp-json\/wp\/v2\/pages\/2746\/revisions\/6328"}],"up":[{"embeddable":true,"href":"https:\/\/www.sueverkruep.de\/mercedes-benz\/wp-json\/wp\/v2\/pages\/2629"}],"wp:attachment":[{"href":"https:\/\/www.sueverkruep.de\/mercedes-benz\/wp-json\/wp\/v2\/media?parent=2746"}],"curies":[{"name":"wp","href":"https:\/\/api.w.org\/{rel}","templated":true}]}}