{"id":970,"date":"2023-01-23T08:54:59","date_gmt":"2023-01-23T07:54:59","guid":{"rendered":"https:\/\/www.sueverkruep.de\/mazda\/?page_id=970"},"modified":"2023-10-09T09:26:32","modified_gmt":"2023-10-09T07:26:32","slug":"flensburg","status":"publish","type":"page","link":"https:\/\/www.sueverkruep.de\/mazda\/flensburg\/","title":{"rendered":"Flensburg"},"content":{"rendered":"\t\t<div data-elementor-type=\"wp-page\" data-elementor-id=\"970\" class=\"elementor elementor-970\" data-elementor-post-type=\"page\">\n\t\t\t\t\t\t<section class=\"elementor-section elementor-top-section elementor-element elementor-element-6e1d508 elementor-section-boxed elementor-section-height-default elementor-section-height-default wpr-particle-no wpr-jarallax-no wpr-parallax-no wpr-sticky-section-no\" data-id=\"6e1d508\" data-element_type=\"section\" data-e-type=\"section\">\n\t\t\t\t\t\t<div class=\"elementor-container elementor-column-gap-default\">\n\t\t\t\t\t<div class=\"elementor-column elementor-col-100 elementor-top-column elementor-element elementor-element-cc7e6be\" data-id=\"cc7e6be\" data-element_type=\"column\" data-e-type=\"column\">\n\t\t\t<div class=\"elementor-widget-wrap elementor-element-populated\">\n\t\t\t\t\t\t<div class=\"elementor-element elementor-element-80f8e21 elementor-widget elementor-widget-text-editor\" data-id=\"80f8e21\" data-element_type=\"widget\" data-e-type=\"widget\" data-widget_type=\"text-editor.default\">\n\t\t\t\t<div class=\"elementor-widget-container\">\n\t\t\t\t\t\t\t\t\t<h1>Mazda S\u00fcverkr\u00fcp \u2013 seit M\u00e4rz 2023 auch in Flensburg<\/h1><p>Seit jeher verbindet Mazda Elemente traditioneller japanischer Handwerkskunst mit <strong>innovativen Antriebskonzepten und sportlichem Auftritt<\/strong>. Auch wir sind ein traditionsreiches Familienunternehmen, das sich st\u00e4ndig an aktuelle Bed\u00fcrfnisse anpasst und sich neu erfindet. Kein Wunder, dass die Partnerschaft von Autohaus S\u00fcverkr\u00fcp und Mazda seit Jahren an den Standorten Kiel und Rendsburg eine Erfolgsgeschichte ist.\u00a0<\/p><p><strong>Seit 01.03. wird auch in Flensburg ein neues Kapitel aufgeschlagen und wir starten mit Mazda durch.<\/strong> Seien Sie gespannt auf viele unschlagbare Angebote aus der Mazda Modellpalette, gepaart mit dem kompetenten S\u00fcverkr\u00fcp-Kundenservice, der sich bei Wartung, Reparatur oder auch im Garantiefall gerne um Ihr Anliegen k\u00fcmmert.<\/p><p>Besuchen Sie uns in der <strong>Gutenbergstra\u00dfe 11 in Flensburg (direkt neben dem T\u00dcV)<\/strong> und lernen Sie uns kennen. <br \/>Wir freuen uns auf Sie und Ihr Fahrzeug.<\/p><p><em>Ihr S\u00fcverkr\u00fcp Flensburg-Team<\/em><\/p>\t\t\t\t\t\t\t\t<\/div>\n\t\t\t\t<\/div>\n\t\t\t\t\t<\/div>\n\t\t<\/div>\n\t\t\t\t\t<\/div>\n\t\t<\/section>\n\t\t\t\t<section class=\"elementor-section elementor-top-section elementor-element elementor-element-6c7b3bc elementor-section-boxed elementor-section-height-default elementor-section-height-default wpr-particle-no wpr-jarallax-no wpr-parallax-no wpr-sticky-section-no\" data-id=\"6c7b3bc\" data-element_type=\"section\" data-e-type=\"section\">\n\t\t\t\t\t\t<div class=\"elementor-container elementor-column-gap-default\">\n\t\t\t\t\t<div class=\"elementor-column elementor-col-50 elementor-top-column elementor-element elementor-element-2de0129\" data-id=\"2de0129\" data-element_type=\"column\" data-e-type=\"column\">\n\t\t\t<div class=\"elementor-widget-wrap elementor-element-populated\">\n\t\t\t\t\t\t<div class=\"elementor-element elementor-element-49cb3b0 elementor-widget elementor-widget-image\" data-id=\"49cb3b0\" data-element_type=\"widget\" data-e-type=\"widget\" data-widget_type=\"image.default\">\n\t\t\t\t<div class=\"elementor-widget-container\">\n\t\t\t\t\t\t\t\t\t\t\t\t<figure class=\"wp-caption\">\n\t\t\t\t\t\t\t\t\t\t<img fetchpriority=\"high\" decoding=\"async\" width=\"584\" height=\"320\" src=\"https:\/\/www.sueverkruep.de\/mazda\/wp-content\/uploads\/sites\/5\/2023\/01\/team_mazda_flensburg.jpg\" class=\"attachment-medium_large size-medium_large wp-image-987\" alt=\"team_mazda_flensburg\" srcset=\"https:\/\/www.sueverkruep.de\/mazda\/wp-content\/uploads\/sites\/5\/2023\/01\/team_mazda_flensburg.jpg 584w, https:\/\/www.sueverkruep.de\/mazda\/wp-content\/uploads\/sites\/5\/2023\/01\/team_mazda_flensburg-300x164.jpg 300w, https:\/\/www.sueverkruep.de\/mazda\/wp-content\/uploads\/sites\/5\/2023\/01\/team_mazda_flensburg-24x13.jpg 24w, https:\/\/www.sueverkruep.de\/mazda\/wp-content\/uploads\/sites\/5\/2023\/01\/team_mazda_flensburg-36x20.jpg 36w, https:\/\/www.sueverkruep.de\/mazda\/wp-content\/uploads\/sites\/5\/2023\/01\/team_mazda_flensburg-48x26.jpg 48w\" sizes=\"(max-width: 584px) 100vw, 584px\" \/>\t\t\t\t\t\t\t\t\t\t\t<figcaption class=\"widget-image-caption wp-caption-text\">v. links: Christian S\u00fcverkr\u00fcp, Helge Steffen, Kai Sura, Robert B\u00f6sche, Manuel Schnittka, Kristof St\u00f6cken<\/figcaption>\n\t\t\t\t\t\t\t\t\t\t<\/figure>\n\t\t\t\t\t\t\t\t\t<\/div>\n\t\t\t\t<\/div>\n\t\t\t\t\t<\/div>\n\t\t<\/div>\n\t\t\t\t<div class=\"elementor-column elementor-col-50 elementor-top-column elementor-element elementor-element-8890bb1\" data-id=\"8890bb1\" data-element_type=\"column\" data-e-type=\"column\">\n\t\t\t<div class=\"elementor-widget-wrap elementor-element-populated\">\n\t\t\t\t\t\t<div class=\"elementor-element elementor-element-952d459 elementor-widget elementor-widget-image\" data-id=\"952d459\" data-element_type=\"widget\" data-e-type=\"widget\" data-widget_type=\"image.default\">\n\t\t\t\t<div class=\"elementor-widget-container\">\n\t\t\t\t\t\t\t\t\t\t\t\t<figure class=\"wp-caption\">\n\t\t\t\t\t\t\t\t\t\t\t<a href=\"https:\/\/www.google.com\/maps\/place\/Gutenbergstra%C3%9Fe+11,+24941+Flensburg\/@54.7670563,9.4409879,764m\/data=!3m1!1e3!4m5!3m4!1s0x47b368264e21854f:0xea7fb17f20c191b5!8m2!3d54.7670017!4d9.440959\">\n\t\t\t\t\t\t\t<img decoding=\"async\" src=\"https:\/\/www.sueverkruep.de\/mazda\/wp-content\/uploads\/sites\/5\/elementor\/thumbs\/standort_maazda_flensburg-q19yadtk431szbrxknggw01ka09mfxqcp89rdvugno.jpg\" title=\"standort_maazda_flensburg\" alt=\"standort_maazda_flensburg\" loading=\"lazy\" \/>\t\t\t\t\t\t\t\t<\/a>\n\t\t\t\t\t\t\t\t\t\t\t<figcaption class=\"widget-image-caption wp-caption-text\">Ihr Weg zu uns - hier klicken!<\/figcaption>\n\t\t\t\t\t\t\t\t\t\t<\/figure>\n\t\t\t\t\t\t\t\t\t<\/div>\n\t\t\t\t<\/div>\n\t\t\t\t\t<\/div>\n\t\t<\/div>\n\t\t\t\t\t<\/div>\n\t\t<\/section>\n\t\t\t\t<\/div>\n\t\t","protected":false},"excerpt":{"rendered":"<p>Mazda S\u00fcverkr\u00fcp \u2013 seit M\u00e4rz 2023 auch in Flensburg Seit jeher verbindet Mazda Elemente traditioneller japanischer Handwerkskunst mit innovativen Antriebskonzepten und sportlichem Auftritt. Auch wir sind ein traditionsreiches Familienunternehmen, das sich st\u00e4ndig an aktuelle Bed\u00fcrfnisse anpasst und sich neu erfindet. Kein Wunder, dass die Partnerschaft von Autohaus S\u00fcverkr\u00fcp und Mazda seit Jahren an den Standorten Kiel und Rendsburg eine Erfolgsgeschichte ist.\u00a0 Seit 01.03. wird auch in Flensburg ein neues Kapitel aufgeschlagen und wir starten mit Mazda durch. Seien Sie gespannt auf viele unschlagbare Angebote aus der Mazda Modellpalette, gepaart mit dem kompetenten S\u00fcverkr\u00fcp-Kundenservice, der sich bei Wartung, Reparatur oder auch im Garantiefall gerne um Ihr Anliegen k\u00fcmmert. Besuchen Sie uns in der Gutenbergstra\u00dfe 11 in Flensburg (direkt neben dem T\u00dcV) und lernen Sie uns kennen. Wir freuen uns auf Sie und Ihr Fahrzeug. Ihr S\u00fcverkr\u00fcp Flensburg-Team v. links: Christian S\u00fcverkr\u00fcp, Helge Steffen, Kai Sura, Robert B\u00f6sche, Manuel Schnittka, Kristof St\u00f6cken Ihr Weg zu uns &#8211; hier klicken!<\/p>\n","protected":false},"author":18,"featured_media":0,"parent":0,"menu_order":0,"comment_status":"closed","ping_status":"closed","template":"","meta":{"footnotes":""},"class_list":["post-970","page","type-page","status-publish","hentry"],"acf":[],"yoast_head":"<!-- This site is optimized with the Yoast SEO plugin v27.3 - https:\/\/yoast.com\/product\/yoast-seo-wordpress\/ -->\n<title>Flensburg - S\u00fcverkr\u00fcp Mazda<\/title>\n<meta name=\"robots\" content=\"index, follow, max-snippet:-1, max-image-preview:large, max-video-preview:-1\" \/>\n<link rel=\"canonical\" href=\"https:\/\/www.sueverkruep.de\/mazda\/flensburg\/\" \/>\n<meta property=\"og:locale\" content=\"de_DE\" \/>\n<meta property=\"og:type\" content=\"article\" \/>\n<meta property=\"og:title\" content=\"Flensburg - S\u00fcverkr\u00fcp Mazda\" \/>\n<meta property=\"og:description\" content=\"Mazda S\u00fcverkr\u00fcp \u2013 seit M\u00e4rz 2023 auch in Flensburg Seit jeher verbindet Mazda Elemente traditioneller japanischer Handwerkskunst mit innovativen Antriebskonzepten und sportlichem Auftritt. Auch wir sind ein traditionsreiches Familienunternehmen, das sich st\u00e4ndig an aktuelle Bed\u00fcrfnisse anpasst und sich neu erfindet. Kein Wunder, dass die Partnerschaft von Autohaus S\u00fcverkr\u00fcp und Mazda seit Jahren an den Standorten Kiel und Rendsburg eine Erfolgsgeschichte ist.\u00a0 Seit 01.03. wird auch in Flensburg ein neues Kapitel aufgeschlagen und wir starten mit Mazda durch. Seien Sie gespannt auf viele unschlagbare Angebote aus der Mazda Modellpalette, gepaart mit dem kompetenten S\u00fcverkr\u00fcp-Kundenservice, der sich bei Wartung, Reparatur oder auch im Garantiefall gerne um Ihr Anliegen k\u00fcmmert. Besuchen Sie uns in der Gutenbergstra\u00dfe 11 in Flensburg (direkt neben dem T\u00dcV) und lernen Sie uns kennen. Wir freuen uns auf Sie und Ihr Fahrzeug. Ihr S\u00fcverkr\u00fcp Flensburg-Team v. links: Christian S\u00fcverkr\u00fcp, Helge Steffen, Kai Sura, Robert B\u00f6sche, Manuel Schnittka, Kristof St\u00f6cken Ihr Weg zu uns &#8211; hier klicken!\" \/>\n<meta property=\"og:url\" content=\"https:\/\/www.sueverkruep.de\/mazda\/flensburg\/\" \/>\n<meta property=\"og:site_name\" content=\"S\u00fcverkr\u00fcp Mazda\" \/>\n<meta property=\"article:modified_time\" content=\"2023-10-09T07:26:32+00:00\" \/>\n<meta property=\"og:image\" content=\"https:\/\/www.sueverkruep.de\/mazda\/wp-content\/uploads\/sites\/5\/2023\/01\/team_mazda_flensburg.jpg\" \/>\n<meta name=\"twitter:card\" content=\"summary_large_image\" \/>\n<meta name=\"twitter:label1\" content=\"Gesch\u00e4tzte Lesezeit\" \/>\n\t<meta name=\"twitter:data1\" content=\"2\u00a0Minuten\" \/>\n<script type=\"application\/ld+json\" class=\"yoast-schema-graph\">{\"@context\":\"https:\\\/\\\/schema.org\",\"@graph\":[{\"@type\":\"WebPage\",\"@id\":\"https:\\\/\\\/www.sueverkruep.de\\\/mazda\\\/flensburg\\\/\",\"url\":\"https:\\\/\\\/www.sueverkruep.de\\\/mazda\\\/flensburg\\\/\",\"name\":\"Flensburg - S\u00fcverkr\u00fcp Mazda\",\"isPartOf\":{\"@id\":\"https:\\\/\\\/www.sueverkruep.de\\\/mazda\\\/#website\"},\"primaryImageOfPage\":{\"@id\":\"https:\\\/\\\/www.sueverkruep.de\\\/mazda\\\/flensburg\\\/#primaryimage\"},\"image\":{\"@id\":\"https:\\\/\\\/www.sueverkruep.de\\\/mazda\\\/flensburg\\\/#primaryimage\"},\"thumbnailUrl\":\"https:\\\/\\\/www.sueverkruep.de\\\/mazda\\\/wp-content\\\/uploads\\\/sites\\\/5\\\/2023\\\/01\\\/team_mazda_flensburg.jpg\",\"datePublished\":\"2023-01-23T07:54:59+00:00\",\"dateModified\":\"2023-10-09T07:26:32+00:00\",\"breadcrumb\":{\"@id\":\"https:\\\/\\\/www.sueverkruep.de\\\/mazda\\\/flensburg\\\/#breadcrumb\"},\"inLanguage\":\"de\",\"potentialAction\":[{\"@type\":\"ReadAction\",\"target\":[\"https:\\\/\\\/www.sueverkruep.de\\\/mazda\\\/flensburg\\\/\"]}]},{\"@type\":\"ImageObject\",\"inLanguage\":\"de\",\"@id\":\"https:\\\/\\\/www.sueverkruep.de\\\/mazda\\\/flensburg\\\/#primaryimage\",\"url\":\"https:\\\/\\\/www.sueverkruep.de\\\/mazda\\\/wp-content\\\/uploads\\\/sites\\\/5\\\/2023\\\/01\\\/team_mazda_flensburg.jpg\",\"contentUrl\":\"https:\\\/\\\/www.sueverkruep.de\\\/mazda\\\/wp-content\\\/uploads\\\/sites\\\/5\\\/2023\\\/01\\\/team_mazda_flensburg.jpg\",\"width\":584,\"height\":320,\"caption\":\"team_mazda_flensburg\"},{\"@type\":\"BreadcrumbList\",\"@id\":\"https:\\\/\\\/www.sueverkruep.de\\\/mazda\\\/flensburg\\\/#breadcrumb\",\"itemListElement\":[{\"@type\":\"ListItem\",\"position\":1,\"name\":\"Startseite\",\"item\":\"https:\\\/\\\/www.sueverkruep.de\\\/mazda\\\/\"},{\"@type\":\"ListItem\",\"position\":2,\"name\":\"Flensburg\"}]},{\"@type\":\"WebSite\",\"@id\":\"https:\\\/\\\/www.sueverkruep.de\\\/mazda\\\/#website\",\"url\":\"https:\\\/\\\/www.sueverkruep.de\\\/mazda\\\/\",\"name\":\"S\u00fcverkr\u00fcp Mazda\",\"description\":\"Ihr L\u00e4cheln. Unser Antrieb.\",\"publisher\":{\"@id\":\"https:\\\/\\\/www.sueverkruep.de\\\/mazda\\\/#organization\"},\"potentialAction\":[{\"@type\":\"SearchAction\",\"target\":{\"@type\":\"EntryPoint\",\"urlTemplate\":\"https:\\\/\\\/www.sueverkruep.de\\\/mazda\\\/?s={search_term_string}\"},\"query-input\":{\"@type\":\"PropertyValueSpecification\",\"valueRequired\":true,\"valueName\":\"search_term_string\"}}],\"inLanguage\":\"de\"},{\"@type\":\"Organization\",\"@id\":\"https:\\\/\\\/www.sueverkruep.de\\\/mazda\\\/#organization\",\"name\":\"S\u00fcverkr\u00fcp Mazda\",\"url\":\"https:\\\/\\\/www.sueverkruep.de\\\/mazda\\\/\",\"logo\":{\"@type\":\"ImageObject\",\"inLanguage\":\"de\",\"@id\":\"https:\\\/\\\/www.sueverkruep.de\\\/mazda\\\/#\\\/schema\\\/logo\\\/image\\\/\",\"url\":\"https:\\\/\\\/www.sueverkruep.de\\\/mazda\\\/wp-content\\\/uploads\\\/sites\\\/5\\\/2020\\\/12\\\/cropped-mazda_logoo.png\",\"contentUrl\":\"https:\\\/\\\/www.sueverkruep.de\\\/mazda\\\/wp-content\\\/uploads\\\/sites\\\/5\\\/2020\\\/12\\\/cropped-mazda_logoo.png\",\"width\":294,\"height\":88,\"caption\":\"S\u00fcverkr\u00fcp Mazda\"},\"image\":{\"@id\":\"https:\\\/\\\/www.sueverkruep.de\\\/mazda\\\/#\\\/schema\\\/logo\\\/image\\\/\"}}]}<\/script>\n<!-- \/ Yoast SEO plugin. -->","yoast_head_json":{"title":"Flensburg - S\u00fcverkr\u00fcp Mazda","robots":{"index":"index","follow":"follow","max-snippet":"max-snippet:-1","max-image-preview":"max-image-preview:large","max-video-preview":"max-video-preview:-1"},"canonical":"https:\/\/www.sueverkruep.de\/mazda\/flensburg\/","og_locale":"de_DE","og_type":"article","og_title":"Flensburg - S\u00fcverkr\u00fcp Mazda","og_description":"Mazda S\u00fcverkr\u00fcp \u2013 seit M\u00e4rz 2023 auch in Flensburg Seit jeher verbindet Mazda Elemente traditioneller japanischer Handwerkskunst mit innovativen Antriebskonzepten und sportlichem Auftritt. Auch wir sind ein traditionsreiches Familienunternehmen, das sich st\u00e4ndig an aktuelle Bed\u00fcrfnisse anpasst und sich neu erfindet. Kein Wunder, dass die Partnerschaft von Autohaus S\u00fcverkr\u00fcp und Mazda seit Jahren an den Standorten Kiel und Rendsburg eine Erfolgsgeschichte ist.\u00a0 Seit 01.03. wird auch in Flensburg ein neues Kapitel aufgeschlagen und wir starten mit Mazda durch. Seien Sie gespannt auf viele unschlagbare Angebote aus der Mazda Modellpalette, gepaart mit dem kompetenten S\u00fcverkr\u00fcp-Kundenservice, der sich bei Wartung, Reparatur oder auch im Garantiefall gerne um Ihr Anliegen k\u00fcmmert. Besuchen Sie uns in der Gutenbergstra\u00dfe 11 in Flensburg (direkt neben dem T\u00dcV) und lernen Sie uns kennen. Wir freuen uns auf Sie und Ihr Fahrzeug. Ihr S\u00fcverkr\u00fcp Flensburg-Team v. links: Christian S\u00fcverkr\u00fcp, Helge Steffen, Kai Sura, Robert B\u00f6sche, Manuel Schnittka, Kristof St\u00f6cken Ihr Weg zu uns &#8211; hier klicken!","og_url":"https:\/\/www.sueverkruep.de\/mazda\/flensburg\/","og_site_name":"S\u00fcverkr\u00fcp Mazda","article_modified_time":"2023-10-09T07:26:32+00:00","og_image":[{"url":"https:\/\/www.sueverkruep.de\/mazda\/wp-content\/uploads\/sites\/5\/2023\/01\/team_mazda_flensburg.jpg","type":"","width":"","height":""}],"twitter_card":"summary_large_image","twitter_misc":{"Gesch\u00e4tzte Lesezeit":"2\u00a0Minuten"},"schema":{"@context":"https:\/\/schema.org","@graph":[{"@type":"WebPage","@id":"https:\/\/www.sueverkruep.de\/mazda\/flensburg\/","url":"https:\/\/www.sueverkruep.de\/mazda\/flensburg\/","name":"Flensburg - S\u00fcverkr\u00fcp Mazda","isPartOf":{"@id":"https:\/\/www.sueverkruep.de\/mazda\/#website"},"primaryImageOfPage":{"@id":"https:\/\/www.sueverkruep.de\/mazda\/flensburg\/#primaryimage"},"image":{"@id":"https:\/\/www.sueverkruep.de\/mazda\/flensburg\/#primaryimage"},"thumbnailUrl":"https:\/\/www.sueverkruep.de\/mazda\/wp-content\/uploads\/sites\/5\/2023\/01\/team_mazda_flensburg.jpg","datePublished":"2023-01-23T07:54:59+00:00","dateModified":"2023-10-09T07:26:32+00:00","breadcrumb":{"@id":"https:\/\/www.sueverkruep.de\/mazda\/flensburg\/#breadcrumb"},"inLanguage":"de","potentialAction":[{"@type":"ReadAction","target":["https:\/\/www.sueverkruep.de\/mazda\/flensburg\/"]}]},{"@type":"ImageObject","inLanguage":"de","@id":"https:\/\/www.sueverkruep.de\/mazda\/flensburg\/#primaryimage","url":"https:\/\/www.sueverkruep.de\/mazda\/wp-content\/uploads\/sites\/5\/2023\/01\/team_mazda_flensburg.jpg","contentUrl":"https:\/\/www.sueverkruep.de\/mazda\/wp-content\/uploads\/sites\/5\/2023\/01\/team_mazda_flensburg.jpg","width":584,"height":320,"caption":"team_mazda_flensburg"},{"@type":"BreadcrumbList","@id":"https:\/\/www.sueverkruep.de\/mazda\/flensburg\/#breadcrumb","itemListElement":[{"@type":"ListItem","position":1,"name":"Startseite","item":"https:\/\/www.sueverkruep.de\/mazda\/"},{"@type":"ListItem","position":2,"name":"Flensburg"}]},{"@type":"WebSite","@id":"https:\/\/www.sueverkruep.de\/mazda\/#website","url":"https:\/\/www.sueverkruep.de\/mazda\/","name":"S\u00fcverkr\u00fcp Mazda","description":"Ihr L\u00e4cheln. Unser Antrieb.","publisher":{"@id":"https:\/\/www.sueverkruep.de\/mazda\/#organization"},"potentialAction":[{"@type":"SearchAction","target":{"@type":"EntryPoint","urlTemplate":"https:\/\/www.sueverkruep.de\/mazda\/?s={search_term_string}"},"query-input":{"@type":"PropertyValueSpecification","valueRequired":true,"valueName":"search_term_string"}}],"inLanguage":"de"},{"@type":"Organization","@id":"https:\/\/www.sueverkruep.de\/mazda\/#organization","name":"S\u00fcverkr\u00fcp Mazda","url":"https:\/\/www.sueverkruep.de\/mazda\/","logo":{"@type":"ImageObject","inLanguage":"de","@id":"https:\/\/www.sueverkruep.de\/mazda\/#\/schema\/logo\/image\/","url":"https:\/\/www.sueverkruep.de\/mazda\/wp-content\/uploads\/sites\/5\/2020\/12\/cropped-mazda_logoo.png","contentUrl":"https:\/\/www.sueverkruep.de\/mazda\/wp-content\/uploads\/sites\/5\/2020\/12\/cropped-mazda_logoo.png","width":294,"height":88,"caption":"S\u00fcverkr\u00fcp Mazda"},"image":{"@id":"https:\/\/www.sueverkruep.de\/mazda\/#\/schema\/logo\/image\/"}}]}},"_links":{"self":[{"href":"https:\/\/www.sueverkruep.de\/mazda\/wp-json\/wp\/v2\/pages\/970","targetHints":{"allow":["GET"]}}],"collection":[{"href":"https:\/\/www.sueverkruep.de\/mazda\/wp-json\/wp\/v2\/pages"}],"about":[{"href":"https:\/\/www.sueverkruep.de\/mazda\/wp-json\/wp\/v2\/types\/page"}],"author":[{"embeddable":true,"href":"https:\/\/www.sueverkruep.de\/mazda\/wp-json\/wp\/v2\/users\/18"}],"replies":[{"embeddable":true,"href":"https:\/\/www.sueverkruep.de\/mazda\/wp-json\/wp\/v2\/comments?post=970"}],"version-history":[{"count":46,"href":"https:\/\/www.sueverkruep.de\/mazda\/wp-json\/wp\/v2\/pages\/970\/revisions"}],"predecessor-version":[{"id":1251,"href":"https:\/\/www.sueverkruep.de\/mazda\/wp-json\/wp\/v2\/pages\/970\/revisions\/1251"}],"wp:attachment":[{"href":"https:\/\/www.sueverkruep.de\/mazda\/wp-json\/wp\/v2\/media?parent=970"}],"curies":[{"name":"wp","href":"https:\/\/api.w.org\/{rel}","templated":true}]}}