{"id":14,"date":"2019-02-27T14:14:24","date_gmt":"2019-02-27T13:14:24","guid":{"rendered":"http:\/\/localhost\/sueverkruep\/mazda\/?page_id=14"},"modified":"2024-02-16T13:43:25","modified_gmt":"2024-02-16T12:43:25","slug":"neuwagen","status":"publish","type":"page","link":"https:\/\/www.sueverkruep.de\/mazda\/neuwagen\/","title":{"rendered":"Neuwagen"},"content":{"rendered":"","protected":false},"excerpt":{"rendered":"","protected":false},"author":1,"featured_media":0,"parent":0,"menu_order":0,"comment_status":"closed","ping_status":"closed","template":"page-template\/page-flexibleContent.php","meta":{"footnotes":""},"class_list":["post-14","page","type-page","status-publish","hentry"],"acf":[],"yoast_head":"<!-- This site is optimized with the Yoast SEO plugin v27.3 - https:\/\/yoast.com\/product\/yoast-seo-wordpress\/ -->\n<title>Neuwagen - S\u00fcverkr\u00fcp Mazda<\/title>\n<meta name=\"robots\" content=\"index, follow, max-snippet:-1, max-image-preview:large, max-video-preview:-1\" \/>\n<link rel=\"canonical\" href=\"https:\/\/www.sueverkruep.de\/mazda\/neuwagen\/\" \/>\n<meta property=\"og:locale\" content=\"de_DE\" \/>\n<meta property=\"og:type\" content=\"article\" \/>\n<meta property=\"og:title\" content=\"Neuwagen - S\u00fcverkr\u00fcp Mazda\" \/>\n<meta property=\"og:url\" content=\"https:\/\/www.sueverkruep.de\/mazda\/neuwagen\/\" \/>\n<meta property=\"og:site_name\" content=\"S\u00fcverkr\u00fcp Mazda\" \/>\n<meta property=\"article:modified_time\" content=\"2024-02-16T12:43:25+00:00\" \/>\n<meta name=\"twitter:card\" content=\"summary_large_image\" \/>\n<script type=\"application\/ld+json\" class=\"yoast-schema-graph\">{\"@context\":\"https:\\\/\\\/schema.org\",\"@graph\":[{\"@type\":\"WebPage\",\"@id\":\"https:\\\/\\\/www.sueverkruep.de\\\/mazda\\\/neuwagen\\\/\",\"url\":\"https:\\\/\\\/www.sueverkruep.de\\\/mazda\\\/neuwagen\\\/\",\"name\":\"Neuwagen - S\u00fcverkr\u00fcp Mazda\",\"isPartOf\":{\"@id\":\"https:\\\/\\\/www.sueverkruep.de\\\/mazda\\\/#website\"},\"datePublished\":\"2019-02-27T13:14:24+00:00\",\"dateModified\":\"2024-02-16T12:43:25+00:00\",\"breadcrumb\":{\"@id\":\"https:\\\/\\\/www.sueverkruep.de\\\/mazda\\\/neuwagen\\\/#breadcrumb\"},\"inLanguage\":\"de\",\"potentialAction\":[{\"@type\":\"ReadAction\",\"target\":[\"https:\\\/\\\/www.sueverkruep.de\\\/mazda\\\/neuwagen\\\/\"]}]},{\"@type\":\"BreadcrumbList\",\"@id\":\"https:\\\/\\\/www.sueverkruep.de\\\/mazda\\\/neuwagen\\\/#breadcrumb\",\"itemListElement\":[{\"@type\":\"ListItem\",\"position\":1,\"name\":\"Startseite\",\"item\":\"https:\\\/\\\/www.sueverkruep.de\\\/mazda\\\/\"},{\"@type\":\"ListItem\",\"position\":2,\"name\":\"Neuwagen\"}]},{\"@type\":\"WebSite\",\"@id\":\"https:\\\/\\\/www.sueverkruep.de\\\/mazda\\\/#website\",\"url\":\"https:\\\/\\\/www.sueverkruep.de\\\/mazda\\\/\",\"name\":\"S\u00fcverkr\u00fcp Mazda\",\"description\":\"Ihr L\u00e4cheln. Unser Antrieb.\",\"publisher\":{\"@id\":\"https:\\\/\\\/www.sueverkruep.de\\\/mazda\\\/#organization\"},\"potentialAction\":[{\"@type\":\"SearchAction\",\"target\":{\"@type\":\"EntryPoint\",\"urlTemplate\":\"https:\\\/\\\/www.sueverkruep.de\\\/mazda\\\/?s={search_term_string}\"},\"query-input\":{\"@type\":\"PropertyValueSpecification\",\"valueRequired\":true,\"valueName\":\"search_term_string\"}}],\"inLanguage\":\"de\"},{\"@type\":\"Organization\",\"@id\":\"https:\\\/\\\/www.sueverkruep.de\\\/mazda\\\/#organization\",\"name\":\"S\u00fcverkr\u00fcp Mazda\",\"url\":\"https:\\\/\\\/www.sueverkruep.de\\\/mazda\\\/\",\"logo\":{\"@type\":\"ImageObject\",\"inLanguage\":\"de\",\"@id\":\"https:\\\/\\\/www.sueverkruep.de\\\/mazda\\\/#\\\/schema\\\/logo\\\/image\\\/\",\"url\":\"https:\\\/\\\/www.sueverkruep.de\\\/mazda\\\/wp-content\\\/uploads\\\/sites\\\/5\\\/2020\\\/12\\\/cropped-mazda_logoo.png\",\"contentUrl\":\"https:\\\/\\\/www.sueverkruep.de\\\/mazda\\\/wp-content\\\/uploads\\\/sites\\\/5\\\/2020\\\/12\\\/cropped-mazda_logoo.png\",\"width\":294,\"height\":88,\"caption\":\"S\u00fcverkr\u00fcp Mazda\"},\"image\":{\"@id\":\"https:\\\/\\\/www.sueverkruep.de\\\/mazda\\\/#\\\/schema\\\/logo\\\/image\\\/\"}}]}<\/script>\n<!-- \/ Yoast SEO plugin. -->","yoast_head_json":{"title":"Neuwagen - S\u00fcverkr\u00fcp Mazda","robots":{"index":"index","follow":"follow","max-snippet":"max-snippet:-1","max-image-preview":"max-image-preview:large","max-video-preview":"max-video-preview:-1"},"canonical":"https:\/\/www.sueverkruep.de\/mazda\/neuwagen\/","og_locale":"de_DE","og_type":"article","og_title":"Neuwagen - S\u00fcverkr\u00fcp Mazda","og_url":"https:\/\/www.sueverkruep.de\/mazda\/neuwagen\/","og_site_name":"S\u00fcverkr\u00fcp Mazda","article_modified_time":"2024-02-16T12:43:25+00:00","twitter_card":"summary_large_image","schema":{"@context":"https:\/\/schema.org","@graph":[{"@type":"WebPage","@id":"https:\/\/www.sueverkruep.de\/mazda\/neuwagen\/","url":"https:\/\/www.sueverkruep.de\/mazda\/neuwagen\/","name":"Neuwagen - S\u00fcverkr\u00fcp Mazda","isPartOf":{"@id":"https:\/\/www.sueverkruep.de\/mazda\/#website"},"datePublished":"2019-02-27T13:14:24+00:00","dateModified":"2024-02-16T12:43:25+00:00","breadcrumb":{"@id":"https:\/\/www.sueverkruep.de\/mazda\/neuwagen\/#breadcrumb"},"inLanguage":"de","potentialAction":[{"@type":"ReadAction","target":["https:\/\/www.sueverkruep.de\/mazda\/neuwagen\/"]}]},{"@type":"BreadcrumbList","@id":"https:\/\/www.sueverkruep.de\/mazda\/neuwagen\/#breadcrumb","itemListElement":[{"@type":"ListItem","position":1,"name":"Startseite","item":"https:\/\/www.sueverkruep.de\/mazda\/"},{"@type":"ListItem","position":2,"name":"Neuwagen"}]},{"@type":"WebSite","@id":"https:\/\/www.sueverkruep.de\/mazda\/#website","url":"https:\/\/www.sueverkruep.de\/mazda\/","name":"S\u00fcverkr\u00fcp Mazda","description":"Ihr L\u00e4cheln. Unser Antrieb.","publisher":{"@id":"https:\/\/www.sueverkruep.de\/mazda\/#organization"},"potentialAction":[{"@type":"SearchAction","target":{"@type":"EntryPoint","urlTemplate":"https:\/\/www.sueverkruep.de\/mazda\/?s={search_term_string}"},"query-input":{"@type":"PropertyValueSpecification","valueRequired":true,"valueName":"search_term_string"}}],"inLanguage":"de"},{"@type":"Organization","@id":"https:\/\/www.sueverkruep.de\/mazda\/#organization","name":"S\u00fcverkr\u00fcp Mazda","url":"https:\/\/www.sueverkruep.de\/mazda\/","logo":{"@type":"ImageObject","inLanguage":"de","@id":"https:\/\/www.sueverkruep.de\/mazda\/#\/schema\/logo\/image\/","url":"https:\/\/www.sueverkruep.de\/mazda\/wp-content\/uploads\/sites\/5\/2020\/12\/cropped-mazda_logoo.png","contentUrl":"https:\/\/www.sueverkruep.de\/mazda\/wp-content\/uploads\/sites\/5\/2020\/12\/cropped-mazda_logoo.png","width":294,"height":88,"caption":"S\u00fcverkr\u00fcp Mazda"},"image":{"@id":"https:\/\/www.sueverkruep.de\/mazda\/#\/schema\/logo\/image\/"}}]}},"_links":{"self":[{"href":"https:\/\/www.sueverkruep.de\/mazda\/wp-json\/wp\/v2\/pages\/14","targetHints":{"allow":["GET"]}}],"collection":[{"href":"https:\/\/www.sueverkruep.de\/mazda\/wp-json\/wp\/v2\/pages"}],"about":[{"href":"https:\/\/www.sueverkruep.de\/mazda\/wp-json\/wp\/v2\/types\/page"}],"author":[{"embeddable":true,"href":"https:\/\/www.sueverkruep.de\/mazda\/wp-json\/wp\/v2\/users\/1"}],"replies":[{"embeddable":true,"href":"https:\/\/www.sueverkruep.de\/mazda\/wp-json\/wp\/v2\/comments?post=14"}],"version-history":[{"count":17,"href":"https:\/\/www.sueverkruep.de\/mazda\/wp-json\/wp\/v2\/pages\/14\/revisions"}],"predecessor-version":[{"id":1605,"href":"https:\/\/www.sueverkruep.de\/mazda\/wp-json\/wp\/v2\/pages\/14\/revisions\/1605"}],"wp:attachment":[{"href":"https:\/\/www.sueverkruep.de\/mazda\/wp-json\/wp\/v2\/media?parent=14"}],"curies":[{"name":"wp","href":"https:\/\/api.w.org\/{rel}","templated":true}]}}