{"id":40,"date":"2019-02-27T14:13:08","date_gmt":"2019-02-27T13:13:08","guid":{"rendered":"http:\/\/localhost\/sueverkruep\/dacia\/?page_id=40"},"modified":"2023-11-08T15:22:57","modified_gmt":"2023-11-08T14:22:57","slug":"teile-zubehoer","status":"publish","type":"page","link":"https:\/\/www.sueverkruep.de\/dacia\/teile-zubehoer\/","title":{"rendered":"Teile &amp; Zubeh\u00f6r"},"content":{"rendered":"","protected":false},"excerpt":{"rendered":"","protected":false},"author":1,"featured_media":0,"parent":0,"menu_order":0,"comment_status":"closed","ping_status":"closed","template":"page-template\/page-flexibleContent.php","meta":{"footnotes":""},"class_list":["post-40","page","type-page","status-publish","hentry"],"acf":[],"yoast_head":"<!-- This site is optimized with the Yoast SEO plugin v27.4 - https:\/\/yoast.com\/product\/yoast-seo-wordpress\/ -->\n<title>Teile &amp; Zubeh\u00f6r - S\u00fcverkr\u00fcp Dacia<\/title>\n<meta name=\"robots\" content=\"index, follow, max-snippet:-1, max-image-preview:large, max-video-preview:-1\" \/>\n<link rel=\"canonical\" href=\"https:\/\/www.sueverkruep.de\/dacia\/teile-zubehoer\/\" \/>\n<meta property=\"og:locale\" content=\"de_DE\" \/>\n<meta property=\"og:type\" content=\"article\" \/>\n<meta property=\"og:title\" content=\"Teile &amp; Zubeh\u00f6r - S\u00fcverkr\u00fcp Dacia\" \/>\n<meta property=\"og:url\" content=\"https:\/\/www.sueverkruep.de\/dacia\/teile-zubehoer\/\" \/>\n<meta property=\"og:site_name\" content=\"S\u00fcverkr\u00fcp Dacia\" \/>\n<meta property=\"article:modified_time\" content=\"2023-11-08T14:22:57+00:00\" \/>\n<meta name=\"twitter:card\" content=\"summary_large_image\" \/>\n<script type=\"application\/ld+json\" class=\"yoast-schema-graph\">{\"@context\":\"https:\\\/\\\/schema.org\",\"@graph\":[{\"@type\":\"WebPage\",\"@id\":\"https:\\\/\\\/www.sueverkruep.de\\\/dacia\\\/teile-zubehoer\\\/\",\"url\":\"https:\\\/\\\/www.sueverkruep.de\\\/dacia\\\/teile-zubehoer\\\/\",\"name\":\"Teile &amp; Zubeh\u00f6r - S\u00fcverkr\u00fcp Dacia\",\"isPartOf\":{\"@id\":\"https:\\\/\\\/www.sueverkruep.de\\\/dacia\\\/#website\"},\"datePublished\":\"2019-02-27T13:13:08+00:00\",\"dateModified\":\"2023-11-08T14:22:57+00:00\",\"breadcrumb\":{\"@id\":\"https:\\\/\\\/www.sueverkruep.de\\\/dacia\\\/teile-zubehoer\\\/#breadcrumb\"},\"inLanguage\":\"de\",\"potentialAction\":[{\"@type\":\"ReadAction\",\"target\":[\"https:\\\/\\\/www.sueverkruep.de\\\/dacia\\\/teile-zubehoer\\\/\"]}]},{\"@type\":\"BreadcrumbList\",\"@id\":\"https:\\\/\\\/www.sueverkruep.de\\\/dacia\\\/teile-zubehoer\\\/#breadcrumb\",\"itemListElement\":[{\"@type\":\"ListItem\",\"position\":1,\"name\":\"Startseite\",\"item\":\"https:\\\/\\\/www.sueverkruep.de\\\/dacia\\\/\"},{\"@type\":\"ListItem\",\"position\":2,\"name\":\"Teile &amp; Zubeh\u00f6r\"}]},{\"@type\":\"WebSite\",\"@id\":\"https:\\\/\\\/www.sueverkruep.de\\\/dacia\\\/#website\",\"url\":\"https:\\\/\\\/www.sueverkruep.de\\\/dacia\\\/\",\"name\":\"S\u00fcverkr\u00fcp Dacia\",\"description\":\"Ihr L\u00e4cheln. Unser Antrieb.\",\"publisher\":{\"@id\":\"https:\\\/\\\/www.sueverkruep.de\\\/dacia\\\/#organization\"},\"potentialAction\":[{\"@type\":\"SearchAction\",\"target\":{\"@type\":\"EntryPoint\",\"urlTemplate\":\"https:\\\/\\\/www.sueverkruep.de\\\/dacia\\\/?s={search_term_string}\"},\"query-input\":{\"@type\":\"PropertyValueSpecification\",\"valueRequired\":true,\"valueName\":\"search_term_string\"}}],\"inLanguage\":\"de\"},{\"@type\":\"Organization\",\"@id\":\"https:\\\/\\\/www.sueverkruep.de\\\/dacia\\\/#organization\",\"name\":\"S\u00fcverkr\u00fcp Dacia\",\"url\":\"https:\\\/\\\/www.sueverkruep.de\\\/dacia\\\/\",\"logo\":{\"@type\":\"ImageObject\",\"inLanguage\":\"de\",\"@id\":\"https:\\\/\\\/www.sueverkruep.de\\\/dacia\\\/#\\\/schema\\\/logo\\\/image\\\/\",\"url\":\"https:\\\/\\\/www.sueverkruep.de\\\/dacia\\\/wp-content\\\/uploads\\\/sites\\\/4\\\/2020\\\/12\\\/cropped-dacia_logoo.png\",\"contentUrl\":\"https:\\\/\\\/www.sueverkruep.de\\\/dacia\\\/wp-content\\\/uploads\\\/sites\\\/4\\\/2020\\\/12\\\/cropped-dacia_logoo.png\",\"width\":294,\"height\":88,\"caption\":\"S\u00fcverkr\u00fcp Dacia\"},\"image\":{\"@id\":\"https:\\\/\\\/www.sueverkruep.de\\\/dacia\\\/#\\\/schema\\\/logo\\\/image\\\/\"}}]}<\/script>\n<!-- \/ Yoast SEO plugin. -->","yoast_head_json":{"title":"Teile &amp; Zubeh\u00f6r - S\u00fcverkr\u00fcp Dacia","robots":{"index":"index","follow":"follow","max-snippet":"max-snippet:-1","max-image-preview":"max-image-preview:large","max-video-preview":"max-video-preview:-1"},"canonical":"https:\/\/www.sueverkruep.de\/dacia\/teile-zubehoer\/","og_locale":"de_DE","og_type":"article","og_title":"Teile &amp; Zubeh\u00f6r - S\u00fcverkr\u00fcp Dacia","og_url":"https:\/\/www.sueverkruep.de\/dacia\/teile-zubehoer\/","og_site_name":"S\u00fcverkr\u00fcp Dacia","article_modified_time":"2023-11-08T14:22:57+00:00","twitter_card":"summary_large_image","schema":{"@context":"https:\/\/schema.org","@graph":[{"@type":"WebPage","@id":"https:\/\/www.sueverkruep.de\/dacia\/teile-zubehoer\/","url":"https:\/\/www.sueverkruep.de\/dacia\/teile-zubehoer\/","name":"Teile &amp; Zubeh\u00f6r - S\u00fcverkr\u00fcp Dacia","isPartOf":{"@id":"https:\/\/www.sueverkruep.de\/dacia\/#website"},"datePublished":"2019-02-27T13:13:08+00:00","dateModified":"2023-11-08T14:22:57+00:00","breadcrumb":{"@id":"https:\/\/www.sueverkruep.de\/dacia\/teile-zubehoer\/#breadcrumb"},"inLanguage":"de","potentialAction":[{"@type":"ReadAction","target":["https:\/\/www.sueverkruep.de\/dacia\/teile-zubehoer\/"]}]},{"@type":"BreadcrumbList","@id":"https:\/\/www.sueverkruep.de\/dacia\/teile-zubehoer\/#breadcrumb","itemListElement":[{"@type":"ListItem","position":1,"name":"Startseite","item":"https:\/\/www.sueverkruep.de\/dacia\/"},{"@type":"ListItem","position":2,"name":"Teile &amp; Zubeh\u00f6r"}]},{"@type":"WebSite","@id":"https:\/\/www.sueverkruep.de\/dacia\/#website","url":"https:\/\/www.sueverkruep.de\/dacia\/","name":"S\u00fcverkr\u00fcp Dacia","description":"Ihr L\u00e4cheln. Unser Antrieb.","publisher":{"@id":"https:\/\/www.sueverkruep.de\/dacia\/#organization"},"potentialAction":[{"@type":"SearchAction","target":{"@type":"EntryPoint","urlTemplate":"https:\/\/www.sueverkruep.de\/dacia\/?s={search_term_string}"},"query-input":{"@type":"PropertyValueSpecification","valueRequired":true,"valueName":"search_term_string"}}],"inLanguage":"de"},{"@type":"Organization","@id":"https:\/\/www.sueverkruep.de\/dacia\/#organization","name":"S\u00fcverkr\u00fcp Dacia","url":"https:\/\/www.sueverkruep.de\/dacia\/","logo":{"@type":"ImageObject","inLanguage":"de","@id":"https:\/\/www.sueverkruep.de\/dacia\/#\/schema\/logo\/image\/","url":"https:\/\/www.sueverkruep.de\/dacia\/wp-content\/uploads\/sites\/4\/2020\/12\/cropped-dacia_logoo.png","contentUrl":"https:\/\/www.sueverkruep.de\/dacia\/wp-content\/uploads\/sites\/4\/2020\/12\/cropped-dacia_logoo.png","width":294,"height":88,"caption":"S\u00fcverkr\u00fcp Dacia"},"image":{"@id":"https:\/\/www.sueverkruep.de\/dacia\/#\/schema\/logo\/image\/"}}]}},"_links":{"self":[{"href":"https:\/\/www.sueverkruep.de\/dacia\/wp-json\/wp\/v2\/pages\/40","targetHints":{"allow":["GET"]}}],"collection":[{"href":"https:\/\/www.sueverkruep.de\/dacia\/wp-json\/wp\/v2\/pages"}],"about":[{"href":"https:\/\/www.sueverkruep.de\/dacia\/wp-json\/wp\/v2\/types\/page"}],"author":[{"embeddable":true,"href":"https:\/\/www.sueverkruep.de\/dacia\/wp-json\/wp\/v2\/users\/1"}],"replies":[{"embeddable":true,"href":"https:\/\/www.sueverkruep.de\/dacia\/wp-json\/wp\/v2\/comments?post=40"}],"version-history":[{"count":20,"href":"https:\/\/www.sueverkruep.de\/dacia\/wp-json\/wp\/v2\/pages\/40\/revisions"}],"predecessor-version":[{"id":1256,"href":"https:\/\/www.sueverkruep.de\/dacia\/wp-json\/wp\/v2\/pages\/40\/revisions\/1256"}],"wp:attachment":[{"href":"https:\/\/www.sueverkruep.de\/dacia\/wp-json\/wp\/v2\/media?parent=40"}],"curies":[{"name":"wp","href":"https:\/\/api.w.org\/{rel}","templated":true}]}}