{"id":772,"date":"2020-01-13T12:14:01","date_gmt":"2020-01-13T11:14:01","guid":{"rendered":"http:\/\/dev.sueverkruep.org\/citroen\/?page_id=772"},"modified":"2023-06-08T11:07:34","modified_gmt":"2023-06-08T09:07:34","slug":"nutzfahrzeuge","status":"publish","type":"page","link":"https:\/\/www.sueverkruep.de\/citroen\/nutzfahrzeuge\/","title":{"rendered":"Nutzfahrzeuge"},"content":{"rendered":"","protected":false},"excerpt":{"rendered":"","protected":false},"author":18,"featured_media":0,"parent":0,"menu_order":0,"comment_status":"closed","ping_status":"closed","template":"page-template\/page-flexibleContent.php","meta":{"footnotes":""},"class_list":["post-772","page","type-page","status-publish","hentry"],"acf":[],"yoast_head":"<!-- This site is optimized with the Yoast SEO plugin v27.4 - https:\/\/yoast.com\/product\/yoast-seo-wordpress\/ -->\n<title>Nutzfahrzeuge - S\u00fcverkr\u00fcp Citroen<\/title>\n<meta name=\"robots\" content=\"index, follow, max-snippet:-1, max-image-preview:large, max-video-preview:-1\" \/>\n<link rel=\"canonical\" href=\"https:\/\/www.sueverkruep.de\/citroen\/nutzfahrzeuge\/\" \/>\n<meta property=\"og:locale\" content=\"de_DE\" \/>\n<meta property=\"og:type\" content=\"article\" \/>\n<meta property=\"og:title\" content=\"Nutzfahrzeuge - S\u00fcverkr\u00fcp Citroen\" \/>\n<meta property=\"og:url\" content=\"https:\/\/www.sueverkruep.de\/citroen\/nutzfahrzeuge\/\" \/>\n<meta property=\"og:site_name\" content=\"S\u00fcverkr\u00fcp Citroen\" \/>\n<meta property=\"article:modified_time\" content=\"2023-06-08T09:07:34+00:00\" \/>\n<meta name=\"twitter:card\" content=\"summary_large_image\" \/>\n<script type=\"application\/ld+json\" class=\"yoast-schema-graph\">{\"@context\":\"https:\\\/\\\/schema.org\",\"@graph\":[{\"@type\":\"WebPage\",\"@id\":\"https:\\\/\\\/www.sueverkruep.de\\\/citroen\\\/nutzfahrzeuge\\\/\",\"url\":\"https:\\\/\\\/www.sueverkruep.de\\\/citroen\\\/nutzfahrzeuge\\\/\",\"name\":\"Nutzfahrzeuge - S\u00fcverkr\u00fcp Citroen\",\"isPartOf\":{\"@id\":\"https:\\\/\\\/www.sueverkruep.de\\\/citroen\\\/#website\"},\"datePublished\":\"2020-01-13T11:14:01+00:00\",\"dateModified\":\"2023-06-08T09:07:34+00:00\",\"breadcrumb\":{\"@id\":\"https:\\\/\\\/www.sueverkruep.de\\\/citroen\\\/nutzfahrzeuge\\\/#breadcrumb\"},\"inLanguage\":\"de\",\"potentialAction\":[{\"@type\":\"ReadAction\",\"target\":[\"https:\\\/\\\/www.sueverkruep.de\\\/citroen\\\/nutzfahrzeuge\\\/\"]}]},{\"@type\":\"BreadcrumbList\",\"@id\":\"https:\\\/\\\/www.sueverkruep.de\\\/citroen\\\/nutzfahrzeuge\\\/#breadcrumb\",\"itemListElement\":[{\"@type\":\"ListItem\",\"position\":1,\"name\":\"Startseite\",\"item\":\"https:\\\/\\\/www.sueverkruep.de\\\/citroen\\\/\"},{\"@type\":\"ListItem\",\"position\":2,\"name\":\"Nutzfahrzeuge\"}]},{\"@type\":\"WebSite\",\"@id\":\"https:\\\/\\\/www.sueverkruep.de\\\/citroen\\\/#website\",\"url\":\"https:\\\/\\\/www.sueverkruep.de\\\/citroen\\\/\",\"name\":\"S\u00fcverkr\u00fcp Citroen\",\"description\":\"Ihr L\u00e4cheln. Unser Antrieb.\",\"publisher\":{\"@id\":\"https:\\\/\\\/www.sueverkruep.de\\\/citroen\\\/#organization\"},\"potentialAction\":[{\"@type\":\"SearchAction\",\"target\":{\"@type\":\"EntryPoint\",\"urlTemplate\":\"https:\\\/\\\/www.sueverkruep.de\\\/citroen\\\/?s={search_term_string}\"},\"query-input\":{\"@type\":\"PropertyValueSpecification\",\"valueRequired\":true,\"valueName\":\"search_term_string\"}}],\"inLanguage\":\"de\"},{\"@type\":\"Organization\",\"@id\":\"https:\\\/\\\/www.sueverkruep.de\\\/citroen\\\/#organization\",\"name\":\"S\u00fcverkr\u00fcp Citroen\",\"url\":\"https:\\\/\\\/www.sueverkruep.de\\\/citroen\\\/\",\"logo\":{\"@type\":\"ImageObject\",\"inLanguage\":\"de\",\"@id\":\"https:\\\/\\\/www.sueverkruep.de\\\/citroen\\\/#\\\/schema\\\/logo\\\/image\\\/\",\"url\":\"https:\\\/\\\/www.sueverkruep.de\\\/citroen\\\/wp-content\\\/uploads\\\/sites\\\/6\\\/2020\\\/12\\\/cropped-citroen_logoo.png\",\"contentUrl\":\"https:\\\/\\\/www.sueverkruep.de\\\/citroen\\\/wp-content\\\/uploads\\\/sites\\\/6\\\/2020\\\/12\\\/cropped-citroen_logoo.png\",\"width\":294,\"height\":88,\"caption\":\"S\u00fcverkr\u00fcp Citroen\"},\"image\":{\"@id\":\"https:\\\/\\\/www.sueverkruep.de\\\/citroen\\\/#\\\/schema\\\/logo\\\/image\\\/\"}}]}<\/script>\n<!-- \/ Yoast SEO plugin. -->","yoast_head_json":{"title":"Nutzfahrzeuge - S\u00fcverkr\u00fcp Citroen","robots":{"index":"index","follow":"follow","max-snippet":"max-snippet:-1","max-image-preview":"max-image-preview:large","max-video-preview":"max-video-preview:-1"},"canonical":"https:\/\/www.sueverkruep.de\/citroen\/nutzfahrzeuge\/","og_locale":"de_DE","og_type":"article","og_title":"Nutzfahrzeuge - S\u00fcverkr\u00fcp Citroen","og_url":"https:\/\/www.sueverkruep.de\/citroen\/nutzfahrzeuge\/","og_site_name":"S\u00fcverkr\u00fcp Citroen","article_modified_time":"2023-06-08T09:07:34+00:00","twitter_card":"summary_large_image","schema":{"@context":"https:\/\/schema.org","@graph":[{"@type":"WebPage","@id":"https:\/\/www.sueverkruep.de\/citroen\/nutzfahrzeuge\/","url":"https:\/\/www.sueverkruep.de\/citroen\/nutzfahrzeuge\/","name":"Nutzfahrzeuge - S\u00fcverkr\u00fcp Citroen","isPartOf":{"@id":"https:\/\/www.sueverkruep.de\/citroen\/#website"},"datePublished":"2020-01-13T11:14:01+00:00","dateModified":"2023-06-08T09:07:34+00:00","breadcrumb":{"@id":"https:\/\/www.sueverkruep.de\/citroen\/nutzfahrzeuge\/#breadcrumb"},"inLanguage":"de","potentialAction":[{"@type":"ReadAction","target":["https:\/\/www.sueverkruep.de\/citroen\/nutzfahrzeuge\/"]}]},{"@type":"BreadcrumbList","@id":"https:\/\/www.sueverkruep.de\/citroen\/nutzfahrzeuge\/#breadcrumb","itemListElement":[{"@type":"ListItem","position":1,"name":"Startseite","item":"https:\/\/www.sueverkruep.de\/citroen\/"},{"@type":"ListItem","position":2,"name":"Nutzfahrzeuge"}]},{"@type":"WebSite","@id":"https:\/\/www.sueverkruep.de\/citroen\/#website","url":"https:\/\/www.sueverkruep.de\/citroen\/","name":"S\u00fcverkr\u00fcp Citroen","description":"Ihr L\u00e4cheln. Unser Antrieb.","publisher":{"@id":"https:\/\/www.sueverkruep.de\/citroen\/#organization"},"potentialAction":[{"@type":"SearchAction","target":{"@type":"EntryPoint","urlTemplate":"https:\/\/www.sueverkruep.de\/citroen\/?s={search_term_string}"},"query-input":{"@type":"PropertyValueSpecification","valueRequired":true,"valueName":"search_term_string"}}],"inLanguage":"de"},{"@type":"Organization","@id":"https:\/\/www.sueverkruep.de\/citroen\/#organization","name":"S\u00fcverkr\u00fcp Citroen","url":"https:\/\/www.sueverkruep.de\/citroen\/","logo":{"@type":"ImageObject","inLanguage":"de","@id":"https:\/\/www.sueverkruep.de\/citroen\/#\/schema\/logo\/image\/","url":"https:\/\/www.sueverkruep.de\/citroen\/wp-content\/uploads\/sites\/6\/2020\/12\/cropped-citroen_logoo.png","contentUrl":"https:\/\/www.sueverkruep.de\/citroen\/wp-content\/uploads\/sites\/6\/2020\/12\/cropped-citroen_logoo.png","width":294,"height":88,"caption":"S\u00fcverkr\u00fcp Citroen"},"image":{"@id":"https:\/\/www.sueverkruep.de\/citroen\/#\/schema\/logo\/image\/"}}]}},"_links":{"self":[{"href":"https:\/\/www.sueverkruep.de\/citroen\/wp-json\/wp\/v2\/pages\/772","targetHints":{"allow":["GET"]}}],"collection":[{"href":"https:\/\/www.sueverkruep.de\/citroen\/wp-json\/wp\/v2\/pages"}],"about":[{"href":"https:\/\/www.sueverkruep.de\/citroen\/wp-json\/wp\/v2\/types\/page"}],"author":[{"embeddable":true,"href":"https:\/\/www.sueverkruep.de\/citroen\/wp-json\/wp\/v2\/users\/18"}],"replies":[{"embeddable":true,"href":"https:\/\/www.sueverkruep.de\/citroen\/wp-json\/wp\/v2\/comments?post=772"}],"version-history":[{"count":10,"href":"https:\/\/www.sueverkruep.de\/citroen\/wp-json\/wp\/v2\/pages\/772\/revisions"}],"predecessor-version":[{"id":1261,"href":"https:\/\/www.sueverkruep.de\/citroen\/wp-json\/wp\/v2\/pages\/772\/revisions\/1261"}],"wp:attachment":[{"href":"https:\/\/www.sueverkruep.de\/citroen\/wp-json\/wp\/v2\/media?parent=772"}],"curies":[{"name":"wp","href":"https:\/\/api.w.org\/{rel}","templated":true}]}}